{"id":40575,"date":"2023-02-11T15:18:06","date_gmt":"2023-02-11T14:18:06","guid":{"rendered":"https:\/\/baturina-homewear.com\/product\/herren-bademantel-marineblau-baumwolle-waffel-pique\/"},"modified":"2024-11-25T18:24:34","modified_gmt":"2024-11-25T17:24:34","slug":"herren-bademantel-navy-blau-baumwoll-waffel-pique","status":"publish","type":"product","link":"https:\/\/baturina-homewear.com\/de\/produkt\/herren-bademantel-navy-blau-baumwoll-waffel-pique\/","title":{"rendered":"Herren Bademantel Marineblau Baumwolle Waffel Piqu\u00e9"},"content":{"rendered":"<p>Unsere Badem\u00e4ntel sind aus wasserabsorbierenden, schnell trocknenden Stoffen gefertigt und f\u00fcr Komfort und m\u00fchelosen Stil Design. Dieser Bademantel ist aus einer herrlich leichten Waffelpiqu\u00e9-Baumwolle in einem eleganten Dunkelblau gefertigt. Es ist mit einem eingewebten Wabenmuster versehen, das ein kariertes Aussehen erzeugt. Kragen, Tasche und Manschetten sind mit wei\u00df und dunkelblau gestreiften Kordelpaspeln versehen. Er ist so bequem, dass man ihn gar nicht mehr ausziehen m\u00f6chte! Unsere Badem\u00e4ntel sind \u00e4hnlich wie unsere anderen Morgenm\u00e4ntel, und Sie k\u00f6nnen sie sogar tags\u00fcber tragen. Einfach mit dem langen G\u00fcrtel befestigen.<\/p>\n<ul>\n<li>Schalkragen<\/li>\n<li>eine Brusttasche und zwei tiefe Seitentaschen<\/li>\n<li>verstellbare Umschlagmanschetten<\/li>\n<li>ungef\u00fcttert<\/li>\n<li>bequeme, lockere Passform<\/li>\n<li>diskrete Aufh\u00e4ngeschlaufe auf der R\u00fcckseite<\/li>\n<li>lange G\u00fcrtel<\/li>\n<\/ul>\n<p>Material und Pflege: 100% Baumwolle. Maschinenw\u00e4sche bei 30\u00b0C, nicht im Trockner trocknen, bei niedriger Hitze b\u00fcgeln.<\/p>\n","protected":false},"excerpt":{"rendered":"<p>Unsere Badem\u00e4ntel sind aus wasserabsorbierenden, schnell trocknenden Stoffen gefertigt und f\u00fcr Komfort und m\u00fchelosen Stil Design. Dieser Bademantel ist aus<\/p>\n","protected":false},"featured_media":40560,"comment_status":"open","ping_status":"closed","template":"","meta":[],"product_brand":[],"product_cat":[662],"product_tag":[768],"class_list":{"0":"post-40575","1":"product","2":"type-product","3":"status-publish","4":"has-post-thumbnail","6":"product_cat-bademantel","7":"product_tag-monogram-de","8":"pa_color-blau","9":"pa_color-swatch-marineblau","10":"pa_fabric-content-cotton-de","11":"pa_fabric-weave-type-waffel-pique","12":"pa_fabric-weight-lightweight-de","13":"pa_pattern-einfarbig","14":"pa_size-2xl-de","15":"pa_size-3xl-de","16":"pa_size-4xl-de","17":"pa_size-5xl-de","18":"pa_size-l-de","19":"pa_size-m-de","20":"pa_size-massanfertigung","21":"pa_size-s-de","22":"pa_size-xl-de","23":"pa_size-xs-de","25":"first","26":"outofstock","27":"taxable","28":"shipping-taxable","29":"purchasable","30":"product-type-simple"},"_links":{"self":[{"href":"https:\/\/baturina-homewear.com\/de\/wp-json\/wp\/v2\/product\/40575","targetHints":{"allow":["GET"]}}],"collection":[{"href":"https:\/\/baturina-homewear.com\/de\/wp-json\/wp\/v2\/product"}],"about":[{"href":"https:\/\/baturina-homewear.com\/de\/wp-json\/wp\/v2\/types\/product"}],"replies":[{"embeddable":true,"href":"https:\/\/baturina-homewear.com\/de\/wp-json\/wp\/v2\/comments?post=40575"}],"version-history":[{"count":2,"href":"https:\/\/baturina-homewear.com\/de\/wp-json\/wp\/v2\/product\/40575\/revisions"}],"predecessor-version":[{"id":63526,"href":"https:\/\/baturina-homewear.com\/de\/wp-json\/wp\/v2\/product\/40575\/revisions\/63526"}],"wp:featuredmedia":[{"embeddable":true,"href":"https:\/\/baturina-homewear.com\/de\/wp-json\/wp\/v2\/media\/40560"}],"wp:attachment":[{"href":"https:\/\/baturina-homewear.com\/de\/wp-json\/wp\/v2\/media?parent=40575"}],"wp:term":[{"taxonomy":"product_brand","embeddable":true,"href":"https:\/\/baturina-homewear.com\/de\/wp-json\/wp\/v2\/product_brand?post=40575"},{"taxonomy":"product_cat","embeddable":true,"href":"https:\/\/baturina-homewear.com\/de\/wp-json\/wp\/v2\/product_cat?post=40575"},{"taxonomy":"product_tag","embeddable":true,"href":"https:\/\/baturina-homewear.com\/de\/wp-json\/wp\/v2\/product_tag?post=40575"}],"curies":[{"name":"wp","href":"https:\/\/api.w.org\/{rel}","templated":true}]}}