{"id":40769,"date":"2023-02-17T10:04:25","date_gmt":"2023-02-17T09:04:25","guid":{"rendered":"https:\/\/baturina-homewear.com\/product\/herren-hausmantel-baumwolle-jacquard-gebluemt-samt-weinrot-dunkelblau\/"},"modified":"2024-11-25T11:26:17","modified_gmt":"2024-11-25T10:26:17","slug":"herren-hausmantel-burgundy-navy-floral-baumwollsamt","status":"publish","type":"product","link":"https:\/\/baturina-homewear.com\/de\/produkt\/herren-hausmantel-burgundy-navy-floral-baumwollsamt\/","title":{"rendered":"Herren Hausmantel Baumwolle Jacquard Gebl\u00fcmt Samt Weinrot Dunkelblau"},"content":{"rendered":"<p>Investieren Sie in Ihren pers\u00f6nlichen Stil und Komfort mit diesem Morgenmantel aus Baumwolle und Samt im Vintage-Stil. Das Farbschema umfasst Schattierungen von Dunkelblau, Weinrot, Grau und Wei\u00df. Das Design wird mit einem schlichten, weichen Samtbesatz in Burgunderrot geliefert. Der Hauptstoff ist eine schwere und warme Baumwolle, die \u00fcber und \u00fcber mit einem eleganten, eingewebten Design versehen ist. Es ist vollst\u00e4ndig mit dunkelgrauem Satin gef\u00fcttert. Einfach mit dem langen G\u00fcrtel zu schlie\u00dfen. Wenn Sie Ihre private Hauskleidung aufwerten m\u00f6chten, sind Sie bei Baturina Homewear genau richtig. Entspannen Sie sich zu Hause, empfangen Sie G\u00e4ste und nutzen Sie Ihre Freizeit mit Stil und Klasse. Dieser mittelwarme Morgenmantel ist weder zu leicht noch zu schwer &#8211; perfekt f\u00fcr ganzj\u00e4hrigen Komfort und Stil. Alle unsere Designs werden individuell auf Bestellung in unserem Atelier hergestellt und sind das Ergebnis stundenlanger handwerklicher Arbeit. Genie\u00dfen Sie Komfort und Stil in unseren Morgenmantel, Pyjama-Sets und Accessoires, hergestellt in Hamburg, Deutschland.<\/p>\n<ul>\n<li>Schalkragen<\/li>\n<li>Brusttasche<\/li>\n<li>zwei tiefe Seitentaschen<\/li>\n<li>verstellbare Umschlagmanschetten<\/li>\n<li>bequeme, lockere Passform<\/li>\n<li>diskrete Aufh\u00e4ngeschlaufe auf der R\u00fcckseite<\/li>\n<li>lange G\u00fcrtel<\/li>\n<\/ul>\n<p>Material und Pflege: \u00c4u\u00dferes: 100% Baumwolle. Innen: 60% Polyester, 40% Viskose. Separat waschen, 30\u00b0 C, nicht im Trockner trocknen, bei niedriger Hitze b\u00fcgeln.<\/p>\n","protected":false},"excerpt":{"rendered":"<p>Investieren Sie in Ihren pers\u00f6nlichen Stil und Komfort mit diesem Morgenmantel aus Baumwolle und Samt im Vintage-Stil. Das Farbschema umfasst<\/p>\n","protected":false},"featured_media":40724,"comment_status":"open","ping_status":"closed","template":"","meta":[],"product_brand":[],"product_cat":[463],"product_tag":[464],"class_list":{"0":"post-40769","1":"product","2":"type-product","3":"status-publish","4":"has-post-thumbnail","6":"product_cat-herren-hausmantel","7":"product_tag-custom-size-de","8":"pa_color-blau","9":"pa_color-rot","10":"pa_color-swatch-weinrot","11":"pa_fabric-content-cotton-de","12":"pa_fabric-weave-type-jacquard-de","13":"pa_fabric-weave-type-samt","14":"pa_fabric-weight-schwer-und-warm","15":"pa_pattern-blumen","16":"pa_size-2xl-de","17":"pa_size-3xl-de","18":"pa_size-4xl-de","19":"pa_size-5xl-de","20":"pa_size-l-de","21":"pa_size-m-de","22":"pa_size-massanfertigung","23":"pa_size-s-de","24":"pa_size-xl-de","25":"pa_size-xs-de","27":"first","28":"outofstock","29":"taxable","30":"shipping-taxable","31":"purchasable","32":"product-type-simple"},"_links":{"self":[{"href":"https:\/\/baturina-homewear.com\/de\/wp-json\/wp\/v2\/product\/40769","targetHints":{"allow":["GET"]}}],"collection":[{"href":"https:\/\/baturina-homewear.com\/de\/wp-json\/wp\/v2\/product"}],"about":[{"href":"https:\/\/baturina-homewear.com\/de\/wp-json\/wp\/v2\/types\/product"}],"replies":[{"embeddable":true,"href":"https:\/\/baturina-homewear.com\/de\/wp-json\/wp\/v2\/comments?post=40769"}],"version-history":[{"count":2,"href":"https:\/\/baturina-homewear.com\/de\/wp-json\/wp\/v2\/product\/40769\/revisions"}],"predecessor-version":[{"id":63247,"href":"https:\/\/baturina-homewear.com\/de\/wp-json\/wp\/v2\/product\/40769\/revisions\/63247"}],"wp:featuredmedia":[{"embeddable":true,"href":"https:\/\/baturina-homewear.com\/de\/wp-json\/wp\/v2\/media\/40724"}],"wp:attachment":[{"href":"https:\/\/baturina-homewear.com\/de\/wp-json\/wp\/v2\/media?parent=40769"}],"wp:term":[{"taxonomy":"product_brand","embeddable":true,"href":"https:\/\/baturina-homewear.com\/de\/wp-json\/wp\/v2\/product_brand?post=40769"},{"taxonomy":"product_cat","embeddable":true,"href":"https:\/\/baturina-homewear.com\/de\/wp-json\/wp\/v2\/product_cat?post=40769"},{"taxonomy":"product_tag","embeddable":true,"href":"https:\/\/baturina-homewear.com\/de\/wp-json\/wp\/v2\/product_tag?post=40769"}],"curies":[{"name":"wp","href":"https:\/\/api.w.org\/{rel}","templated":true}]}}