{"id":41125,"date":"2023-02-23T20:54:48","date_gmt":"2023-02-23T19:54:48","guid":{"rendered":"https:\/\/baturina-homewear.com\/product\/herren-hausmantel-dunkelbraun-jacquard-satin-schwarz\/"},"modified":"2025-12-01T19:26:03","modified_gmt":"2025-12-01T18:26:03","slug":"herren-hausmantel-braun-jacquard-schwarz-satin","status":"publish","type":"product","link":"https:\/\/baturina-homewear.com\/de\/produkt\/herren-hausmantel-braun-jacquard-schwarz-satin\/","title":{"rendered":"Herren Hausmantel Dunkelbraun Jacquard Satin Schwarz"},"content":{"rendered":"<p>Es gibt mehrere Gr\u00fcnde, warum Sie sich f\u00fcr einen Morgenmantel entscheiden sollten: Komfort, Bequemlichkeit, Privatsph\u00e4re und Stil. Bei Baturina Homewear werden unsere Morgenm\u00e4ntel und Pyjamas unter Ber\u00fccksichtigung all dieser Aspekte entworfen. Investieren Sie in Ihren pers\u00f6nlichen Stil und Komfort mit diesem Morgenmantel im Vintage-Stil, der aus wundersch\u00f6ner, dunkelbrauner Baumwolle mit Silberdruck gefertigt ist. Der Hauptstoff ist eine leichte, aber dicke Baumwollqualit\u00e4t, die mit einem eleganten Design gemustert ist. Er verf\u00fcgt \u00fcber elegante Kontrastdetails in Schwarz an Kragen und Manschetten, und seine Innenseite ist in einem atemberaubenden Burgunderrot gehalten. Einfach mit dem langen G\u00fcrtel befestigen. Wir wissen, wie wertvoll Ihre Freizeit ist, und unsere Morgenm\u00e4ntel erm\u00f6glichen es Ihnen, am fr\u00fchen Morgen oder am sp\u00e4ten Abend zu entspannen. Mit unseren klassischen Hausm\u00e4nteln im Vintage-Stil machen Sie das Beste aus Ihrer Zeit zu Hause oder im Urlaub.<\/p>\n<ul>\n<li>Schalkragen<\/li>\n<li>ungef\u00fcttert<\/li>\n<li>zwei tiefe Seitentaschen<\/li>\n<li>verstellbare Umschlagmanschetten<\/li>\n<li>bequeme, lockere Passform<\/li>\n<li>diskrete Aufh\u00e4ngeschlaufe auf der R\u00fcckseite<\/li>\n<li>langer G\u00fcrtel<\/li>\n<li>L\u00e4nge 125 cm (49 3\/16 in)<\/li>\n<li>Gewicht einer Gr\u00f6\u00dfe Medium: 0,7 kg<\/li>\n<\/ul>\n<p>Material und Pflege: \u00c4u\u00dferes: 60% Baumwolle, 40% Polyester. Separat waschen, 30\u00b0 C, nicht im Trockner trocknen, bei niedriger Hitze b\u00fcgeln.<\/p>\n","protected":false},"excerpt":{"rendered":"<p>Es gibt mehrere Gr\u00fcnde, warum Sie sich f\u00fcr einen Morgenmantel entscheiden sollten: Komfort, Bequemlichkeit, Privatsph\u00e4re und Stil. Bei Baturina Homewear<\/p>\n","protected":false},"featured_media":41092,"comment_status":"open","ping_status":"closed","template":"","meta":[],"product_brand":[],"product_cat":[463,491,899],"product_tag":[464,768],"class_list":{"0":"post-41125","1":"product","2":"type-product","3":"status-publish","4":"has-post-thumbnail","6":"product_cat-herren-hausmantel","7":"product_cat-morgenmaentel","8":"product_cat-limited-edition-de","9":"product_tag-custom-size-de","10":"product_tag-monogram-de","11":"product_shipping_class-auf-bestellung","12":"pa_color-rot","13":"pa_color-swatch-dunkelbraun","14":"pa_fabric-content-cotton-de","15":"pa_fabric-weave-type-jacquard-de","16":"pa_fabric-weight-lightweight-de","17":"pa_pattern-abstrakt","18":"pa_size-2xl-de","19":"pa_size-3xl-de","20":"pa_size-4xl-de","21":"pa_size-5xl-de","22":"pa_size-l-de","23":"pa_size-m-de","24":"pa_size-massanfertigung","25":"pa_size-s-de","26":"pa_size-xl-de","27":"pa_size-xs-de","29":"first","30":"instock","31":"taxable","32":"shipping-taxable","33":"purchasable","34":"product-type-simple"},"_links":{"self":[{"href":"https:\/\/baturina-homewear.com\/de\/wp-json\/wp\/v2\/product\/41125","targetHints":{"allow":["GET"]}}],"collection":[{"href":"https:\/\/baturina-homewear.com\/de\/wp-json\/wp\/v2\/product"}],"about":[{"href":"https:\/\/baturina-homewear.com\/de\/wp-json\/wp\/v2\/types\/product"}],"replies":[{"embeddable":true,"href":"https:\/\/baturina-homewear.com\/de\/wp-json\/wp\/v2\/comments?post=41125"}],"version-history":[{"count":3,"href":"https:\/\/baturina-homewear.com\/de\/wp-json\/wp\/v2\/product\/41125\/revisions"}],"predecessor-version":[{"id":74994,"href":"https:\/\/baturina-homewear.com\/de\/wp-json\/wp\/v2\/product\/41125\/revisions\/74994"}],"wp:featuredmedia":[{"embeddable":true,"href":"https:\/\/baturina-homewear.com\/de\/wp-json\/wp\/v2\/media\/41092"}],"wp:attachment":[{"href":"https:\/\/baturina-homewear.com\/de\/wp-json\/wp\/v2\/media?parent=41125"}],"wp:term":[{"taxonomy":"product_brand","embeddable":true,"href":"https:\/\/baturina-homewear.com\/de\/wp-json\/wp\/v2\/product_brand?post=41125"},{"taxonomy":"product_cat","embeddable":true,"href":"https:\/\/baturina-homewear.com\/de\/wp-json\/wp\/v2\/product_cat?post=41125"},{"taxonomy":"product_tag","embeddable":true,"href":"https:\/\/baturina-homewear.com\/de\/wp-json\/wp\/v2\/product_tag?post=41125"}],"curies":[{"name":"wp","href":"https:\/\/api.w.org\/{rel}","templated":true}]}}