{"id":41685,"date":"2023-03-19T14:07:32","date_gmt":"2023-03-19T13:07:32","guid":{"rendered":"https:\/\/baturina-homewear.com\/product\/herren-hausmantel-anthrazit-grau-gebluemt-samt\/"},"modified":"2024-11-25T11:26:17","modified_gmt":"2024-11-25T10:26:17","slug":"herren-hausmantel-anthrazit-floral-velvet","status":"publish","type":"product","link":"https:\/\/baturina-homewear.com\/de\/produkt\/herren-hausmantel-anthrazit-floral-velvet\/","title":{"rendered":"Herren Hausmantel Anthrazit Floral Samt"},"content":{"rendered":"<p>Es gibt mehrere Gr\u00fcnde, warum Sie sich f\u00fcr einen Morgenmantel entscheiden sollten: Komfort, Bequemlichkeit, Privatsph\u00e4re und Stil. Bei Baturina Homewear werden unsere Morgenm\u00e4ntel und Pyjama unter Ber\u00fccksichtigung all dieser Aspekte entworfen. Investieren Sie in Ihren pers\u00f6nlichen Stil und Komfort mit diesem warmen Morgenmantel aus dickem und schwerem Samt. Die Farbgebung ist in einem wundersch\u00f6nen Anthrazitgrau gehalten, das einen angenehmen Blaustich aufweist. Kragen, Manschetten und Taschen sind mit einem floralen Jacquardmuster mit grauen Ornamenten auf sandfarbenem Grund verziert. Das gesamte Futter ist aus einem extrem glatten grauen Satin. Einfach mit der langen Sch\u00e4rpe mit Quasten befestigen. Insgesamt ist dieser Morgenmantel warm und extrem weich, was ihn zu einem wirklich luxuri\u00f6sen Kleidungsst\u00fcck macht, das man auch in k\u00e4lteren Jahreszeiten zu Hause tragen kann. Wir wissen, wie wertvoll Ihre Freizeit ist, und unsere Morgenm\u00e4ntel erm\u00f6glichen es Ihnen, am fr\u00fchen Morgen oder am sp\u00e4ten Abend zu entspannen. Machen Sie das Beste aus Ihrer Zeit zu Hause oder im Urlaub in unseren klassischen Hausm\u00e4nteln.<\/p>\n<ul>\n<li>Schalkragen<\/li>\n<li>voll gef\u00fcttert<\/li>\n<li>zwei tiefe Seitentaschen<\/li>\n<li>verstellbare Umschlagmanschetten<\/li>\n<li>bequeme, lockere Passform<\/li>\n<li>diskrete Aufh\u00e4ngeschlaufe auf der R\u00fcckseite<\/li>\n<li>lange G\u00fcrtel<\/li>\n<li>Gewicht einer Gr\u00f6\u00dfe Medium: 2 kg<\/li>\n<\/ul>\n<p>Material und Pflege: \u00c4u\u00dferes: 60% Baumwolle, 40% Polyester. Separat waschen, 30\u00b0 C, nicht im Trockner trocknen, bei niedriger Hitze b\u00fcgeln.<\/p>\n","protected":false},"excerpt":{"rendered":"<p>Es gibt mehrere Gr\u00fcnde, warum Sie sich f\u00fcr einen Morgenmantel entscheiden sollten: Komfort, Bequemlichkeit, Privatsph\u00e4re und Stil. Bei Baturina Homewear<\/p>\n","protected":false},"featured_media":41636,"comment_status":"open","ping_status":"closed","template":"","meta":[],"product_brand":[],"product_cat":[463],"product_tag":[464],"class_list":{"0":"post-41685","1":"product","2":"type-product","3":"status-publish","4":"has-post-thumbnail","6":"product_cat-herren-hausmantel","7":"product_tag-custom-size-de","8":"pa_color-silber-grau","9":"pa_color-swatch-grau","10":"pa_fabric-weave-type-jacquard-de","11":"pa_fabric-weave-type-samt","12":"pa_fabric-weight-schwer-und-warm","13":"pa_pattern-einfarbig","14":"pa_pattern-blumen","15":"pa_size-m-de","17":"first","18":"outofstock","19":"taxable","20":"shipping-taxable","21":"purchasable","22":"product-type-simple"},"_links":{"self":[{"href":"https:\/\/baturina-homewear.com\/de\/wp-json\/wp\/v2\/product\/41685","targetHints":{"allow":["GET"]}}],"collection":[{"href":"https:\/\/baturina-homewear.com\/de\/wp-json\/wp\/v2\/product"}],"about":[{"href":"https:\/\/baturina-homewear.com\/de\/wp-json\/wp\/v2\/types\/product"}],"replies":[{"embeddable":true,"href":"https:\/\/baturina-homewear.com\/de\/wp-json\/wp\/v2\/comments?post=41685"}],"version-history":[{"count":3,"href":"https:\/\/baturina-homewear.com\/de\/wp-json\/wp\/v2\/product\/41685\/revisions"}],"predecessor-version":[{"id":52183,"href":"https:\/\/baturina-homewear.com\/de\/wp-json\/wp\/v2\/product\/41685\/revisions\/52183"}],"wp:featuredmedia":[{"embeddable":true,"href":"https:\/\/baturina-homewear.com\/de\/wp-json\/wp\/v2\/media\/41636"}],"wp:attachment":[{"href":"https:\/\/baturina-homewear.com\/de\/wp-json\/wp\/v2\/media?parent=41685"}],"wp:term":[{"taxonomy":"product_brand","embeddable":true,"href":"https:\/\/baturina-homewear.com\/de\/wp-json\/wp\/v2\/product_brand?post=41685"},{"taxonomy":"product_cat","embeddable":true,"href":"https:\/\/baturina-homewear.com\/de\/wp-json\/wp\/v2\/product_cat?post=41685"},{"taxonomy":"product_tag","embeddable":true,"href":"https:\/\/baturina-homewear.com\/de\/wp-json\/wp\/v2\/product_tag?post=41685"}],"curies":[{"name":"wp","href":"https:\/\/api.w.org\/{rel}","templated":true}]}}