{"id":42132,"date":"2023-03-24T20:04:32","date_gmt":"2023-03-24T19:04:32","guid":{"rendered":"https:\/\/baturina-homewear.com\/product\/herren-smoking-cap-tuerkis-gepunktet-baumwolle\/"},"modified":"2026-03-14T14:34:35","modified_gmt":"2026-03-14T13:34:35","slug":"herren-smoking-cap-tuerkis-blau-baumwolle","status":"publish","type":"product","link":"https:\/\/baturina-homewear.com\/de\/produkt\/herren-smoking-cap-tuerkis-blau-baumwolle\/","title":{"rendered":"Herren Smoking Cap Teal Dots Baumwolle"},"content":{"rendered":"<p>Eine Raucherm\u00fctze ist eine Kopfbedeckung, die im 19. und fr\u00fchen 20. Jahrhundert sehr beliebt war. Sie wurde typischerweise von M\u00e4nnern beim Rauchen von Tabakspfeifen oder Zigarren getragen und war so designt, dass sie den Kopf warm hielt und gleichzeitig den Rauch absorbierte und verhinderte, dass Haare und Kleidung nach Tabak rochen. Sie wurden oft als Teil der Abendgarderobe eines Gentleman getragen und galten als Symbol f\u00fcr Kultiviertheit und Luxus. Heute sind Smoking Caps nicht mehr so verbreitet wie fr\u00fcher, aber sie sind immer noch im Fachhandel erh\u00e4ltlich und werden manchmal bei historischen Nachstellungen oder Kost\u00fcmveranstaltungen getragen. Bei Baturina Homewear finden Sie eine gro\u00dfe Auswahl an Smoking Caps, die aus einer Vielzahl von Stoffen hergestellt werden. Sie sind ein tolles Accessoire zum Entspannen, ein Sammlerst\u00fcck oder ein einzigartiges Geschenk.   <\/p>\n<ul>\n<li>100% Baumwolle<\/li>\n<li>Futter aus Baumwolle, dunkelgrau gef\u00fcttert<\/li>\n<li>mit Quasten<\/li>\n<li>H\u00f6he der Kappe: 10 cm<\/li>\n<li>professionelle chemische Reinigung<\/li>\n<\/ul>\n","protected":false},"excerpt":{"rendered":"<p>Eine Raucherm\u00fctze ist eine Kopfbedeckung, die im 19. und fr\u00fchen 20. Jahrhundert sehr beliebt war. Sie wurde typischerweise von M\u00e4nnern<\/p>\n","protected":false},"featured_media":42001,"comment_status":"open","ping_status":"closed","template":"","meta":[],"product_brand":[],"product_cat":[490,555],"product_tag":[],"class_list":{"0":"post-42132","1":"product","2":"type-product","3":"status-publish","4":"has-post-thumbnail","6":"product_cat-smoking-caps-de","7":"product_cat-accessoires","8":"product_shipping_class-small-de","9":"pa_color-turkis","10":"pa_color-swatch-turkis","11":"pa_fabric-content-cotton-de","12":"pa_fabric-weave-type-jacquard-de","13":"pa_fabric-weight-regular-de","14":"pa_pattern-abstrakt","16":"first","17":"instock","18":"taxable","19":"shipping-taxable","20":"purchasable","21":"product-type-variable"},"_links":{"self":[{"href":"https:\/\/baturina-homewear.com\/de\/wp-json\/wp\/v2\/product\/42132","targetHints":{"allow":["GET"]}}],"collection":[{"href":"https:\/\/baturina-homewear.com\/de\/wp-json\/wp\/v2\/product"}],"about":[{"href":"https:\/\/baturina-homewear.com\/de\/wp-json\/wp\/v2\/types\/product"}],"replies":[{"embeddable":true,"href":"https:\/\/baturina-homewear.com\/de\/wp-json\/wp\/v2\/comments?post=42132"}],"version-history":[{"count":8,"href":"https:\/\/baturina-homewear.com\/de\/wp-json\/wp\/v2\/product\/42132\/revisions"}],"predecessor-version":[{"id":80074,"href":"https:\/\/baturina-homewear.com\/de\/wp-json\/wp\/v2\/product\/42132\/revisions\/80074"}],"wp:featuredmedia":[{"embeddable":true,"href":"https:\/\/baturina-homewear.com\/de\/wp-json\/wp\/v2\/media\/42001"}],"wp:attachment":[{"href":"https:\/\/baturina-homewear.com\/de\/wp-json\/wp\/v2\/media?parent=42132"}],"wp:term":[{"taxonomy":"product_brand","embeddable":true,"href":"https:\/\/baturina-homewear.com\/de\/wp-json\/wp\/v2\/product_brand?post=42132"},{"taxonomy":"product_cat","embeddable":true,"href":"https:\/\/baturina-homewear.com\/de\/wp-json\/wp\/v2\/product_cat?post=42132"},{"taxonomy":"product_tag","embeddable":true,"href":"https:\/\/baturina-homewear.com\/de\/wp-json\/wp\/v2\/product_tag?post=42132"}],"curies":[{"name":"wp","href":"https:\/\/api.w.org\/{rel}","templated":true}]}}