{"id":42148,"date":"2023-03-24T19:41:28","date_gmt":"2023-03-24T18:41:28","guid":{"rendered":"https:\/\/baturina-homewear.com\/product\/schlafmaske-tuerkis-gepunktet-baumwolle\/"},"modified":"2025-07-23T15:16:29","modified_gmt":"2025-07-23T13:16:29","slug":"schlafmaske-tuerkis-blau-baumwolle-gepunktet","status":"publish","type":"product","link":"https:\/\/baturina-homewear.com\/de\/produkt\/schlafmaske-tuerkis-blau-baumwolle-gepunktet\/","title":{"rendered":"Augenmaske zum Schlafen T\u00fcrkis gepunktet"},"content":{"rendered":"<p>Unsere Schlafmasken sind perfekt f\u00fcr ein kurzes Nickerchen und eine erholsame Nachtruhe. Diese luxuri\u00f6se Schlafmaske ist aus einem atemberaubenden Jacquard-Stoff aus unserer Kollektion gefertigt. Es ist mit einem eingewebten Punktemuster in einem blauen Farbton mit dezenten Silber- und Lila-Nuancen versehen. Es ist v\u00f6llig blickdicht und die Innenseite besteht aus weicher Baumwolle. Sie hat ein elastisches Band, das f\u00fcr einen sicheren Sitz um den Kopf sorgt. In unserem Shop finden Sie den passenden Morgenmantel, Pyjama und Smoking Cap, um das Outfit zu komplettieren.<\/p>\n<p>Materialien und Pflege: Au\u00dfen: 60% Polyester, 40% Viskose, Innen: 100% Baumwolle. Separate Maschinenw\u00e4sche bei 30\u00b0C, nicht im Trockner trocknen, nicht b\u00fcgeln.<\/p>\n<p>Abmessungen:<\/p>\n<p>\u00d6senst\u00fcck Breite x H\u00f6he: 20 x 8 cm | 7 7\/8 x 3 1\/8 in<\/p>\n<p>Gesamtumfang der Maske: 57 &#8211; 62 cm | 22 1\/2 &#8211; 24 3\/8 in<\/p>\n","protected":false},"excerpt":{"rendered":"<p>Unsere Schlafmasken sind perfekt f\u00fcr ein kurzes Nickerchen und eine erholsame Nachtruhe. Diese luxuri\u00f6se Schlafmaske ist aus einem atemberaubenden Jacquard-Stoff<\/p>\n","protected":false},"featured_media":42057,"comment_status":"open","ping_status":"closed","template":"","meta":[],"product_brand":[],"product_cat":[489,555],"product_tag":[],"class_list":{"0":"post-42148","1":"product","2":"type-product","3":"status-publish","4":"has-post-thumbnail","6":"product_cat-schlafmasken-de","7":"product_cat-accessoires","8":"product_shipping_class-small-de","9":"pa_color-blau","10":"pa_color-swatch-turkis","11":"pa_fabric-content-cotton-de","12":"pa_fabric-weave-type-jacquard-de","13":"pa_fabric-weight-lightweight-de","14":"pa_pattern-abstrakt","16":"first","17":"instock","18":"taxable","19":"shipping-taxable","20":"purchasable","21":"product-type-simple"},"_links":{"self":[{"href":"https:\/\/baturina-homewear.com\/de\/wp-json\/wp\/v2\/product\/42148","targetHints":{"allow":["GET"]}}],"collection":[{"href":"https:\/\/baturina-homewear.com\/de\/wp-json\/wp\/v2\/product"}],"about":[{"href":"https:\/\/baturina-homewear.com\/de\/wp-json\/wp\/v2\/types\/product"}],"replies":[{"embeddable":true,"href":"https:\/\/baturina-homewear.com\/de\/wp-json\/wp\/v2\/comments?post=42148"}],"version-history":[{"count":7,"href":"https:\/\/baturina-homewear.com\/de\/wp-json\/wp\/v2\/product\/42148\/revisions"}],"predecessor-version":[{"id":73187,"href":"https:\/\/baturina-homewear.com\/de\/wp-json\/wp\/v2\/product\/42148\/revisions\/73187"}],"wp:featuredmedia":[{"embeddable":true,"href":"https:\/\/baturina-homewear.com\/de\/wp-json\/wp\/v2\/media\/42057"}],"wp:attachment":[{"href":"https:\/\/baturina-homewear.com\/de\/wp-json\/wp\/v2\/media?parent=42148"}],"wp:term":[{"taxonomy":"product_brand","embeddable":true,"href":"https:\/\/baturina-homewear.com\/de\/wp-json\/wp\/v2\/product_brand?post=42148"},{"taxonomy":"product_cat","embeddable":true,"href":"https:\/\/baturina-homewear.com\/de\/wp-json\/wp\/v2\/product_cat?post=42148"},{"taxonomy":"product_tag","embeddable":true,"href":"https:\/\/baturina-homewear.com\/de\/wp-json\/wp\/v2\/product_tag?post=42148"}],"curies":[{"name":"wp","href":"https:\/\/api.w.org\/{rel}","templated":true}]}}