{"id":42292,"date":"2023-03-28T20:51:47","date_gmt":"2023-03-28T18:51:47","guid":{"rendered":"https:\/\/baturina-homewear.com\/product\/herren-hausmantel-baumwolle-hahnentritt-muster-schwarz-weiss-samt-waldgruen\/"},"modified":"2025-08-20T11:43:47","modified_gmt":"2025-08-20T09:43:47","slug":"herren-morgenmantel-waldgrun-velvet-schwarz-weis-houndstooth-baumwolle","status":"publish","type":"product","link":"https:\/\/baturina-homewear.com\/de\/produkt\/herren-morgenmantel-waldgrun-velvet-schwarz-weis-houndstooth-baumwolle\/","title":{"rendered":"Herren Hausmantel Waldgr\u00fcner Samt Schwarz-wei\u00df kariert Baumwolle"},"content":{"rendered":"<p>Das feine Hahnentrittmuster dieses luxuri\u00f6sen Morgenmantels aus Jacquard-Baumwolle ist der Inbegriff von schlichter Eleganz. Das Farbschema umfasst Waldgr\u00fcn, Schwarz, Wei\u00df und Anthrazitgrau. Das Design ist mit weichem Baumwollsamt in Waldgr\u00fcn eingefasst und mit gr\u00fcnen Kordelpaspeln verziert. Es ist vollst\u00e4ndig in Satin gef\u00fcttert. Einfach mit dem langen G\u00fcrtel befestigen. Wenn Sie auf der Suche nach einem mittelwarmen Morgenmantel sind, der weder zu leicht noch zu schwer ist, ist dieser Morgenmantel die richtige Wahl f\u00fcr ganzj\u00e4hrigen Komfort und Stil. Alle unsere Designs werden individuell auf Bestellung in unserem Atelier angefertigt und jedes ist das Ergebnis stundenlanger handwerklicher Arbeit. Genie\u00dfen Sie Komfort und Stil in unseren Herren Morgenm\u00e4nteln, Pyjama Sets und Accessoires, hergestellt in Hamburg, Deutschland. <\/p>\n<ul>\n<li>Schalkragen<\/li>\n<li>Brusttasche<\/li>\n<li>zwei tiefe Seitentaschen<\/li>\n<li>verstellbare Umschlagmanschetten<\/li>\n<li>bequeme, lockere Passform<\/li>\n<li>diskrete Aufh\u00e4ngeschlaufe auf der R\u00fcckseite<\/li>\n<li>langer G\u00fcrtel<\/li>\n<\/ul>\n<p>Material und Pflege: \u00c4u\u00dferes: 100% Baumwolle. Innen: 100% Baumwolle. Separat waschen, 30\u00b0 C, nicht im Trockner trocknen, bei niedriger Hitze b\u00fcgeln.<\/p>\n","protected":false},"excerpt":{"rendered":"<p>Das feine Hahnentrittmuster dieses luxuri\u00f6sen Morgenmantels aus Jacquard-Baumwolle ist der Inbegriff von schlichter Eleganz.<\/p>\n","protected":false},"featured_media":42279,"comment_status":"open","ping_status":"closed","template":"","meta":[],"product_brand":[],"product_cat":[463,491,899],"product_tag":[464,768],"class_list":{"0":"post-42292","1":"product","2":"type-product","3":"status-publish","4":"has-post-thumbnail","6":"product_cat-herren-hausmantel","7":"product_cat-morgenmaentel","8":"product_cat-limited-edition-de","9":"product_tag-custom-size-de","10":"product_tag-monogram-de","11":"product_shipping_class-auf-bestellung","12":"pa_color-green-de","13":"pa_color-swatch-waldgrun","14":"pa_fabric-content-cotton-de","15":"pa_fabric-weave-type-jacquard-de","16":"pa_fabric-weight-regular-de","17":"pa_pattern-abstrakt","18":"pa_product-type-limited-edition-de","19":"pa_size-2xl-de","20":"pa_size-3xl-de","21":"pa_size-4xl-de","22":"pa_size-5xl-de","23":"pa_size-l-de","24":"pa_size-m-de","25":"pa_size-massanfertigung","26":"pa_size-s-de","27":"pa_size-xl-de","28":"pa_size-xs-de","30":"first","31":"instock","32":"taxable","33":"shipping-taxable","34":"purchasable","35":"product-type-simple"},"_links":{"self":[{"href":"https:\/\/baturina-homewear.com\/de\/wp-json\/wp\/v2\/product\/42292","targetHints":{"allow":["GET"]}}],"collection":[{"href":"https:\/\/baturina-homewear.com\/de\/wp-json\/wp\/v2\/product"}],"about":[{"href":"https:\/\/baturina-homewear.com\/de\/wp-json\/wp\/v2\/types\/product"}],"replies":[{"embeddable":true,"href":"https:\/\/baturina-homewear.com\/de\/wp-json\/wp\/v2\/comments?post=42292"}],"version-history":[{"count":5,"href":"https:\/\/baturina-homewear.com\/de\/wp-json\/wp\/v2\/product\/42292\/revisions"}],"predecessor-version":[{"id":75077,"href":"https:\/\/baturina-homewear.com\/de\/wp-json\/wp\/v2\/product\/42292\/revisions\/75077"}],"wp:featuredmedia":[{"embeddable":true,"href":"https:\/\/baturina-homewear.com\/de\/wp-json\/wp\/v2\/media\/42279"}],"wp:attachment":[{"href":"https:\/\/baturina-homewear.com\/de\/wp-json\/wp\/v2\/media?parent=42292"}],"wp:term":[{"taxonomy":"product_brand","embeddable":true,"href":"https:\/\/baturina-homewear.com\/de\/wp-json\/wp\/v2\/product_brand?post=42292"},{"taxonomy":"product_cat","embeddable":true,"href":"https:\/\/baturina-homewear.com\/de\/wp-json\/wp\/v2\/product_cat?post=42292"},{"taxonomy":"product_tag","embeddable":true,"href":"https:\/\/baturina-homewear.com\/de\/wp-json\/wp\/v2\/product_tag?post=42292"}],"curies":[{"name":"wp","href":"https:\/\/api.w.org\/{rel}","templated":true}]}}