{"id":42328,"date":"2023-03-29T19:10:48","date_gmt":"2023-03-29T17:10:48","guid":{"rendered":"https:\/\/baturina-homewear.com\/product\/herren-hausmantel-baumwolle-dunkelbraun-orange-samt\/"},"modified":"2025-08-20T11:43:48","modified_gmt":"2025-08-20T09:43:48","slug":"herren-hausmantel-dunkelbraun-orange-rot-geometrisch-baumwollsamt","status":"publish","type":"product","link":"https:\/\/baturina-homewear.com\/de\/produkt\/herren-hausmantel-dunkelbraun-orange-rot-geometrisch-baumwollsamt\/","title":{"rendered":"Herren Hausmantel Dunkelbraun Orange Rot Geometrisch Baumwolle Samt"},"content":{"rendered":"<p>Es gibt mehrere Gr\u00fcnde, warum Sie sich f\u00fcr einen Morgenmantel entscheiden sollten: Komfort, Bequemlichkeit, Privatsph\u00e4re und Stil. Bei Baturina Homewear werden unsere Morgenm\u00e4ntel und Pyjamas unter Ber\u00fccksichtigung all dieser Aspekte entworfen. Investieren Sie in Ihren pers\u00f6nlichen Stil und Komfort mit diesem Morgenmantel im Vintage-Look. Der Hauptstoff ist eine leichte, aber feste Baumwolle in einem angenehmen dunkelbraunen Farbton. Es zeichnet sich durch elegante dunkle Kontrastdetails aus, die aus Samt in einem dunklen Orangeton mit einem geometrischen Muster bestehen. Das Futter ist ein reichhaltiger, seidenartiger, weicher Satin in einem atemberaubenden Anthrazit-Grau-Ton. Einfach mit dem langen G\u00fcrtel befestigen. Wir wissen, wie wertvoll Ihre Freizeit ist, und unsere Morgenm\u00e4ntel erm\u00f6glichen es Ihnen, am fr\u00fchen Morgen oder am sp\u00e4ten Abend zu entspannen. Mit unseren klassischen Hausm\u00e4nteln im Vintage-Stil machen Sie das Beste aus Ihrer Zeit zu Hause oder im Urlaub.<\/p>\n<ul>\n<li>Schalkragen<\/li>\n<li>voll gef\u00fcttert<\/li>\n<li>Brusttasche<\/li>\n<li>zwei tiefe Seitentaschen<\/li>\n<li>verstellbare Umschlagmanschetten<\/li>\n<li>bequeme, lockere Passform<\/li>\n<li>diskrete Aufh\u00e4ngeschlaufe auf der R\u00fcckseite<\/li>\n<li>langer G\u00fcrtel<\/li>\n<li>Gewicht einer Gr\u00f6\u00dfe Medium etwa 1kg<\/li>\n<\/ul>\n<p>Material und Pflege: \u00c4u\u00dferes: 100% Baumwolle. Innen: 60% Polyester, 40% Viskose. Separat waschen, 30\u00b0 C, nicht im Trockner trocknen, bei niedriger Hitze b\u00fcgeln.<\/p>\n","protected":false},"excerpt":{"rendered":"<p>Investieren Sie in Ihren pers\u00f6nlichen Stil und Komfort mit diesem Morgenmantel im Vintage-Look.<\/p>\n","protected":false},"featured_media":42271,"comment_status":"open","ping_status":"closed","template":"","meta":[],"product_brand":[],"product_cat":[463,491,899],"product_tag":[464,768],"class_list":{"0":"post-42328","1":"product","2":"type-product","3":"status-publish","4":"has-post-thumbnail","6":"product_cat-herren-hausmantel","7":"product_cat-morgenmaentel","8":"product_cat-limited-edition-de","9":"product_tag-custom-size-de","10":"product_tag-monogram-de","11":"product_shipping_class-auf-bestellung","12":"pa_color-braun","13":"pa_color-swatch-dunkelbraun","14":"pa_fabric-content-cotton-de","15":"pa_fabric-weave-type-einfach","16":"pa_fabric-weight-regular-de","17":"pa_pattern-abstrakt","18":"pa_pattern-einfarbig","19":"pa_product-type-limited-edition-de","20":"pa_size-m-de","21":"pa_size-s-de","23":"first","24":"instock","25":"taxable","26":"shipping-taxable","27":"purchasable","28":"product-type-simple"},"_links":{"self":[{"href":"https:\/\/baturina-homewear.com\/de\/wp-json\/wp\/v2\/product\/42328","targetHints":{"allow":["GET"]}}],"collection":[{"href":"https:\/\/baturina-homewear.com\/de\/wp-json\/wp\/v2\/product"}],"about":[{"href":"https:\/\/baturina-homewear.com\/de\/wp-json\/wp\/v2\/types\/product"}],"replies":[{"embeddable":true,"href":"https:\/\/baturina-homewear.com\/de\/wp-json\/wp\/v2\/comments?post=42328"}],"version-history":[{"count":10,"href":"https:\/\/baturina-homewear.com\/de\/wp-json\/wp\/v2\/product\/42328\/revisions"}],"predecessor-version":[{"id":75080,"href":"https:\/\/baturina-homewear.com\/de\/wp-json\/wp\/v2\/product\/42328\/revisions\/75080"}],"wp:featuredmedia":[{"embeddable":true,"href":"https:\/\/baturina-homewear.com\/de\/wp-json\/wp\/v2\/media\/42271"}],"wp:attachment":[{"href":"https:\/\/baturina-homewear.com\/de\/wp-json\/wp\/v2\/media?parent=42328"}],"wp:term":[{"taxonomy":"product_brand","embeddable":true,"href":"https:\/\/baturina-homewear.com\/de\/wp-json\/wp\/v2\/product_brand?post=42328"},{"taxonomy":"product_cat","embeddable":true,"href":"https:\/\/baturina-homewear.com\/de\/wp-json\/wp\/v2\/product_cat?post=42328"},{"taxonomy":"product_tag","embeddable":true,"href":"https:\/\/baturina-homewear.com\/de\/wp-json\/wp\/v2\/product_tag?post=42328"}],"curies":[{"name":"wp","href":"https:\/\/api.w.org\/{rel}","templated":true}]}}