{"id":42580,"date":"2023-04-07T18:16:28","date_gmt":"2023-04-07T16:16:28","guid":{"rendered":"https:\/\/baturina-homewear.com\/product\/damen-morgenmantel-mintgruen-gold-barock-gesteppt-mit-paspel\/"},"modified":"2025-08-20T09:18:03","modified_gmt":"2025-08-20T07:18:03","slug":"damen-hausmantel-barock-baumwolle-gruen-gold-gesteppt","status":"publish","type":"product","link":"https:\/\/baturina-homewear.com\/de\/produkt\/damen-hausmantel-barock-baumwolle-gruen-gold-gesteppt\/","title":{"rendered":"Damen Hausmantel Mintgr\u00fcn Gold Barock Ranken gesteppt mit Kordelpaspel"},"content":{"rendered":"<p>Dieser luxuri\u00f6se pastellfarbene Morgenmantel ist aus einem wundersch\u00f6nen Baumwolljacquard gefertigt. Das Design mit eingewebten Ranken im Vintage-Stil ist in einem sanften Mintgr\u00fcnton gehalten. Kragen, Manschetten und Taschendetails sind aus seidenartigem, glattem Goldsatin gefertigt und mit handgestickten Steppungen und goldenen Kordelpaspeln versehen. Es ist innen sehr weich, da es vollst\u00e4ndig mit seidenartigem Satin gef\u00fcttert ist. Einfach mit dem langen G\u00fcrtel befestigen. Ein zeitlos eleganter Hausmantel, der viele Jahre lang halten wird.<\/p>\n<ul>\n<li>Gewicht des Hauptstoffs 135 g\/m2 (ein Morgenmantel der Gr\u00f6\u00dfe M wiegt 1,5 kg oder 3,3 lb)<\/li>\n<li>Schalkragen<\/li>\n<li>Brusttasche<\/li>\n<li>zwei tiefe Seitentaschen<\/li>\n<li>verstellbare Umschlagmanschetten<\/li>\n<li>bequeme, lockere Passform<\/li>\n<li>diskrete Aufh\u00e4ngeschlaufe auf der R\u00fcckseite<\/li>\n<li>langer G\u00fcrtel<\/li>\n<\/ul>\n<p>Material und Pflege: 60% Baumwolle, 40% Polyester. Maschinenw\u00e4sche bei 30\u00b0C, nicht im Trockner trocknen, bei niedriger Hitze b\u00fcgeln.<\/p>\n<p>Das Model ist 172 cm gro\u00df und tr\u00e4gt Gr\u00f6\u00dfe M mit einer L\u00e4nge von 125 cm.<\/p>\n","protected":false},"excerpt":{"rendered":"<p>Dieser luxuri\u00f6se pastellfarbene Morgenmantel ist aus einem wundersch\u00f6nen Baumwolljacquard gefertigt.<\/p>\n","protected":false},"featured_media":42560,"comment_status":"open","ping_status":"closed","template":"","meta":[],"product_brand":[],"product_cat":[759,728,899],"product_tag":[464,731,768],"class_list":{"0":"post-42580","1":"product","2":"type-product","3":"status-publish","4":"has-post-thumbnail","6":"product_cat-damen-hausmantel","7":"product_cat-damen-morgenmantel","8":"product_cat-limited-edition-de","9":"product_tag-custom-size-de","10":"product_tag-custom-size-damen","11":"product_tag-monogram-de","12":"product_shipping_class-auf-bestellung","13":"pa_color-gold-de","14":"pa_color-green-de","15":"pa_color-swatch-minzgrun-gold","16":"pa_fabric-content-cotton-de","17":"pa_fabric-weave-type-jacquard-de","18":"pa_fabric-weight-regular-de","19":"pa_pattern-blumen","20":"pa_product-type-limited-edition-de","21":"pa_size-2xl-de","22":"pa_size-l-de","23":"pa_size-m-de","24":"pa_size-s-de","25":"pa_size-xl-de","26":"pa_size-xs-de","28":"first","29":"outofstock","30":"taxable","31":"shipping-taxable","32":"purchasable","33":"product-type-simple"},"_links":{"self":[{"href":"https:\/\/baturina-homewear.com\/de\/wp-json\/wp\/v2\/product\/42580","targetHints":{"allow":["GET"]}}],"collection":[{"href":"https:\/\/baturina-homewear.com\/de\/wp-json\/wp\/v2\/product"}],"about":[{"href":"https:\/\/baturina-homewear.com\/de\/wp-json\/wp\/v2\/types\/product"}],"replies":[{"embeddable":true,"href":"https:\/\/baturina-homewear.com\/de\/wp-json\/wp\/v2\/comments?post=42580"}],"version-history":[{"count":7,"href":"https:\/\/baturina-homewear.com\/de\/wp-json\/wp\/v2\/product\/42580\/revisions"}],"predecessor-version":[{"id":73570,"href":"https:\/\/baturina-homewear.com\/de\/wp-json\/wp\/v2\/product\/42580\/revisions\/73570"}],"wp:featuredmedia":[{"embeddable":true,"href":"https:\/\/baturina-homewear.com\/de\/wp-json\/wp\/v2\/media\/42560"}],"wp:attachment":[{"href":"https:\/\/baturina-homewear.com\/de\/wp-json\/wp\/v2\/media?parent=42580"}],"wp:term":[{"taxonomy":"product_brand","embeddable":true,"href":"https:\/\/baturina-homewear.com\/de\/wp-json\/wp\/v2\/product_brand?post=42580"},{"taxonomy":"product_cat","embeddable":true,"href":"https:\/\/baturina-homewear.com\/de\/wp-json\/wp\/v2\/product_cat?post=42580"},{"taxonomy":"product_tag","embeddable":true,"href":"https:\/\/baturina-homewear.com\/de\/wp-json\/wp\/v2\/product_tag?post=42580"}],"curies":[{"name":"wp","href":"https:\/\/api.w.org\/{rel}","templated":true}]}}