{"id":42582,"date":"2023-04-07T18:18:26","date_gmt":"2023-04-07T16:18:26","guid":{"rendered":"https:\/\/baturina-homewear.com\/product\/damen-morgenmantel-leopard-baumwolle\/"},"modified":"2026-03-23T14:19:05","modified_gmt":"2026-03-23T13:19:05","slug":"damen-morgenmantel-baumwolle-leopard","status":"publish","type":"product","link":"https:\/\/baturina-homewear.com\/de\/produkt\/damen-morgenmantel-baumwolle-leopard\/","title":{"rendered":"Damen Hausmantel Leopard Print Baumwolle"},"content":{"rendered":"<p>Es gibt mehrere Gr\u00fcnde, warum Sie sich f\u00fcr einen Morgenmantel entscheiden sollten: Komfort, Bequemlichkeit, Privatsph\u00e4re und Stil. Bei Baturina Homewear werden unsere Morgenm\u00e4ntel und Pyjamas unter Ber\u00fccksichtigung all dieser Aspekte entworfen. Dieser Morgenmantel mit verspieltem Leopardenmuster sorgt f\u00fcr Komfort. Einfach mit dem langen G\u00fcrtel befestigen. Insgesamt ist dieser Morgenmantel weder zu warm noch zu schwer, so dass er sich das ganze Jahr \u00fcber gut tragen l\u00e4sst. Wir wissen, wie wertvoll Ihre Freizeit ist, und unsere Morgenm\u00e4ntel erm\u00f6glichen es Ihnen, am fr\u00fchen Morgen oder am sp\u00e4ten Abend zu entspannen. Mit unseren klassischen Hausm\u00e4nteln im Vintage-Stil machen Sie das Beste aus Ihrer Zeit zu Hause oder im Urlaub.<\/p>\n<ul>\n<li>zwei tiefe Seitentaschen<\/li>\n<li>Brusttasche<\/li>\n<li>verstellbarer langer G\u00fcrtel<\/li>\n<li>lange \u00c4rmel<\/li>\n<li>diskrete Aufh\u00e4ngeschlaufe auf der R\u00fcckseite<\/li>\n<li>verstellbare Umschlagmanschetten<\/li>\n<li>bequeme, lockere Passform<\/li>\n<li>G\u00fcrtel mit Quasten<\/li>\n<li>L\u00e4nge des Morgenmantels 125 cm (49 in)<\/li>\n<\/ul>\n<p>Material und Pflege: 60% Baumwolle, 40% Polyester. Separat waschen, 30\u00b0 C, nicht im Trockner trocknen, bei niedriger Hitze b\u00fcgeln.<\/p>\n","protected":false},"excerpt":{"rendered":"<p>Dieser Morgenmantel mit verspieltem Leopardenmuster sorgt f\u00fcr Komfort.<\/p>\n","protected":false},"featured_media":67376,"comment_status":"open","ping_status":"closed","template":"","meta":[],"product_brand":[],"product_cat":[1202,728,759,1206],"product_tag":[],"class_list":{"0":"post-42582","1":"product","2":"type-product","3":"status-publish","4":"has-post-thumbnail","6":"product_cat-lagerverkauf-fuer-sie","7":"product_cat-damen-morgenmantel","8":"product_cat-damen-hausmantel","9":"product_cat-wilde-welt","10":"product_shipping_class-regular-de","11":"pa_color-creme","12":"pa_color-black-de","13":"pa_fabric-content-cotton-de","14":"pa_fabric-weave-type-einfach","15":"pa_fabric-weight-regular-de","16":"pa_pattern-animal-de","17":"pa_size-l-de","19":"first","20":"instock","21":"taxable","22":"shipping-taxable","23":"purchasable","24":"product-type-variable","25":"has-default-attributes"},"_links":{"self":[{"href":"https:\/\/baturina-homewear.com\/de\/wp-json\/wp\/v2\/product\/42582","targetHints":{"allow":["GET"]}}],"collection":[{"href":"https:\/\/baturina-homewear.com\/de\/wp-json\/wp\/v2\/product"}],"about":[{"href":"https:\/\/baturina-homewear.com\/de\/wp-json\/wp\/v2\/types\/product"}],"replies":[{"embeddable":true,"href":"https:\/\/baturina-homewear.com\/de\/wp-json\/wp\/v2\/comments?post=42582"}],"version-history":[{"count":8,"href":"https:\/\/baturina-homewear.com\/de\/wp-json\/wp\/v2\/product\/42582\/revisions"}],"predecessor-version":[{"id":73636,"href":"https:\/\/baturina-homewear.com\/de\/wp-json\/wp\/v2\/product\/42582\/revisions\/73636"}],"wp:featuredmedia":[{"embeddable":true,"href":"https:\/\/baturina-homewear.com\/de\/wp-json\/wp\/v2\/media\/67376"}],"wp:attachment":[{"href":"https:\/\/baturina-homewear.com\/de\/wp-json\/wp\/v2\/media?parent=42582"}],"wp:term":[{"taxonomy":"product_brand","embeddable":true,"href":"https:\/\/baturina-homewear.com\/de\/wp-json\/wp\/v2\/product_brand?post=42582"},{"taxonomy":"product_cat","embeddable":true,"href":"https:\/\/baturina-homewear.com\/de\/wp-json\/wp\/v2\/product_cat?post=42582"},{"taxonomy":"product_tag","embeddable":true,"href":"https:\/\/baturina-homewear.com\/de\/wp-json\/wp\/v2\/product_tag?post=42582"}],"curies":[{"name":"wp","href":"https:\/\/api.w.org\/{rel}","templated":true}]}}