{"id":42601,"date":"2023-04-08T17:18:33","date_gmt":"2023-04-08T15:18:33","guid":{"rendered":"https:\/\/baturina-homewear.com\/product\/damen-hausmantel-weinrot-marineblau-gebluemt-baumwolle-samt\/"},"modified":"2025-01-10T12:29:25","modified_gmt":"2025-01-10T11:29:25","slug":"damen-hausmantel-weinrot-dunkelblau-gebluemt-samt","status":"publish","type":"product","link":"https:\/\/baturina-homewear.com\/de\/produkt\/damen-hausmantel-weinrot-dunkelblau-gebluemt-samt\/","title":{"rendered":"Damen Hausmantel Weinrot Marine Floral Baumwolle Jacquard Samt"},"content":{"rendered":"<p>Investieren Sie in Ihren pers\u00f6nlichen Stil und Komfort mit diesem Morgenmantel aus Baumwolle und Samt im Vintage-Stil. Das Farbschema umfasst Schattierungen von Dunkelblau, Weinrot, Grau und Wei\u00df. Das Design wird mit einem schlichten, weichen Samtbesatz in Burgunderrot geliefert. Der Hauptstoff ist eine schwere und warme Baumwolle, die \u00fcber und \u00fcber mit einem eleganten, eingewebten Design versehen ist. Es ist vollst\u00e4ndig mit dunkelgrauem Satin gef\u00fcttert. Einfach mit dem langen G\u00fcrtel zu schlie\u00dfen. Wenn Sie Ihre private Hauskleidung aufwerten m\u00f6chten, sind Sie bei Baturina Homewear genau richtig. Entspannen Sie sich zu Hause, empfangen Sie G\u00e4ste und nutzen Sie Ihre Freizeit mit Stil und Klasse. Dieser mittelwarme Morgenmantel ist perfekt f\u00fcr Komfort und Stil \u00fcber das ganze Jahr. Alle unsere Designs werden individuell auf Bestellung in unserem Atelier hergestellt und sind das Ergebnis stundenlanger handwerklicher Arbeit. Genie\u00dfen Sie Komfort und Stil in unseren Morgenmantel, Pyjama-Sets und Accessoires, hergestellt in Hamburg, Deutschland.<\/p>\n<ul>\n<li>Schalkragen<\/li>\n<li>Brusttasche<\/li>\n<li>zwei tiefe Seitentaschen<\/li>\n<li>verstellbare Umschlagmanschetten<\/li>\n<li>Bequeme, lockere Passform<\/li>\n<li>diskrete Aufh\u00e4ngeschlaufe auf der R\u00fcckseite<\/li>\n<li>langer G\u00fcrtel<\/li>\n<\/ul>\n<p>Material und Pflege: \u00c4u\u00dferes: 100% Baumwolle. Innen: 60% Polyester, 40% Viskose. Separat waschen, 30\u00b0 C, nicht im Trockner trocknen, bei niedriger Hitze b\u00fcgeln.<\/p>\n<p>Das Model ist 172 cm gro\u00df und tr\u00e4gt Gr\u00f6\u00dfe M mit einer L\u00e4nge von 125 cm.<\/p>\n","protected":false},"excerpt":{"rendered":"<p>Investieren Sie in Ihren pers\u00f6nlichen Stil und Komfort mit diesem Morgenmantel aus Baumwolle und Samt im Vintage-Stil. Das Farbschema umfasst<\/p>\n","protected":false},"featured_media":42500,"comment_status":"open","ping_status":"closed","template":"","meta":[],"product_brand":[],"product_cat":[728,759],"product_tag":[731],"class_list":{"0":"post-42601","1":"product","2":"type-product","3":"status-publish","4":"has-post-thumbnail","6":"product_cat-damen-morgenmantel","7":"product_cat-damen-hausmantel","8":"product_tag-custom-size-damen","9":"pa_color-blau","10":"pa_color-rot","11":"pa_fabric-content-cotton-de","12":"pa_fabric-weave-type-samt","13":"pa_fabric-weight-schwer-und-warm","14":"pa_pattern-blumen","15":"pa_size-2xl-de","16":"pa_size-l-de","17":"pa_size-m-de","18":"pa_size-s-de","19":"pa_size-xl-de","20":"pa_size-xs-de","22":"first","23":"outofstock","24":"taxable","25":"shipping-taxable","26":"purchasable","27":"product-type-simple"},"_links":{"self":[{"href":"https:\/\/baturina-homewear.com\/de\/wp-json\/wp\/v2\/product\/42601","targetHints":{"allow":["GET"]}}],"collection":[{"href":"https:\/\/baturina-homewear.com\/de\/wp-json\/wp\/v2\/product"}],"about":[{"href":"https:\/\/baturina-homewear.com\/de\/wp-json\/wp\/v2\/types\/product"}],"replies":[{"embeddable":true,"href":"https:\/\/baturina-homewear.com\/de\/wp-json\/wp\/v2\/comments?post=42601"}],"version-history":[{"count":5,"href":"https:\/\/baturina-homewear.com\/de\/wp-json\/wp\/v2\/product\/42601\/revisions"}],"predecessor-version":[{"id":64776,"href":"https:\/\/baturina-homewear.com\/de\/wp-json\/wp\/v2\/product\/42601\/revisions\/64776"}],"wp:featuredmedia":[{"embeddable":true,"href":"https:\/\/baturina-homewear.com\/de\/wp-json\/wp\/v2\/media\/42500"}],"wp:attachment":[{"href":"https:\/\/baturina-homewear.com\/de\/wp-json\/wp\/v2\/media?parent=42601"}],"wp:term":[{"taxonomy":"product_brand","embeddable":true,"href":"https:\/\/baturina-homewear.com\/de\/wp-json\/wp\/v2\/product_brand?post=42601"},{"taxonomy":"product_cat","embeddable":true,"href":"https:\/\/baturina-homewear.com\/de\/wp-json\/wp\/v2\/product_cat?post=42601"},{"taxonomy":"product_tag","embeddable":true,"href":"https:\/\/baturina-homewear.com\/de\/wp-json\/wp\/v2\/product_tag?post=42601"}],"curies":[{"name":"wp","href":"https:\/\/api.w.org\/{rel}","templated":true}]}}