{"id":42855,"date":"2023-04-22T20:23:14","date_gmt":"2023-04-22T18:23:14","guid":{"rendered":"https:\/\/baturina-homewear.com\/product\/herren-hausmantel-seide-schwarz-violett-gebluemt\/"},"modified":"2025-07-23T15:19:17","modified_gmt":"2025-07-23T13:19:17","slug":"herren-seide-morgenmantel-violett-schwarz-floral","status":"publish","type":"product","link":"https:\/\/baturina-homewear.com\/de\/produkt\/herren-seide-morgenmantel-violett-schwarz-floral\/","title":{"rendered":"Herren Hausmantel aus Seide Lila Schwarz Antique Floral"},"content":{"rendered":"<p>Es gibt mehrere Gr\u00fcnde, warum Sie sich f\u00fcr einen Morgenmantel entscheiden sollten: Komfort, Bequemlichkeit, Privatsph\u00e4re und Stil. Bei Baturina Homewear werden unsere Morgenm\u00e4ntel und Pyjamas unter Ber\u00fccksichtigung all dieser Aspekte entworfen. Investieren Sie in Ihren pers\u00f6nlichen Stil und Komfort mit diesem Morgenmantel im Vintage-Stil, der aus einem atemberaubend leichten Seidenjacquard gefertigt ist. Es zeichnet sich durch einen eleganten Farbton in tiefem Violett und Schwarz aus, der in ein elegantes florales Streifendesign eingewebt ist. Mit seinem violetten Farbton und den schwarzen Akzenten verk\u00f6rpert dieser Morgenmantel perfekt Luxus, Genuss und Raffinesse. Einfach mit dem langen G\u00fcrtel befestigen. Wenn Sie Ihre h\u00e4usliche Kleidung aufwerten m\u00f6chten, sind Sie bei Baturina Homewear an der richtigen Adresse. Entspannen Sie sich zu Hause, empfangen Sie G\u00e4ste und nutzen Sie Ihre Freizeit mit Stil und Klasse.<\/p>\n<ul>\n<li>Schalkragen<\/li>\n<li>Brusttasche<\/li>\n<li>zwei tiefe Seitentaschen<\/li>\n<li>verstellbare Umschlagmanschetten<\/li>\n<li>Bequeme, lockere Passform<\/li>\n<li>diskrete Aufh\u00e4ngeschlaufe auf der R\u00fcckseite<\/li>\n<li>langer G\u00fcrtel<\/li>\n<\/ul>\n<p>Material und Pflege: \u00c4u\u00dferes 60% Wild Seide 10 Momme, 40% Baumwolle. Innen: 60% Polyester, 40% Viskose. Separate Handw\u00e4sche, 30\u00b0 C, oder professionelle Reinigung.<\/p>\n","protected":false},"excerpt":{"rendered":"<p>Investieren Sie in Ihren pers\u00f6nlichen Stil und Komfort mit diesem Morgenmantel im Vintage-Stil, der aus einem atemberaubend leichten Seidenjacquard gefertigt ist. Es ist in einem eleganten Farbton von tiefem Violett und Schwarz gehalten.<\/p>\n","protected":false},"featured_media":42815,"comment_status":"open","ping_status":"closed","template":"","meta":[],"product_brand":[],"product_cat":[463,491,899],"product_tag":[464,768],"class_list":{"0":"post-42855","1":"product","2":"type-product","3":"status-publish","4":"has-post-thumbnail","6":"product_cat-herren-hausmantel","7":"product_cat-morgenmaentel","8":"product_cat-limited-edition-de","9":"product_tag-custom-size-de","10":"product_tag-monogram-de","11":"product_shipping_class-auf-bestellung","12":"pa_color-purple-de","13":"pa_color-swatch-violett","14":"pa_fabric-content-seide","15":"pa_fabric-weave-type-jacquard-de","16":"pa_fabric-weight-lightweight-de","17":"pa_pattern-blumen","18":"pa_product-type-limited-edition-de","19":"pa_size-2xl-de","20":"pa_size-3xl-de","21":"pa_size-4xl-de","22":"pa_size-5xl-de","23":"pa_size-l-de","24":"pa_size-m-de","25":"pa_size-massanfertigung","26":"pa_size-s-de","27":"pa_size-xl-de","28":"pa_size-xs-de","30":"first","31":"outofstock","32":"taxable","33":"shipping-taxable","34":"purchasable","35":"product-type-simple"},"_links":{"self":[{"href":"https:\/\/baturina-homewear.com\/de\/wp-json\/wp\/v2\/product\/42855","targetHints":{"allow":["GET"]}}],"collection":[{"href":"https:\/\/baturina-homewear.com\/de\/wp-json\/wp\/v2\/product"}],"about":[{"href":"https:\/\/baturina-homewear.com\/de\/wp-json\/wp\/v2\/types\/product"}],"replies":[{"embeddable":true,"href":"https:\/\/baturina-homewear.com\/de\/wp-json\/wp\/v2\/comments?post=42855"}],"version-history":[{"count":6,"href":"https:\/\/baturina-homewear.com\/de\/wp-json\/wp\/v2\/product\/42855\/revisions"}],"predecessor-version":[{"id":73496,"href":"https:\/\/baturina-homewear.com\/de\/wp-json\/wp\/v2\/product\/42855\/revisions\/73496"}],"wp:featuredmedia":[{"embeddable":true,"href":"https:\/\/baturina-homewear.com\/de\/wp-json\/wp\/v2\/media\/42815"}],"wp:attachment":[{"href":"https:\/\/baturina-homewear.com\/de\/wp-json\/wp\/v2\/media?parent=42855"}],"wp:term":[{"taxonomy":"product_brand","embeddable":true,"href":"https:\/\/baturina-homewear.com\/de\/wp-json\/wp\/v2\/product_brand?post=42855"},{"taxonomy":"product_cat","embeddable":true,"href":"https:\/\/baturina-homewear.com\/de\/wp-json\/wp\/v2\/product_cat?post=42855"},{"taxonomy":"product_tag","embeddable":true,"href":"https:\/\/baturina-homewear.com\/de\/wp-json\/wp\/v2\/product_tag?post=42855"}],"curies":[{"name":"wp","href":"https:\/\/api.w.org\/{rel}","templated":true}]}}