{"id":43501,"date":"2023-05-06T20:41:18","date_gmt":"2023-05-06T18:41:18","guid":{"rendered":"https:\/\/baturina-homewear.com\/product\/damen-bademantel-samt-rot\/"},"modified":"2025-01-10T12:30:04","modified_gmt":"2025-01-10T11:30:04","slug":"damen-bademantel-samt-rot","status":"publish","type":"product","link":"https:\/\/baturina-homewear.com\/de\/produkt\/damen-bademantel-samt-rot\/","title":{"rendered":"Damen Bademantel Red Velvet"},"content":{"rendered":"<p>Unsere Badem\u00e4ntel sind aus wasserabsorbierenden, schnell trocknenden Stoffen gefertigt und f\u00fcr Komfort und m\u00fchelosen Stil Design. Dieser Bademantel ist aus einem weichen Chenille-Baumwollsamt gefertigt und w\u00e4rmt ein wenig. Es hat eine gewebte Innenseite, w\u00e4hrend die Au\u00dfenseite sehr weich ist. Kragen, Tasche und Manschetten sind mit gold-schwarz gestreiften Paspel<br \/>\n versehen. Er ist so bequem, dass man ihn gar nicht mehr ausziehen m\u00f6chte! Unsere Badem\u00e4ntel sind \u00e4hnlich wie unsere anderen Morgenm\u00e4ntel, und Sie k\u00f6nnen sie sogar tags\u00fcber tragen. Einfach mit dem langen G\u00fcrtel befestigen.<\/p>\n<ul>\n<li>Schalkragen<\/li>\n<li>zwei tiefe Seitentaschen<\/li>\n<li>verstellbare Umschlagmanschetten<\/li>\n<li>Bequeme, lockere Passform<\/li>\n<li>diskrete Aufh\u00e4ngeschlaufe auf der R\u00fcckseite<\/li>\n<li>langer G\u00fcrtel<\/li>\n<li>Das Model ist 172 cm gro\u00df und tr\u00e4gt die Gr\u00f6\u00dfe S.<\/li>\n<\/ul>\n<p>Material und Pflege: 100% Baumwolle. Maschinenw\u00e4sche bei 30\u00b0C, nicht im Trockner trocknen, bei niedriger Hitze b\u00fcgeln.<\/p>\n","protected":false},"excerpt":{"rendered":"<p>Unsere Badem\u00e4ntel sind aus wasserabsorbierenden, schnell trocknenden Stoffen gefertigt und f\u00fcr Komfort und m\u00fchelosen Stil Design. Dieser Bademantel ist aus<\/p>\n","protected":false},"featured_media":43426,"comment_status":"open","ping_status":"closed","template":"","meta":[],"product_brand":[],"product_cat":[760,728],"product_tag":[],"class_list":{"0":"post-43501","1":"product","2":"type-product","3":"status-publish","4":"has-post-thumbnail","6":"product_cat-damen-bademantel","7":"product_cat-damen-morgenmantel","8":"pa_color-rot","9":"pa_color-swatch-purpur-rot","10":"pa_fabric-content-cotton-de","11":"pa_fabric-weave-type-chenille-de","12":"pa_fabric-weave-type-samt","13":"pa_fabric-weight-regular-de","14":"pa_pattern-einfarbig","15":"pa_size-2xl-de","16":"pa_size-l-de","17":"pa_size-m-de","18":"pa_size-s-de","19":"pa_size-xl-de","20":"pa_size-xs-de","22":"first","23":"outofstock","24":"sale","25":"taxable","26":"shipping-taxable","27":"purchasable","28":"product-type-simple"},"_links":{"self":[{"href":"https:\/\/baturina-homewear.com\/de\/wp-json\/wp\/v2\/product\/43501","targetHints":{"allow":["GET"]}}],"collection":[{"href":"https:\/\/baturina-homewear.com\/de\/wp-json\/wp\/v2\/product"}],"about":[{"href":"https:\/\/baturina-homewear.com\/de\/wp-json\/wp\/v2\/types\/product"}],"replies":[{"embeddable":true,"href":"https:\/\/baturina-homewear.com\/de\/wp-json\/wp\/v2\/comments?post=43501"}],"version-history":[{"count":3,"href":"https:\/\/baturina-homewear.com\/de\/wp-json\/wp\/v2\/product\/43501\/revisions"}],"predecessor-version":[{"id":64792,"href":"https:\/\/baturina-homewear.com\/de\/wp-json\/wp\/v2\/product\/43501\/revisions\/64792"}],"wp:featuredmedia":[{"embeddable":true,"href":"https:\/\/baturina-homewear.com\/de\/wp-json\/wp\/v2\/media\/43426"}],"wp:attachment":[{"href":"https:\/\/baturina-homewear.com\/de\/wp-json\/wp\/v2\/media?parent=43501"}],"wp:term":[{"taxonomy":"product_brand","embeddable":true,"href":"https:\/\/baturina-homewear.com\/de\/wp-json\/wp\/v2\/product_brand?post=43501"},{"taxonomy":"product_cat","embeddable":true,"href":"https:\/\/baturina-homewear.com\/de\/wp-json\/wp\/v2\/product_cat?post=43501"},{"taxonomy":"product_tag","embeddable":true,"href":"https:\/\/baturina-homewear.com\/de\/wp-json\/wp\/v2\/product_tag?post=43501"}],"curies":[{"name":"wp","href":"https:\/\/api.w.org\/{rel}","templated":true}]}}