{"id":43525,"date":"2025-03-06T19:22:13","date_gmt":"2025-03-06T18:22:13","guid":{"rendered":"https:\/\/baturina-homewear.com\/product\/damen-hausmantel-samt-dunkelgruen-schwarz-gold\/"},"modified":"2026-03-24T13:59:53","modified_gmt":"2026-03-24T12:59:53","slug":"frauen-hausmantel-wald-grun-schwarz-baumwoll-samt","status":"publish","type":"product","link":"https:\/\/baturina-homewear.com\/de\/produkt\/frauen-hausmantel-wald-grun-schwarz-baumwoll-samt\/","title":{"rendered":"Damen Hausmantel Waldgr\u00fcn Schwarz Baumwolle Samt"},"content":{"rendered":"<p>Es gibt mehrere Gr\u00fcnde, warum Sie sich f\u00fcr einen Morgenmantel entscheiden sollten: Komfort, Bequemlichkeit, Privatsph\u00e4re und Stil. Bei Baturina Homewear werden unsere Morgenm\u00e4ntel und Pyjamas unter Ber\u00fccksichtigung all dieser Aspekte entworfen. Investieren Sie in Ihren pers\u00f6nlichen Stil und Komfort mit diesem warmen Morgenmantel aus dickem und schwerem Samt in Waldgr\u00fcn, Gold und Schwarz. Mit einem fein gesteppten Besatz aus gleichem Stoff, der mit goldenen Paspeln aus Kordel versehen ist. Es hat eine luxuri\u00f6se, weiche Textur und ist vollst\u00e4ndig mit Satin gef\u00fcttert. Einfach mit dem langen G\u00fcrtel mit Quasten schlie\u00dfen. Wenn Sie auf der Suche nach einem warmen Morgenmantel sind, den Sie bei k\u00fchlen Temperaturen im Haus tragen k\u00f6nnen, ist dieser Morgenmantel perfekt.<\/p>\n<p>Alle unsere Designs werden individuell auf Bestellung in unserem Atelier angefertigt und jedes ist das Ergebnis stundenlanger handwerklicher Arbeit. Genie\u00dfen Sie Komfort und Stil in unseren Morgenm\u00e4nteln, Pyjamasets und Accessoires, hergestellt in Hamburg, Deutschland.<\/p>\n<ul>\n<li>Schalkragen<\/li>\n<li>Brusttasche<\/li>\n<li>zwei tiefe Seitentaschen<\/li>\n<li>verstellbare Umschlagmanschetten<\/li>\n<li>bequeme, lockere Passform<\/li>\n<li>diskrete Aufh\u00e4ngeschlaufe auf der R\u00fcckseite<\/li>\n<li>langer G\u00fcrtel<\/li>\n<li>L\u00e4nge des Morgenmantels 125 cm (49)<\/li>\n<li>Das Model ist 172 cm gro\u00df und tr\u00e4gt die Gr\u00f6\u00dfe S.<\/li>\n<\/ul>\n<p>Material und Pflege: Au\u00dfenseite: 100% Baumwolle. Innen: 60% Polyester, 40% Viskose.  Professionelle Reinigung.<\/p>\n","protected":false},"excerpt":{"rendered":"<p>Es gibt mehrere Gr\u00fcnde, warum Sie sich f\u00fcr einen Morgenmantel entscheiden sollten: Komfort, Bequemlichkeit, Privatsph\u00e4re und Stil. Bei Baturina Homewear<\/p>\n","protected":false},"featured_media":68196,"comment_status":"open","ping_status":"closed","template":"","meta":[],"product_brand":[],"product_cat":[759,728,1153,1211],"product_tag":[731,768],"class_list":{"0":"post-43525","1":"product","2":"type-product","3":"status-publish","4":"has-post-thumbnail","6":"product_cat-damen-hausmantel","7":"product_cat-damen-morgenmantel","8":"product_cat-warme-morgenmantel","9":"product_cat-winter-lounge","10":"product_tag-custom-size-damen","11":"product_tag-monogram-de","12":"product_shipping_class-auf-bestellung","13":"pa_color-green-de","14":"pa_color-swatch-waldgrun","15":"pa_fabric-content-cotton-de","16":"pa_fabric-weave-type-samt","17":"pa_fabric-weight-schwer-und-warm","18":"pa_pattern-einfarbig","19":"pa_size-2xl-de","20":"pa_size-l-de","21":"pa_size-m-de","22":"pa_size-massanfertigung","23":"pa_size-s-de","24":"pa_size-xl-de","25":"pa_size-xs-de","26":"pa_style-elegant-de","27":"pa_style-klassisch","29":"first","30":"instock","31":"taxable","32":"shipping-taxable","33":"purchasable","34":"product-type-simple"},"_links":{"self":[{"href":"https:\/\/baturina-homewear.com\/de\/wp-json\/wp\/v2\/product\/43525","targetHints":{"allow":["GET"]}}],"collection":[{"href":"https:\/\/baturina-homewear.com\/de\/wp-json\/wp\/v2\/product"}],"about":[{"href":"https:\/\/baturina-homewear.com\/de\/wp-json\/wp\/v2\/types\/product"}],"replies":[{"embeddable":true,"href":"https:\/\/baturina-homewear.com\/de\/wp-json\/wp\/v2\/comments?post=43525"}],"version-history":[{"count":11,"href":"https:\/\/baturina-homewear.com\/de\/wp-json\/wp\/v2\/product\/43525\/revisions"}],"predecessor-version":[{"id":73224,"href":"https:\/\/baturina-homewear.com\/de\/wp-json\/wp\/v2\/product\/43525\/revisions\/73224"}],"wp:featuredmedia":[{"embeddable":true,"href":"https:\/\/baturina-homewear.com\/de\/wp-json\/wp\/v2\/media\/68196"}],"wp:attachment":[{"href":"https:\/\/baturina-homewear.com\/de\/wp-json\/wp\/v2\/media?parent=43525"}],"wp:term":[{"taxonomy":"product_brand","embeddable":true,"href":"https:\/\/baturina-homewear.com\/de\/wp-json\/wp\/v2\/product_brand?post=43525"},{"taxonomy":"product_cat","embeddable":true,"href":"https:\/\/baturina-homewear.com\/de\/wp-json\/wp\/v2\/product_cat?post=43525"},{"taxonomy":"product_tag","embeddable":true,"href":"https:\/\/baturina-homewear.com\/de\/wp-json\/wp\/v2\/product_tag?post=43525"}],"curies":[{"name":"wp","href":"https:\/\/api.w.org\/{rel}","templated":true}]}}