{"id":43633,"date":"2023-05-07T19:17:18","date_gmt":"2023-05-07T17:17:18","guid":{"rendered":"https:\/\/baturina-homewear.com\/product\/morgenmantel-fuer-maenner-tropical-jungle-baumwolle-samt\/"},"modified":"2024-11-25T11:26:24","modified_gmt":"2024-11-25T10:26:24","slug":"herren-hausmantel-tropisch-gemustert-baumwolle-samt","status":"publish","type":"product","link":"https:\/\/baturina-homewear.com\/de\/produkt\/herren-hausmantel-tropisch-gemustert-baumwolle-samt\/","title":{"rendered":"Herren Hausmantel Tropical Jungle Cotton Velvet"},"content":{"rendered":"<p>Dieser Morgenmantel besteht aus einem auff\u00e4lligen tropischen Baumwollstoff, der mit verschiedenen Pflanzen, Tigern und Tukanen in T\u00fcrkis- und Oranget\u00f6nen gemustert ist. Ein wirklich einzigartiger Stoff, der nur in begrenzten Mengen erh\u00e4ltlich ist. Schalkragen, Manschetten und Taschen sind aus gestepptem Baumwollsamt in einem tiefen Smaragdgr\u00fcnton gefertigt und vollst\u00e4ndig mit dunkelgoldenen Paspeln eingefasst. Das Futter besteht aus einem satten orange-goldenen Baumwollsatin, der sich wie Seide anf\u00fchlt. Einfach mit dem langen G\u00fcrtel zu schlie\u00dfen. Wenn Sie Ihre private Hauskleidung aufwerten m\u00f6chten, sind Sie bei Baturina Homewear genau richtig. Entspannen Sie sich zu Hause, empfangen Sie G\u00e4ste und nutzen Sie Ihre Freizeit mit Stil und Klasse. Alle unsere Designs werden individuell auf Bestellung in unserem Atelier hergestellt und sind das Ergebnis stundenlanger handwerklicher Arbeit. Genie\u00dfen Sie Komfort und Stil in unseren Morgenmantel, Pyjama-Sets und Accessoires, hergestellt in Hamburg, Deutschland.<\/p>\n<ul>\n<li>Schalkragen<\/li>\n<li>Brusttasche<\/li>\n<li>zwei tiefe Seitentaschen<\/li>\n<li>verstellbare Umschlagmanschetten<\/li>\n<li>bequeme, lockere Passform<\/li>\n<li>diskrete Aufh\u00e4ngeschlaufe auf der R\u00fcckseite<\/li>\n<li>lange G\u00fcrtel<\/li>\n<\/ul>\n<p>Material und Pflege: \u00c4u\u00dferes: 100% Baumwolle. Innen: 60% Polyester, 40% Viskose. Separat waschen, 30\u00b0 C, nicht im Trockner trocknen, bei niedriger Hitze b\u00fcgeln.<\/p>\n","protected":false},"excerpt":{"rendered":"<p>Dieser Morgenmantel besteht aus einem auff\u00e4lligen tropischen Baumwollstoff, der mit verschiedenen Pflanzen, Tigern und Tukanen in T\u00fcrkis- und Oranget\u00f6nen gemustert<\/p>\n","protected":false},"featured_media":43589,"comment_status":"open","ping_status":"closed","template":"","meta":[],"product_brand":[],"product_cat":[463],"product_tag":[464],"class_list":{"0":"post-43633","1":"product","2":"type-product","3":"status-publish","4":"has-post-thumbnail","6":"product_cat-herren-hausmantel","7":"product_tag-custom-size-de","8":"pa_color-blau","9":"pa_color-green-de","10":"pa_color-turkis","11":"pa_fabric-content-cotton-de","12":"pa_fabric-weave-type-samt","13":"pa_fabric-weight-regular-de","14":"pa_pattern-blumen","15":"pa_pattern-verspielt","16":"pa_size-2xl-de","17":"pa_size-3xl-de","18":"pa_size-4xl-de","19":"pa_size-5xl-de","20":"pa_size-l-de","21":"pa_size-m-de","22":"pa_size-massanfertigung","23":"pa_size-s-de","24":"pa_size-xl-de","25":"pa_size-xs-de","27":"first","28":"outofstock","29":"taxable","30":"shipping-taxable","31":"purchasable","32":"product-type-simple"},"_links":{"self":[{"href":"https:\/\/baturina-homewear.com\/de\/wp-json\/wp\/v2\/product\/43633","targetHints":{"allow":["GET"]}}],"collection":[{"href":"https:\/\/baturina-homewear.com\/de\/wp-json\/wp\/v2\/product"}],"about":[{"href":"https:\/\/baturina-homewear.com\/de\/wp-json\/wp\/v2\/types\/product"}],"replies":[{"embeddable":true,"href":"https:\/\/baturina-homewear.com\/de\/wp-json\/wp\/v2\/comments?post=43633"}],"version-history":[{"count":4,"href":"https:\/\/baturina-homewear.com\/de\/wp-json\/wp\/v2\/product\/43633\/revisions"}],"predecessor-version":[{"id":55640,"href":"https:\/\/baturina-homewear.com\/de\/wp-json\/wp\/v2\/product\/43633\/revisions\/55640"}],"wp:featuredmedia":[{"embeddable":true,"href":"https:\/\/baturina-homewear.com\/de\/wp-json\/wp\/v2\/media\/43589"}],"wp:attachment":[{"href":"https:\/\/baturina-homewear.com\/de\/wp-json\/wp\/v2\/media?parent=43633"}],"wp:term":[{"taxonomy":"product_brand","embeddable":true,"href":"https:\/\/baturina-homewear.com\/de\/wp-json\/wp\/v2\/product_brand?post=43633"},{"taxonomy":"product_cat","embeddable":true,"href":"https:\/\/baturina-homewear.com\/de\/wp-json\/wp\/v2\/product_cat?post=43633"},{"taxonomy":"product_tag","embeddable":true,"href":"https:\/\/baturina-homewear.com\/de\/wp-json\/wp\/v2\/product_tag?post=43633"}],"curies":[{"name":"wp","href":"https:\/\/api.w.org\/{rel}","templated":true}]}}