{"id":43725,"date":"2023-05-08T21:31:57","date_gmt":"2023-05-08T19:31:57","guid":{"rendered":"https:\/\/baturina-homewear.com\/product\/herren-hausmantel-rot-gemustert-jacquard-satin-schwarz\/"},"modified":"2025-12-01T19:26:11","modified_gmt":"2025-12-01T18:26:11","slug":"herren-morgenmantel-rot-jacquard-schwarz-satin","status":"publish","type":"product","link":"https:\/\/baturina-homewear.com\/de\/produkt\/herren-morgenmantel-rot-jacquard-schwarz-satin\/","title":{"rendered":"Herren Hausmantel Rot Jacquard Schwarz Satin"},"content":{"rendered":"<p>Es gibt mehrere Gr\u00fcnde, warum Sie sich f\u00fcr einen Morgenmantel entscheiden sollten: Komfort, Bequemlichkeit, Privatsph\u00e4re und Stil. Bei Baturina Homewear werden unsere Morgenm\u00e4ntel und Pyjamas unter Ber\u00fccksichtigung all dieser Aspekte entworfen. Investieren Sie in Ihren pers\u00f6nlichen Stil und Komfort mit diesem leichten Morgenmantel im Vintage-Stil aus einem atemberaubenden roten Jacquard. Es ist mit einem eleganten Rankenmuster versehen, das in den Stoff eingewebt ist. Mit seinem Rotton und den schwarzen Akzenten verk\u00f6rpert dieser Morgenmantel perfekt Luxus, Genuss und Raffinesse. Einfach mit dem langen G\u00fcrtel befestigen. Wenn Sie Ihre h\u00e4usliche Kleidung aufwerten m\u00f6chten, sind Sie bei Baturina Homewear an der richtigen Adresse. Entspannen Sie sich zu Hause, empfangen Sie G\u00e4ste und nutzen Sie Ihre Freizeit mit Stil und Klasse.<\/p>\n<ul>\n<li>Schalkragen<\/li>\n<li>Brusttasche<\/li>\n<li>zwei tiefe Seitentaschen<\/li>\n<li>verstellbare Umschlagmanschetten<\/li>\n<li>bequeme, lockere Passform<\/li>\n<li>diskrete Aufh\u00e4ngeschlaufe auf der R\u00fcckseite<\/li>\n<li>langer G\u00fcrtel<\/li>\n<\/ul>\n<p>Material und Pflege: 60% Polyester, 40% Viskose. Separat waschen, 30\u00b0 C, nicht im Trockner trocknen, bei niedriger Hitze b\u00fcgeln.<\/p>\n","protected":false},"excerpt":{"rendered":"<p><strong>Wie bei Nicholas Cage in dem Film <em>Renfield<\/em> zu sehen.<\/strong> Investieren Sie in Ihren pers\u00f6nlichen Stil und Komfort mit diesem leichten Morgenmantel im Vintage-Stil aus atemberaubendem rotem Jacquard. Es ist mit einem eleganten Rankenmuster versehen, das in den Stoff eingewebt ist.<\/p>\n","protected":false},"featured_media":43721,"comment_status":"open","ping_status":"closed","template":"","meta":[],"product_brand":[],"product_cat":[463,491,899],"product_tag":[464,768],"class_list":{"0":"post-43725","1":"product","2":"type-product","3":"status-publish","4":"has-post-thumbnail","6":"product_cat-herren-hausmantel","7":"product_cat-morgenmaentel","8":"product_cat-limited-edition-de","9":"product_tag-custom-size-de","10":"product_tag-monogram-de","11":"product_shipping_class-auf-bestellung","12":"pa_color-rot","13":"pa_color-black-de","14":"pa_fabric-content-polyester-viscose-mix-de","15":"pa_fabric-weight-lightweight-de","16":"pa_pattern-blumen","17":"pa_product-type-limited-edition-de","18":"pa_size-2xl-de","19":"pa_size-3xl-de","20":"pa_size-4xl-de","21":"pa_size-5xl-de","22":"pa_size-l-de","23":"pa_size-m-de","24":"pa_size-massanfertigung","25":"pa_size-s-de","26":"pa_size-xl-de","27":"pa_size-xs-de","29":"first","30":"instock","31":"taxable","32":"shipping-taxable","33":"purchasable","34":"product-type-simple"},"_links":{"self":[{"href":"https:\/\/baturina-homewear.com\/de\/wp-json\/wp\/v2\/product\/43725","targetHints":{"allow":["GET"]}}],"collection":[{"href":"https:\/\/baturina-homewear.com\/de\/wp-json\/wp\/v2\/product"}],"about":[{"href":"https:\/\/baturina-homewear.com\/de\/wp-json\/wp\/v2\/types\/product"}],"replies":[{"embeddable":true,"href":"https:\/\/baturina-homewear.com\/de\/wp-json\/wp\/v2\/comments?post=43725"}],"version-history":[{"count":8,"href":"https:\/\/baturina-homewear.com\/de\/wp-json\/wp\/v2\/product\/43725\/revisions"}],"predecessor-version":[{"id":75082,"href":"https:\/\/baturina-homewear.com\/de\/wp-json\/wp\/v2\/product\/43725\/revisions\/75082"}],"wp:featuredmedia":[{"embeddable":true,"href":"https:\/\/baturina-homewear.com\/de\/wp-json\/wp\/v2\/media\/43721"}],"wp:attachment":[{"href":"https:\/\/baturina-homewear.com\/de\/wp-json\/wp\/v2\/media?parent=43725"}],"wp:term":[{"taxonomy":"product_brand","embeddable":true,"href":"https:\/\/baturina-homewear.com\/de\/wp-json\/wp\/v2\/product_brand?post=43725"},{"taxonomy":"product_cat","embeddable":true,"href":"https:\/\/baturina-homewear.com\/de\/wp-json\/wp\/v2\/product_cat?post=43725"},{"taxonomy":"product_tag","embeddable":true,"href":"https:\/\/baturina-homewear.com\/de\/wp-json\/wp\/v2\/product_tag?post=43725"}],"curies":[{"name":"wp","href":"https:\/\/api.w.org\/{rel}","templated":true}]}}