{"id":44595,"date":"2023-05-21T17:23:45","date_gmt":"2023-05-21T15:23:45","guid":{"rendered":"https:\/\/baturina-homewear.com\/product\/herren-hausmantel-dunkelblau-gold-medallion-samt\/"},"modified":"2024-11-25T11:26:27","modified_gmt":"2024-11-25T10:26:27","slug":"herren-hausmantel-gold-blau-samt-baumwolle-medallion","status":"publish","type":"product","link":"https:\/\/baturina-homewear.com\/de\/produkt\/herren-hausmantel-gold-blau-samt-baumwolle-medallion\/","title":{"rendered":"Herren Hausmantel Dunkelblau Gold Medaillon Samt"},"content":{"rendered":"<p>Tauchen Sie ein in eine Welt des erschwinglichen Luxus, der Handwerkskunst und der Entspannung mit den von Vintage inspirierten Morgenm\u00e4nteln f\u00fcr Herren von Baturina Homewear. Es gibt mehrere Gr\u00fcnde, warum Sie sich f\u00fcr einen Morgenmantel entscheiden sollten: Komfort, Bequemlichkeit, Privatsph\u00e4re und Stil. Bei Baturina Homewear werden unsere Morgenm\u00e4ntel und Pyjama unter Ber\u00fccksichtigung all dieser Aspekte entworfen.<\/p>\n<p>Investieren Sie in Ihren pers\u00f6nlichen Stil und Komfort mit diesem opulenten Morgenmantel in Dunkelblau und Gold, der aus einem atemberaubenden gewebten und bedruckten Jacquard besteht. Es weist ein kunstvolles antikes Medaillonmuster auf, das in den Stoff eingewebt und gedruckt wurde. Seine Farbgebung zeichnet sich durch ein tiefes Dunkelblau und sch\u00f6nes Gold aus. Das Futter ist vollst\u00e4ndig mit goldfarbenem Satin gef\u00fcttert, der sich wie Seide anf\u00fchlt. Kragen, Manschetten und Taschen sind aus weichem, reinem Baumwollsamt gefertigt. Mit seinen blauen und goldenen Farbt\u00f6nen verk\u00f6rpert dieser Morgenmantel perfekt Luxus, Genuss und Raffinesse. Einfach mit dem langen G\u00fcrtel zu schlie\u00dfen. Wenn Sie Ihre private Hauskleidung aufwerten m\u00f6chten, sind Sie bei Baturina Homewear genau richtig. Entspannen Sie sich zu Hause, empfangen Sie G\u00e4ste und nutzen Sie Ihre Freizeit mit Stil und Klasse.<\/p>\n<ul>\n<li>Schalkragen<\/li>\n<li>Brusttasche<\/li>\n<li>zwei tiefe Seitentaschen<\/li>\n<li>verstellbare Umschlagmanschetten<\/li>\n<li>bequeme, lockere Passform<\/li>\n<li>diskrete Aufh\u00e4ngeschlaufe auf der R\u00fcckseite<\/li>\n<li>lange G\u00fcrtel<\/li>\n<\/ul>\n<p>Material und Pflege: Au\u00dfen: 60% Baumwolle, 40% Polyester. Innen: 60% Polyester, 40% Viskose. Separat waschen, 30\u00b0 C, nicht im Trockner trocknen, bei niedriger Hitze b\u00fcgeln.<\/p>\n","protected":false},"excerpt":{"rendered":"<p>Investieren Sie in Ihren pers\u00f6nlichen Stil und Komfort mit diesem opulenten Morgenmantel in Dunkelblau und Gold, der aus einem atemberaubenden gewebten und bedruckten Jacquard besteht.<\/p>\n","protected":false},"featured_media":44573,"comment_status":"open","ping_status":"closed","template":"","meta":[],"product_brand":[],"product_cat":[463,491,899],"product_tag":[464,768],"class_list":{"0":"post-44595","1":"product","2":"type-product","3":"status-publish","4":"has-post-thumbnail","6":"product_cat-herren-hausmantel","7":"product_cat-morgenmaentel","8":"product_cat-limited-edition-de","9":"product_tag-custom-size-de","10":"product_tag-monogram-de","11":"pa_color-blau","12":"pa_color-gold-de","13":"pa_color-swatch-marineblau","14":"pa_fabric-content-cotton-de","15":"pa_fabric-content-polyester-viscose-mix-de","16":"pa_fabric-weave-type-jacquard-de","17":"pa_fabric-weave-type-samt","18":"pa_fabric-weight-regular-de","19":"pa_pattern-abstrakt","20":"pa_pattern-blumen","21":"pa_product-type-limited-edition-de","22":"pa_size-2xl-de","23":"pa_size-3xl-de","24":"pa_size-4xl-de","25":"pa_size-5xl-de","26":"pa_size-l-de","27":"pa_size-m-de","28":"pa_size-massanfertigung","29":"pa_size-s-de","30":"pa_size-xl-de","31":"pa_size-xs-de","33":"first","34":"outofstock","35":"taxable","36":"shipping-taxable","37":"purchasable","38":"product-type-simple"},"_links":{"self":[{"href":"https:\/\/baturina-homewear.com\/de\/wp-json\/wp\/v2\/product\/44595","targetHints":{"allow":["GET"]}}],"collection":[{"href":"https:\/\/baturina-homewear.com\/de\/wp-json\/wp\/v2\/product"}],"about":[{"href":"https:\/\/baturina-homewear.com\/de\/wp-json\/wp\/v2\/types\/product"}],"replies":[{"embeddable":true,"href":"https:\/\/baturina-homewear.com\/de\/wp-json\/wp\/v2\/comments?post=44595"}],"version-history":[{"count":7,"href":"https:\/\/baturina-homewear.com\/de\/wp-json\/wp\/v2\/product\/44595\/revisions"}],"predecessor-version":[{"id":59168,"href":"https:\/\/baturina-homewear.com\/de\/wp-json\/wp\/v2\/product\/44595\/revisions\/59168"}],"wp:featuredmedia":[{"embeddable":true,"href":"https:\/\/baturina-homewear.com\/de\/wp-json\/wp\/v2\/media\/44573"}],"wp:attachment":[{"href":"https:\/\/baturina-homewear.com\/de\/wp-json\/wp\/v2\/media?parent=44595"}],"wp:term":[{"taxonomy":"product_brand","embeddable":true,"href":"https:\/\/baturina-homewear.com\/de\/wp-json\/wp\/v2\/product_brand?post=44595"},{"taxonomy":"product_cat","embeddable":true,"href":"https:\/\/baturina-homewear.com\/de\/wp-json\/wp\/v2\/product_cat?post=44595"},{"taxonomy":"product_tag","embeddable":true,"href":"https:\/\/baturina-homewear.com\/de\/wp-json\/wp\/v2\/product_tag?post=44595"}],"curies":[{"name":"wp","href":"https:\/\/api.w.org\/{rel}","templated":true}]}}