{"id":45514,"date":"2023-06-15T17:27:22","date_gmt":"2023-06-15T15:27:22","guid":{"rendered":"https:\/\/baturina-homewear.com\/product\/herren-hausmantel-geometrisch-schwarz-silber-baumwolle\/"},"modified":"2026-02-04T08:51:37","modified_gmt":"2026-02-04T07:51:37","slug":"herren-hausmantel-geometrisch-baumwolle-schwarz-silber","status":"publish","type":"product","link":"https:\/\/baturina-homewear.com\/de\/produkt\/herren-hausmantel-geometrisch-baumwolle-schwarz-silber\/","title":{"rendered":"Herren Hausmantel Schwarz Silber Geometrisch Baumwolle"},"content":{"rendered":"<p>Es gibt mehrere Gr\u00fcnde, warum Sie sich f\u00fcr einen Morgenmantel entscheiden sollten: Komfort, Bequemlichkeit, Privatsph\u00e4re und Stil. Bei Baturina Homewear werden unsere Morgenm\u00e4ntel und Pyjamas unter Ber\u00fccksichtigung all dieser Aspekte entworfen. Investieren Sie in Ihren pers\u00f6nlichen Stil und Komfort mit diesem Morgenmantel im Vintage-Look. Der Hauptstoff ist eine leichte, aber dicke Baumwollqualit\u00e4t mit einem minimalistischen geometrischen Muster. Er ist in Schwarzt\u00f6nen gehalten und hat durch seine Chenille-Webtechnik eine weiche, samtige Oberfl\u00e4che. Revers, Manschetten und Taschen sind aus glattem Baumwollsatin in einem silbernen Farbton gefertigt. Einfach mit dem langen G\u00fcrtel befestigen. Wir wissen, wie wertvoll Ihre Freizeit ist, und unsere Morgenm\u00e4ntel erm\u00f6glichen es Ihnen, am fr\u00fchen Morgen oder am sp\u00e4ten Abend zu entspannen. Mit unseren klassischen Hausm\u00e4nteln im Vintage-Stil machen Sie das Beste aus Ihrer Zeit zu Hause oder im Urlaub.<\/p>\n<ul>\n<li>Schalkragen<\/li>\n<li>ungef\u00fcttert<\/li>\n<li>Brusttasche<\/li>\n<li>zwei tiefe Seitentaschen<\/li>\n<li>verstellbare Umschlagmanschetten<\/li>\n<li>bequeme, lockere Passform<\/li>\n<li>diskrete Aufh\u00e4ngeschlaufe auf der R\u00fcckseite<\/li>\n<li>langer G\u00fcrtel<\/li>\n<li>Gewicht einer Gr\u00f6\u00dfe Medium etwa 1kg<\/li>\n<\/ul>\n<p>Material und Pflege: \u00c4u\u00dferes: 100% Baumwolle. Separat waschen, 30\u00b0 C, nicht im Trockner trocknen, bei niedriger Hitze b\u00fcgeln.<\/p>\n","protected":false},"excerpt":{"rendered":"<p>Investieren Sie in Ihren pers\u00f6nlichen Stil und Komfort mit diesem Morgenmantel im Vintage-Look. Der Hauptstoff ist eine leichte, aber dicke Baumwollqualit\u00e4t mit einem minimalistischen geometrischen Muster.<\/p>\n","protected":false},"featured_media":45493,"comment_status":"open","ping_status":"closed","template":"","meta":[],"product_brand":[],"product_cat":[463,491,899],"product_tag":[464,768],"class_list":{"0":"post-45514","1":"product","2":"type-product","3":"status-publish","4":"has-post-thumbnail","6":"product_cat-herren-hausmantel","7":"product_cat-morgenmaentel","8":"product_cat-limited-edition-de","9":"product_tag-custom-size-de","10":"product_tag-monogram-de","11":"product_shipping_class-auf-bestellung","12":"pa_color-black-de","13":"pa_color-swatch-schwarz","14":"pa_fabric-content-cotton-de","15":"pa_fabric-weave-type-chenille-de","16":"pa_fabric-weave-type-jacquard-de","17":"pa_fabric-weight-regular-de","18":"pa_pattern-abstrakt","19":"pa_product-type-limited-edition-de","20":"pa_size-m-de","22":"first","23":"instock","24":"taxable","25":"shipping-taxable","26":"purchasable","27":"product-type-simple"},"_links":{"self":[{"href":"https:\/\/baturina-homewear.com\/de\/wp-json\/wp\/v2\/product\/45514","targetHints":{"allow":["GET"]}}],"collection":[{"href":"https:\/\/baturina-homewear.com\/de\/wp-json\/wp\/v2\/product"}],"about":[{"href":"https:\/\/baturina-homewear.com\/de\/wp-json\/wp\/v2\/types\/product"}],"replies":[{"embeddable":true,"href":"https:\/\/baturina-homewear.com\/de\/wp-json\/wp\/v2\/comments?post=45514"}],"version-history":[{"count":10,"href":"https:\/\/baturina-homewear.com\/de\/wp-json\/wp\/v2\/product\/45514\/revisions"}],"predecessor-version":[{"id":73609,"href":"https:\/\/baturina-homewear.com\/de\/wp-json\/wp\/v2\/product\/45514\/revisions\/73609"}],"wp:featuredmedia":[{"embeddable":true,"href":"https:\/\/baturina-homewear.com\/de\/wp-json\/wp\/v2\/media\/45493"}],"wp:attachment":[{"href":"https:\/\/baturina-homewear.com\/de\/wp-json\/wp\/v2\/media?parent=45514"}],"wp:term":[{"taxonomy":"product_brand","embeddable":true,"href":"https:\/\/baturina-homewear.com\/de\/wp-json\/wp\/v2\/product_brand?post=45514"},{"taxonomy":"product_cat","embeddable":true,"href":"https:\/\/baturina-homewear.com\/de\/wp-json\/wp\/v2\/product_cat?post=45514"},{"taxonomy":"product_tag","embeddable":true,"href":"https:\/\/baturina-homewear.com\/de\/wp-json\/wp\/v2\/product_tag?post=45514"}],"curies":[{"name":"wp","href":"https:\/\/api.w.org\/{rel}","templated":true}]}}