{"id":45530,"date":"2023-06-15T17:47:36","date_gmt":"2023-06-15T15:47:36","guid":{"rendered":"https:\/\/baturina-homewear.com\/product\/herren-hausjacke-gold-barock-satin-schwarz-gesteppt-mit-kordelpaspel\/"},"modified":"2024-11-25T11:29:55","modified_gmt":"2024-11-25T10:29:55","slug":"herren-hausjacke-gold-schwarz-gesteppt-barock-baumwolle","status":"publish","type":"product","link":"https:\/\/baturina-homewear.com\/de\/produkt\/herren-hausjacke-gold-schwarz-gesteppt-barock-baumwolle\/","title":{"rendered":"Herren Hausjacke Gold Barock Ranken Schwarz gesteppt mit Kordelpaspel"},"content":{"rendered":"<p>Diese luxuri\u00f6se Hausjacke ist aus einem herrlichen Baumwolljacquard gefertigt. Es zeichnet sich durch ein von Vintage inspiriertes, eingewobenes Design in Goldt\u00f6nen aus. Kragen, Manschetten und Taschendetails sind aus seiden\u00e4hnlichem, glattem schwarzem Satin gefertigt und mit handgestickten Steppn\u00e4hten und schwarz-golden gestreiften Paspel<br \/>\n versehen. Es ist innen sehr weich, da es vollst\u00e4ndig mit seidenartigem Satin gef\u00fcttert ist. Einfach mit dem langen G\u00fcrtel befestigen. Wenn Sie auf der Suche nach einem luxuri\u00f6sen, altmodischen und modernen Morgenmantel f\u00fcr ganzj\u00e4hrigen Komfort und Stil sind, ist dieser Morgenmantel genau das Richtige f\u00fcr Sie.<\/p>\n<ul>\n<li>Schalkragen<\/li>\n<li>Brusttasche<\/li>\n<li>zwei tiefe Seitentaschen<\/li>\n<li>verstellbare Umschlagmanschetten<\/li>\n<li>bequeme, lockere Passform<\/li>\n<li>diskrete Aufh\u00e4ngeschlaufe auf der R\u00fcckseite<\/li>\n<li>lange G\u00fcrtel<\/li>\n<li>Gewicht einer Gr\u00f6\u00dfe Medium etwa 1kg<\/li>\n<\/ul>\n<p>Material und Pflege: \u00c4u\u00dferes: 60% Baumwolle, 40% Polyester. Innen: 60% Polyester, 40% Viskose. Maschinenw\u00e4sche bei 30\u00b0C, nicht im Trockner trocknen, bei niedriger Hitze b\u00fcgeln.<\/p>\n","protected":false},"excerpt":{"rendered":"<p>Diese luxuri\u00f6se Hausjacke ist aus einem herrlichen Baumwolljacquard gefertigt. Es zeichnet sich durch ein von Vintage inspiriertes, eingewobenes Design in<\/p>\n","protected":false},"featured_media":45525,"comment_status":"open","ping_status":"closed","template":"","meta":[],"product_brand":[],"product_cat":[496],"product_tag":[464],"class_list":{"0":"post-45530","1":"product","2":"type-product","3":"status-publish","4":"has-post-thumbnail","6":"product_cat-herren-hausjacken","7":"product_tag-custom-size-de","8":"pa_color-gold-de","9":"pa_color-swatch-schwarz-gold","10":"pa_fabric-content-cotton-de","11":"pa_fabric-weave-type-jacquard-de","12":"pa_fabric-weight-regular-de","13":"pa_pattern-blumen","14":"pa_size-2xl-de","15":"pa_size-3xl-de","16":"pa_size-4xl-de","17":"pa_size-5xl-de","18":"pa_size-l-de","19":"pa_size-m-de","20":"pa_size-massanfertigung","21":"pa_size-s-de","22":"pa_size-xl-de","23":"pa_size-xs-de","25":"first","26":"outofstock","27":"taxable","28":"shipping-taxable","29":"purchasable","30":"product-type-simple"},"_links":{"self":[{"href":"https:\/\/baturina-homewear.com\/de\/wp-json\/wp\/v2\/product\/45530","targetHints":{"allow":["GET"]}}],"collection":[{"href":"https:\/\/baturina-homewear.com\/de\/wp-json\/wp\/v2\/product"}],"about":[{"href":"https:\/\/baturina-homewear.com\/de\/wp-json\/wp\/v2\/types\/product"}],"replies":[{"embeddable":true,"href":"https:\/\/baturina-homewear.com\/de\/wp-json\/wp\/v2\/comments?post=45530"}],"version-history":[{"count":2,"href":"https:\/\/baturina-homewear.com\/de\/wp-json\/wp\/v2\/product\/45530\/revisions"}],"predecessor-version":[{"id":53140,"href":"https:\/\/baturina-homewear.com\/de\/wp-json\/wp\/v2\/product\/45530\/revisions\/53140"}],"wp:featuredmedia":[{"embeddable":true,"href":"https:\/\/baturina-homewear.com\/de\/wp-json\/wp\/v2\/media\/45525"}],"wp:attachment":[{"href":"https:\/\/baturina-homewear.com\/de\/wp-json\/wp\/v2\/media?parent=45530"}],"wp:term":[{"taxonomy":"product_brand","embeddable":true,"href":"https:\/\/baturina-homewear.com\/de\/wp-json\/wp\/v2\/product_brand?post=45530"},{"taxonomy":"product_cat","embeddable":true,"href":"https:\/\/baturina-homewear.com\/de\/wp-json\/wp\/v2\/product_cat?post=45530"},{"taxonomy":"product_tag","embeddable":true,"href":"https:\/\/baturina-homewear.com\/de\/wp-json\/wp\/v2\/product_tag?post=45530"}],"curies":[{"name":"wp","href":"https:\/\/api.w.org\/{rel}","templated":true}]}}