{"id":46500,"date":"2023-07-09T19:36:51","date_gmt":"2023-07-09T17:36:51","guid":{"rendered":"https:\/\/baturina-homewear.com\/product\/damen-hausmantel-marineblau-gold-paisley\/"},"modified":"2025-08-20T09:18:31","modified_gmt":"2025-08-20T07:18:31","slug":"damen-hausmantel-marineblau-gold-paisley","status":"publish","type":"product","link":"https:\/\/baturina-homewear.com\/de\/produkt\/damen-hausmantel-marineblau-gold-paisley\/","title":{"rendered":"Dunkelblauer Hausmantel aus Paisley-Jacquard mit cremefarbenem Satinfutter und goldenen Paspeln"},"content":{"rendered":"<p>Mit einem Besatz aus gleichem Stoff, der mit goldenen Paspeln versehen ist. Es hat eine luxuri\u00f6se, glatte Webstruktur und ist vollst\u00e4ndig mit Satin gef\u00fcttert. Einfach mit dem langen G\u00fcrtel befestigen. Wenn Sie auf der Suche nach einem leichten Morgenmantel aus Seide f\u00fcr das ganze Jahr sind, ist dieses Design mit Paisleymuster genau das Richtige f\u00fcr Sie.<\/p>\n<ul>\n<li>Schalkragen<\/li>\n<li>Brusttasche<\/li>\n<li>zwei tiefe Seitentaschen<\/li>\n<li>verstellbare Umschlagmanschetten<\/li>\n<li>bequeme, lockere Passform<\/li>\n<li>diskrete Aufh\u00e4ngeschlaufe auf der R\u00fcckseite<\/li>\n<li>langer G\u00fcrtel<\/li>\n<\/ul>\n<p>Material und Pflege: 60% Polyester, 40% Viskose. Separate Maschinenw\u00e4sche bei 30\u00b0C, nicht im Trockner trocknen, B\u00fcgeln bei niedriger Hitze. <\/p>\n","protected":false},"excerpt":{"rendered":"<p>Leichter Hausmantel aus atemberaubendem Paisley-Jacquard und farbintensivem Satin in Dunkelblau und Gold.<\/p>\n","protected":false},"featured_media":46466,"comment_status":"open","ping_status":"closed","template":"","meta":[],"product_brand":[],"product_cat":[759,728],"product_tag":[731,768],"class_list":{"0":"post-46500","1":"product","2":"type-product","3":"status-publish","4":"has-post-thumbnail","6":"product_cat-damen-hausmantel","7":"product_cat-damen-morgenmantel","8":"product_tag-custom-size-damen","9":"product_tag-monogram-de","10":"product_shipping_class-auf-bestellung","11":"pa_color-blau","12":"pa_fabric-content-polyester-viscose-mix-de","13":"pa_fabric-weight-lightweight-de","14":"pa_pattern-paisley-de","15":"pa_size-2xl-de","16":"pa_size-l-de","17":"pa_size-m-de","18":"pa_size-massanfertigung","19":"pa_size-s-de","20":"pa_size-xl-de","21":"pa_size-xs-de","23":"first","24":"instock","25":"taxable","26":"shipping-taxable","27":"purchasable","28":"product-type-simple"},"_links":{"self":[{"href":"https:\/\/baturina-homewear.com\/de\/wp-json\/wp\/v2\/product\/46500","targetHints":{"allow":["GET"]}}],"collection":[{"href":"https:\/\/baturina-homewear.com\/de\/wp-json\/wp\/v2\/product"}],"about":[{"href":"https:\/\/baturina-homewear.com\/de\/wp-json\/wp\/v2\/types\/product"}],"replies":[{"embeddable":true,"href":"https:\/\/baturina-homewear.com\/de\/wp-json\/wp\/v2\/comments?post=46500"}],"version-history":[{"count":7,"href":"https:\/\/baturina-homewear.com\/de\/wp-json\/wp\/v2\/product\/46500\/revisions"}],"predecessor-version":[{"id":75000,"href":"https:\/\/baturina-homewear.com\/de\/wp-json\/wp\/v2\/product\/46500\/revisions\/75000"}],"wp:featuredmedia":[{"embeddable":true,"href":"https:\/\/baturina-homewear.com\/de\/wp-json\/wp\/v2\/media\/46466"}],"wp:attachment":[{"href":"https:\/\/baturina-homewear.com\/de\/wp-json\/wp\/v2\/media?parent=46500"}],"wp:term":[{"taxonomy":"product_brand","embeddable":true,"href":"https:\/\/baturina-homewear.com\/de\/wp-json\/wp\/v2\/product_brand?post=46500"},{"taxonomy":"product_cat","embeddable":true,"href":"https:\/\/baturina-homewear.com\/de\/wp-json\/wp\/v2\/product_cat?post=46500"},{"taxonomy":"product_tag","embeddable":true,"href":"https:\/\/baturina-homewear.com\/de\/wp-json\/wp\/v2\/product_tag?post=46500"}],"curies":[{"name":"wp","href":"https:\/\/api.w.org\/{rel}","templated":true}]}}