{"id":46623,"date":"2023-07-09T20:37:44","date_gmt":"2023-07-09T18:37:44","guid":{"rendered":"https:\/\/baturina-homewear.com\/product\/samt-turban-waldgruen\/"},"modified":"2026-05-04T19:37:27","modified_gmt":"2026-05-04T17:37:27","slug":"samt-turban-waldgruen","status":"publish","type":"product","link":"https:\/\/baturina-homewear.com\/de\/produkt\/samt-turban-waldgruen\/","title":{"rendered":"Turban Samt Kopfbedeckung Waldgr\u00fcn"},"content":{"rendered":"<p>Dieser aus luxuri\u00f6s weichem Stretch-Samt gefertigte Turban im Farbton Waldgr\u00fcn ist flexibel in der Gr\u00f6\u00dfe und wird wie ein Hut getragen. Unsere Turbane passen sich leicht an Ihre Kopfform an und sind f\u00fcr Ihren Komfort designt. Tragen Sie dieses Modell in der Mitte oder seitlich f\u00fcr ein asymmetrisches Finish. Geeignet f\u00fcr Menschen mit und ohne Haare. Kombinieren Sie diesen Kopfschmuck mit unseren Hausm\u00e4nteln f\u00fcr einen Look, der ganz im Zeichen des Vintage-Glamours steht. Unsere Turbane sind vielseitig einsetzbar und lassen sich leicht in Ihre Garderobe integrieren, sei es zum Entspannen zu Hause, zum Schutz Ihrer Haare oder als schickes Accessoire f\u00fcr jeden Tag.<\/p>\n","protected":false},"excerpt":{"rendered":"<p>Dieser aus luxuri\u00f6s weichem Stretch-Samt gefertigte Turban im Farbton Waldgr\u00fcn ist flexibel in der Gr\u00f6\u00dfe und wird wie ein Hut<\/p>\n","protected":false},"featured_media":46472,"comment_status":"open","ping_status":"closed","template":"","meta":[],"product_brand":[],"product_cat":[809,555],"product_tag":[],"class_list":{"0":"post-46623","1":"product","2":"type-product","3":"status-publish","4":"has-post-thumbnail","6":"product_cat-turbane","7":"product_cat-accessoires","8":"product_shipping_class-small-de","9":"pa_color-green-de","10":"pa_color-swatch-waldgrun","11":"pa_fabric-content-polyester-viscose-mix-de","12":"pa_size-l-de","13":"pa_size-m-de","14":"pa_size-s-de","16":"first","17":"instock","18":"taxable","19":"shipping-taxable","20":"purchasable","21":"product-type-variable"},"_links":{"self":[{"href":"https:\/\/baturina-homewear.com\/de\/wp-json\/wp\/v2\/product\/46623","targetHints":{"allow":["GET"]}}],"collection":[{"href":"https:\/\/baturina-homewear.com\/de\/wp-json\/wp\/v2\/product"}],"about":[{"href":"https:\/\/baturina-homewear.com\/de\/wp-json\/wp\/v2\/types\/product"}],"replies":[{"embeddable":true,"href":"https:\/\/baturina-homewear.com\/de\/wp-json\/wp\/v2\/comments?post=46623"}],"version-history":[{"count":4,"href":"https:\/\/baturina-homewear.com\/de\/wp-json\/wp\/v2\/product\/46623\/revisions"}],"predecessor-version":[{"id":81264,"href":"https:\/\/baturina-homewear.com\/de\/wp-json\/wp\/v2\/product\/46623\/revisions\/81264"}],"wp:featuredmedia":[{"embeddable":true,"href":"https:\/\/baturina-homewear.com\/de\/wp-json\/wp\/v2\/media\/46472"}],"wp:attachment":[{"href":"https:\/\/baturina-homewear.com\/de\/wp-json\/wp\/v2\/media?parent=46623"}],"wp:term":[{"taxonomy":"product_brand","embeddable":true,"href":"https:\/\/baturina-homewear.com\/de\/wp-json\/wp\/v2\/product_brand?post=46623"},{"taxonomy":"product_cat","embeddable":true,"href":"https:\/\/baturina-homewear.com\/de\/wp-json\/wp\/v2\/product_cat?post=46623"},{"taxonomy":"product_tag","embeddable":true,"href":"https:\/\/baturina-homewear.com\/de\/wp-json\/wp\/v2\/product_tag?post=46623"}],"curies":[{"name":"wp","href":"https:\/\/api.w.org\/{rel}","templated":true}]}}