{"id":46651,"date":"2023-07-09T20:43:33","date_gmt":"2023-07-09T18:43:33","guid":{"rendered":"https:\/\/baturina-homewear.com\/product\/samt-turban-schwarz\/"},"modified":"2025-07-23T15:17:32","modified_gmt":"2025-07-23T13:17:32","slug":"samt-turban-schwarz","status":"publish","type":"product","link":"https:\/\/baturina-homewear.com\/de\/produkt\/samt-turban-schwarz\/","title":{"rendered":"Samt-Turban Schwarz"},"content":{"rendered":"<p>Dieser aus luxuri\u00f6s weichem Stretch-Samt gefertigte Turban in der Farbe Schwarz ist flexibel in der Gr\u00f6\u00dfe und wird wie ein Hut getragen. Unsere Turbane passen sich leicht an Ihre Kopfform an und sind f\u00fcr Ihren Komfort designt. Tragen Sie dieses Modell in der Mitte oder seitlich f\u00fcr ein asymmetrisches Finish. Geeignet f\u00fcr Menschen mit und ohne Haare. Kombinieren Sie diesen Kopfschmuck mit unseren Hausm\u00e4nteln f\u00fcr einen Look, der ganz im Zeichen des Vintage-Glamours steht. Unsere Turbane sind vielseitige Statement-Pieces, die sich leicht in Ihre Garderobe einf\u00fcgen lassen, sei es zum Entspannen zu Hause, zum Schutz Ihres Haares oder als schickes Accessoire f\u00fcr jeden Tag.<\/p>\n","protected":false},"excerpt":{"rendered":"<p>Dieser aus luxuri\u00f6s weichem Stretch-Samt gefertigte Turban in der Farbe Schwarz ist flexibel in der Gr\u00f6\u00dfe und wird wie ein<\/p>\n","protected":false},"featured_media":46476,"comment_status":"open","ping_status":"closed","template":"","meta":[],"product_brand":[],"product_cat":[809,555],"product_tag":[],"class_list":{"0":"post-46651","1":"product","2":"type-product","3":"status-publish","4":"has-post-thumbnail","6":"product_cat-turbane","7":"product_cat-accessoires","8":"product_shipping_class-small-de","9":"pa_color-black-de","10":"pa_color-swatch-schwarz","11":"pa_fabric-content-polyester-viscose-mix-de","12":"pa_fabric-weave-type-samt","14":"first","15":"instock","16":"taxable","17":"shipping-taxable","18":"purchasable","19":"product-type-variable"},"_links":{"self":[{"href":"https:\/\/baturina-homewear.com\/de\/wp-json\/wp\/v2\/product\/46651","targetHints":{"allow":["GET"]}}],"collection":[{"href":"https:\/\/baturina-homewear.com\/de\/wp-json\/wp\/v2\/product"}],"about":[{"href":"https:\/\/baturina-homewear.com\/de\/wp-json\/wp\/v2\/types\/product"}],"replies":[{"embeddable":true,"href":"https:\/\/baturina-homewear.com\/de\/wp-json\/wp\/v2\/comments?post=46651"}],"version-history":[{"count":3,"href":"https:\/\/baturina-homewear.com\/de\/wp-json\/wp\/v2\/product\/46651\/revisions"}],"predecessor-version":[{"id":73288,"href":"https:\/\/baturina-homewear.com\/de\/wp-json\/wp\/v2\/product\/46651\/revisions\/73288"}],"wp:featuredmedia":[{"embeddable":true,"href":"https:\/\/baturina-homewear.com\/de\/wp-json\/wp\/v2\/media\/46476"}],"wp:attachment":[{"href":"https:\/\/baturina-homewear.com\/de\/wp-json\/wp\/v2\/media?parent=46651"}],"wp:term":[{"taxonomy":"product_brand","embeddable":true,"href":"https:\/\/baturina-homewear.com\/de\/wp-json\/wp\/v2\/product_brand?post=46651"},{"taxonomy":"product_cat","embeddable":true,"href":"https:\/\/baturina-homewear.com\/de\/wp-json\/wp\/v2\/product_cat?post=46651"},{"taxonomy":"product_tag","embeddable":true,"href":"https:\/\/baturina-homewear.com\/de\/wp-json\/wp\/v2\/product_tag?post=46651"}],"curies":[{"name":"wp","href":"https:\/\/api.w.org\/{rel}","templated":true}]}}