{"id":46693,"date":"2023-07-09T20:58:37","date_gmt":"2023-07-09T18:58:37","guid":{"rendered":"https:\/\/baturina-homewear.com\/product\/turban-leopardenmuster-baumwolle\/"},"modified":"2026-03-23T14:19:08","modified_gmt":"2026-03-23T13:19:08","slug":"turban-leopardenmuster-baumwolle","status":"publish","type":"product","link":"https:\/\/baturina-homewear.com\/de\/produkt\/turban-leopardenmuster-baumwolle\/","title":{"rendered":"Turban Baumwoll-Kopftuch Leopard"},"content":{"rendered":"<p>Dieser Turban mit Leopardenmuster ist aus luxuri\u00f6ser, weicher Stretch-Baumwolle gefertigt, flexibel in der Gr\u00f6\u00dfe und kann wie ein Hut getragen werden. Unsere Turbane passen sich leicht an Ihre Kopfform an und sind f\u00fcr Ihren Komfort designt. Tragen Sie dieses Modell in der Mitte oder seitlich f\u00fcr ein asymmetrisches Finish. Geeignet f\u00fcr Menschen mit und ohne Haare. Kombinieren Sie diesen Kopfschmuck mit unseren Hausm\u00e4nteln f\u00fcr einen Look, der ganz im Zeichen des Vintage-Glamours steht. Unsere Turbane sind vielseitig einsetzbar und lassen sich leicht in Ihre Garderobe integrieren, sei es zum Entspannen zu Hause, zum Schutz Ihrer Haare oder als schickes Accessoire f\u00fcr jeden Tag.<\/p>\n","protected":false},"excerpt":{"rendered":"<p>Dieser Turban mit Leopardenmuster ist aus luxuri\u00f6ser, weicher Stretch-Baumwolle gefertigt, flexibel in der Gr\u00f6\u00dfe und kann wie ein Hut getragen<\/p>\n","protected":false},"featured_media":46468,"comment_status":"open","ping_status":"closed","template":"","meta":[],"product_brand":[],"product_cat":[809,555,1206],"product_tag":[],"class_list":{"0":"post-46693","1":"product","2":"type-product","3":"status-publish","4":"has-post-thumbnail","6":"product_cat-turbane","7":"product_cat-accessoires","8":"product_cat-wilde-welt","9":"product_shipping_class-small-de","10":"pa_color-creme","11":"pa_fabric-content-polyester-viscose-mix-de","12":"pa_fabric-weave-type-einfach","13":"pa_pattern-animal-de","15":"first","16":"instock","17":"taxable","18":"shipping-taxable","19":"purchasable","20":"product-type-variable","21":"has-default-attributes"},"_links":{"self":[{"href":"https:\/\/baturina-homewear.com\/de\/wp-json\/wp\/v2\/product\/46693","targetHints":{"allow":["GET"]}}],"collection":[{"href":"https:\/\/baturina-homewear.com\/de\/wp-json\/wp\/v2\/product"}],"about":[{"href":"https:\/\/baturina-homewear.com\/de\/wp-json\/wp\/v2\/types\/product"}],"replies":[{"embeddable":true,"href":"https:\/\/baturina-homewear.com\/de\/wp-json\/wp\/v2\/comments?post=46693"}],"version-history":[{"count":4,"href":"https:\/\/baturina-homewear.com\/de\/wp-json\/wp\/v2\/product\/46693\/revisions"}],"predecessor-version":[{"id":80323,"href":"https:\/\/baturina-homewear.com\/de\/wp-json\/wp\/v2\/product\/46693\/revisions\/80323"}],"wp:featuredmedia":[{"embeddable":true,"href":"https:\/\/baturina-homewear.com\/de\/wp-json\/wp\/v2\/media\/46468"}],"wp:attachment":[{"href":"https:\/\/baturina-homewear.com\/de\/wp-json\/wp\/v2\/media?parent=46693"}],"wp:term":[{"taxonomy":"product_brand","embeddable":true,"href":"https:\/\/baturina-homewear.com\/de\/wp-json\/wp\/v2\/product_brand?post=46693"},{"taxonomy":"product_cat","embeddable":true,"href":"https:\/\/baturina-homewear.com\/de\/wp-json\/wp\/v2\/product_cat?post=46693"},{"taxonomy":"product_tag","embeddable":true,"href":"https:\/\/baturina-homewear.com\/de\/wp-json\/wp\/v2\/product_tag?post=46693"}],"curies":[{"name":"wp","href":"https:\/\/api.w.org\/{rel}","templated":true}]}}