{"id":46828,"date":"2023-07-10T21:58:06","date_gmt":"2023-07-10T19:58:06","guid":{"rendered":"https:\/\/baturina-homewear.com\/product\/damen-hausmantel-schwarzer-samt-gesteppter-satin-mit-quasten\/"},"modified":"2026-02-11T17:31:21","modified_gmt":"2026-02-11T16:31:21","slug":"frauen-hausmantel-schwarz-baumwoll-samt-gesteppt-satin-mit-quasten","status":"publish","type":"product","link":"https:\/\/baturina-homewear.com\/de\/produkt\/frauen-hausmantel-schwarz-baumwoll-samt-gesteppt-satin-mit-quasten\/","title":{"rendered":"Damen Hausmantel Schwarzer Baumwollsamt gesteppter Satin mit Quasten"},"content":{"rendered":"<p>Morgenmantel aus schwerem, dickem und besonders warmem Baumwollsamt in Schwarz. Mit einem gro\u00dfen gesteppten Satin Besatz, der mit Paspeln verziert ist. Es hat eine luxuri\u00f6se, weiche Textur und ist vollst\u00e4ndig mit Satin gef\u00fcttert. Wenn Sie auf der Suche nach einem warmen Morgenmantel sind, den Sie bei k\u00fchlen Temperaturen im Haus tragen k\u00f6nnen, ist dieser Morgenmantel perfekt. Alle unsere Designs werden individuell auf Bestellung in unserem Atelier angefertigt und jedes ist das Ergebnis stundenlanger handwerklicher Arbeit. Genie\u00dfen Sie Komfort und Stil in unseren Morgenm\u00e4nteln, Pyjamasets und Accessoires, hergestellt in Hamburg, Deutschland.<\/p>\n<ul>\n<li>Schalkragen<\/li>\n<li>Brusttasche<\/li>\n<li>zwei tiefe Seitentaschen<\/li>\n<li>verstellbare Umschlagmanschetten<\/li>\n<li>bequeme, lockere Passform<\/li>\n<li>diskrete Aufh\u00e4ngeschlaufe auf der R\u00fcckseite<\/li>\n<li>langer G\u00fcrtel<\/li>\n<\/ul>\n<p>Material und Pflege: \u00c4u\u00dferes: 60% Baumwolle, 20% Polyester, 20% Viskose. Innen: 60% Polyester, 40% Viskose. Professionelle Reinigung.<\/p>\n","protected":false},"excerpt":{"rendered":"<p>Morgenmantel aus schwerem, dickem und besonders warmem Baumwollsamt in Schwarz. Mit einem gro\u00dfen gesteppten Satin Besatz, der mit Paspeln verziert<\/p>\n","protected":false},"featured_media":46792,"comment_status":"open","ping_status":"closed","template":"","meta":[],"product_brand":[],"product_cat":[759,728,1153],"product_tag":[731,768],"class_list":{"0":"post-46828","1":"product","2":"type-product","3":"status-publish","4":"has-post-thumbnail","6":"product_cat-damen-hausmantel","7":"product_cat-damen-morgenmantel","8":"product_cat-warme-morgenmantel","9":"product_tag-custom-size-damen","10":"product_tag-monogram-de","11":"product_shipping_class-auf-bestellung","12":"pa_color-black-de","13":"pa_color-swatch-schwarz","14":"pa_fabric-content-cotton-de","15":"pa_fabric-weave-type-samt","16":"pa_fabric-weight-schwer-und-warm","17":"pa_pattern-einfarbig","18":"pa_size-2xl-de","19":"pa_size-l-de","20":"pa_size-m-de","21":"pa_size-massanfertigung","22":"pa_size-s-de","23":"pa_size-xl-de","24":"pa_size-xs-de","26":"first","27":"instock","28":"taxable","29":"shipping-taxable","30":"purchasable","31":"product-type-simple"},"_links":{"self":[{"href":"https:\/\/baturina-homewear.com\/de\/wp-json\/wp\/v2\/product\/46828","targetHints":{"allow":["GET"]}}],"collection":[{"href":"https:\/\/baturina-homewear.com\/de\/wp-json\/wp\/v2\/product"}],"about":[{"href":"https:\/\/baturina-homewear.com\/de\/wp-json\/wp\/v2\/types\/product"}],"replies":[{"embeddable":true,"href":"https:\/\/baturina-homewear.com\/de\/wp-json\/wp\/v2\/comments?post=46828"}],"version-history":[{"count":7,"href":"https:\/\/baturina-homewear.com\/de\/wp-json\/wp\/v2\/product\/46828\/revisions"}],"predecessor-version":[{"id":73389,"href":"https:\/\/baturina-homewear.com\/de\/wp-json\/wp\/v2\/product\/46828\/revisions\/73389"}],"wp:featuredmedia":[{"embeddable":true,"href":"https:\/\/baturina-homewear.com\/de\/wp-json\/wp\/v2\/media\/46792"}],"wp:attachment":[{"href":"https:\/\/baturina-homewear.com\/de\/wp-json\/wp\/v2\/media?parent=46828"}],"wp:term":[{"taxonomy":"product_brand","embeddable":true,"href":"https:\/\/baturina-homewear.com\/de\/wp-json\/wp\/v2\/product_brand?post=46828"},{"taxonomy":"product_cat","embeddable":true,"href":"https:\/\/baturina-homewear.com\/de\/wp-json\/wp\/v2\/product_cat?post=46828"},{"taxonomy":"product_tag","embeddable":true,"href":"https:\/\/baturina-homewear.com\/de\/wp-json\/wp\/v2\/product_tag?post=46828"}],"curies":[{"name":"wp","href":"https:\/\/api.w.org\/{rel}","templated":true}]}}