{"id":46910,"date":"2023-07-11T22:13:16","date_gmt":"2023-07-11T20:13:16","guid":{"rendered":"https:\/\/baturina-homewear.com\/product\/herren-hausmantel-satin-marineblau\/"},"modified":"2024-11-25T11:26:37","modified_gmt":"2024-11-25T10:26:37","slug":"herren-hausmantel-satin-marineblau","status":"publish","type":"product","link":"https:\/\/baturina-homewear.com\/de\/produkt\/herren-hausmantel-satin-marineblau\/","title":{"rendered":"Herren Hausmantel Dunkelblau Satin"},"content":{"rendered":"<p>Eleganter gef\u00fctterter Morgenmantel mit Schalkragen aus gl\u00e4nzendem dunkelblauem Baumwollsatin, perfekt zum Entspannen zu Hause. Das Farbschema besteht aus einem klassischen dunkelblauen und wei\u00dfen Kontrast. Das Design ist mit einem Besatz aus gleichem Stoff und k\u00fchlendem, silbernem Satinfutter versehen. Wenn Sie einen leichten Morgenmantel suchen, ist dieser die richtige Wahl f\u00fcr ganzj\u00e4hrigen Komfort und Stil.<\/p>\n<ul>\n<li>Schalkragen<\/li>\n<li>Brusttasche<\/li>\n<li>zwei tiefe Seitentaschen<\/li>\n<li>verstellbare Umschlagmanschetten<\/li>\n<li>bequeme, lockere Passform<\/li>\n<li>diskrete Aufh\u00e4ngeschlaufe auf der R\u00fcckseite<\/li>\n<li>lange G\u00fcrtel<\/li>\n<\/ul>\n<p>Materialien und Pflege: Au\u00dfen: 100% Baumwolle, Innen: 60% Polyester, 40% Viskose. Separat waschen, 30\u00b0 C, nicht im Trockner trocknen, bei niedriger Hitze b\u00fcgeln.<\/p>\n<p>Alle unsere Designs werden individuell auf Bestellung in unserem Atelier hergestellt und sind das Ergebnis stundenlanger handwerklicher Arbeit. Genie\u00dfen Sie Komfort und Stil in unseren Morgenmantel, Pyjama-Sets und Accessoires, hergestellt in Hamburg, Deutschland.<\/p>\n","protected":false},"excerpt":{"rendered":"<p>Eleganter gef\u00fctterter Morgenmantel mit Schalkragen aus gl\u00e4nzendem dunkelblauem Baumwollsatin, perfekt zum Entspannen zu Hause. Das Farbschema besteht aus einem klassischen<\/p>\n","protected":false},"featured_media":46895,"comment_status":"open","ping_status":"closed","template":"","meta":[],"product_brand":[],"product_cat":[463],"product_tag":[464],"class_list":{"0":"post-46910","1":"product","2":"type-product","3":"status-publish","4":"has-post-thumbnail","6":"product_cat-herren-hausmantel","7":"product_tag-custom-size-de","8":"pa_color-blau","9":"pa_color-swatch-marineblau","10":"pa_fabric-content-cotton-de","11":"pa_fabric-content-polyester-viscose-mix-de","12":"pa_fabric-weave-type-satin-de","13":"pa_fabric-weight-lightweight-de","14":"pa_pattern-einfarbig","15":"pa_size-2xl-de","16":"pa_size-3xl-de","17":"pa_size-4xl-de","18":"pa_size-5xl-de","19":"pa_size-l-de","20":"pa_size-m-de","21":"pa_size-massanfertigung","22":"pa_size-s-de","23":"pa_size-xl-de","24":"pa_size-xs-de","26":"first","27":"outofstock","28":"taxable","29":"shipping-taxable","30":"purchasable","31":"product-type-simple"},"_links":{"self":[{"href":"https:\/\/baturina-homewear.com\/de\/wp-json\/wp\/v2\/product\/46910","targetHints":{"allow":["GET"]}}],"collection":[{"href":"https:\/\/baturina-homewear.com\/de\/wp-json\/wp\/v2\/product"}],"about":[{"href":"https:\/\/baturina-homewear.com\/de\/wp-json\/wp\/v2\/types\/product"}],"replies":[{"embeddable":true,"href":"https:\/\/baturina-homewear.com\/de\/wp-json\/wp\/v2\/comments?post=46910"}],"version-history":[{"count":3,"href":"https:\/\/baturina-homewear.com\/de\/wp-json\/wp\/v2\/product\/46910\/revisions"}],"predecessor-version":[{"id":63253,"href":"https:\/\/baturina-homewear.com\/de\/wp-json\/wp\/v2\/product\/46910\/revisions\/63253"}],"wp:featuredmedia":[{"embeddable":true,"href":"https:\/\/baturina-homewear.com\/de\/wp-json\/wp\/v2\/media\/46895"}],"wp:attachment":[{"href":"https:\/\/baturina-homewear.com\/de\/wp-json\/wp\/v2\/media?parent=46910"}],"wp:term":[{"taxonomy":"product_brand","embeddable":true,"href":"https:\/\/baturina-homewear.com\/de\/wp-json\/wp\/v2\/product_brand?post=46910"},{"taxonomy":"product_cat","embeddable":true,"href":"https:\/\/baturina-homewear.com\/de\/wp-json\/wp\/v2\/product_cat?post=46910"},{"taxonomy":"product_tag","embeddable":true,"href":"https:\/\/baturina-homewear.com\/de\/wp-json\/wp\/v2\/product_tag?post=46910"}],"curies":[{"name":"wp","href":"https:\/\/api.w.org\/{rel}","templated":true}]}}