{"id":46920,"date":"2023-07-12T13:27:25","date_gmt":"2023-07-12T11:27:25","guid":{"rendered":"https:\/\/baturina-homewear.com\/product\/damen-hausmantel-satin-schwarz\/"},"modified":"2025-08-21T18:24:57","modified_gmt":"2025-08-21T16:24:57","slug":"damen-hausmantel-satin-schwarz","status":"publish","type":"product","link":"https:\/\/baturina-homewear.com\/de\/produkt\/damen-hausmantel-satin-schwarz\/","title":{"rendered":"Damen Hausmantel Schwarzer Satin"},"content":{"rendered":"<p>Eleganter gef\u00fctterter Morgenmantel mit Schalkragen aus gl\u00e4nzendem schwarzem Baumwollsatin, perfekt zum Entspannen zu Hause. Das Farbschema besteht aus einem klassischen Schwarz-Wei\u00df-Kontrast. Das Design ist mit einem Besatz aus gleichem Stoff und k\u00fchlendem, silbernem Satinfutter versehen. Wenn Sie einen leichten Morgenmantel suchen, ist dieser die richtige Wahl f\u00fcr ganzj\u00e4hrigen Komfort und Stil.<\/p>\n<ul>\n<li>Schalkragen<\/li>\n<li>Brusttasche<\/li>\n<li>zwei tiefe Seitentaschen<\/li>\n<li>verstellbare Umschlagmanschetten<\/li>\n<li>bequeme, lockere Passform<\/li>\n<li>diskrete Aufh\u00e4ngeschlaufe auf der R\u00fcckseite<\/li>\n<li>langer G\u00fcrtel<\/li>\n<\/ul>\n<p>Materialien und Pflege: Au\u00dfen: 100% Baumwolle, Innen: 60% Polyester, 40% Viskose. Separat waschen, 30\u00b0 C, nicht im Trockner trocknen, bei niedriger Hitze b\u00fcgeln.<\/p>\n<p>Alle unsere Designs werden individuell auf Bestellung in unserem Atelier angefertigt und jedes ist das Ergebnis stundenlanger handwerklicher Arbeit. Genie\u00dfen Sie Komfort und Stil in unseren Morgenm\u00e4nteln, Pyjamasets und Accessoires, hergestellt in Hamburg, Deutschland.<\/p>\n","protected":false},"excerpt":{"rendered":"<p>Eleganter gef\u00fctterter Morgenmantel mit Schalkragen aus gl\u00e4nzendem schwarzem Baumwollsatin, perfekt zum Entspannen zu Hause. Das Farbschema besteht aus einem klassischen<\/p>\n","protected":false},"featured_media":46855,"comment_status":"open","ping_status":"closed","template":"","meta":[],"product_brand":[],"product_cat":[759,728],"product_tag":[731,768],"class_list":{"0":"post-46920","1":"product","2":"type-product","3":"status-publish","4":"has-post-thumbnail","6":"product_cat-damen-hausmantel","7":"product_cat-damen-morgenmantel","8":"product_tag-custom-size-damen","9":"product_tag-monogram-de","10":"product_shipping_class-auf-bestellung","11":"pa_color-black-de","12":"pa_color-swatch-schwarz","13":"pa_fabric-content-cotton-de","14":"pa_fabric-content-polyester-viscose-mix-de","15":"pa_fabric-weave-type-satin-de","16":"pa_fabric-weight-lightweight-de","17":"pa_pattern-einfarbig","18":"pa_size-2xl-de","19":"pa_size-l-de","20":"pa_size-m-de","21":"pa_size-massanfertigung","22":"pa_size-s-de","23":"pa_size-xl-de","24":"pa_size-xs-de","26":"first","27":"instock","28":"taxable","29":"shipping-taxable","30":"purchasable","31":"product-type-simple"},"_links":{"self":[{"href":"https:\/\/baturina-homewear.com\/de\/wp-json\/wp\/v2\/product\/46920","targetHints":{"allow":["GET"]}}],"collection":[{"href":"https:\/\/baturina-homewear.com\/de\/wp-json\/wp\/v2\/product"}],"about":[{"href":"https:\/\/baturina-homewear.com\/de\/wp-json\/wp\/v2\/types\/product"}],"replies":[{"embeddable":true,"href":"https:\/\/baturina-homewear.com\/de\/wp-json\/wp\/v2\/comments?post=46920"}],"version-history":[{"count":4,"href":"https:\/\/baturina-homewear.com\/de\/wp-json\/wp\/v2\/product\/46920\/revisions"}],"predecessor-version":[{"id":75205,"href":"https:\/\/baturina-homewear.com\/de\/wp-json\/wp\/v2\/product\/46920\/revisions\/75205"}],"wp:featuredmedia":[{"embeddable":true,"href":"https:\/\/baturina-homewear.com\/de\/wp-json\/wp\/v2\/media\/46855"}],"wp:attachment":[{"href":"https:\/\/baturina-homewear.com\/de\/wp-json\/wp\/v2\/media?parent=46920"}],"wp:term":[{"taxonomy":"product_brand","embeddable":true,"href":"https:\/\/baturina-homewear.com\/de\/wp-json\/wp\/v2\/product_brand?post=46920"},{"taxonomy":"product_cat","embeddable":true,"href":"https:\/\/baturina-homewear.com\/de\/wp-json\/wp\/v2\/product_cat?post=46920"},{"taxonomy":"product_tag","embeddable":true,"href":"https:\/\/baturina-homewear.com\/de\/wp-json\/wp\/v2\/product_tag?post=46920"}],"curies":[{"name":"wp","href":"https:\/\/api.w.org\/{rel}","templated":true}]}}