{"id":46954,"date":"2023-07-12T16:49:52","date_gmt":"2023-07-12T14:49:52","guid":{"rendered":"https:\/\/baturina-homewear.com\/product\/herren-hausmantel-art-deco-baumwolle-gesteppt-schwarz-braun\/"},"modified":"2024-11-25T11:26:38","modified_gmt":"2024-11-25T10:26:38","slug":"herren-hausmantel-baumwolle-satin-gesteppt-jacquard","status":"publish","type":"product","link":"https:\/\/baturina-homewear.com\/de\/produkt\/herren-hausmantel-baumwolle-satin-gesteppt-jacquard\/","title":{"rendered":"Herren Hausmantel Jacquard Baumwolle gesteppt Schwarz Braun"},"content":{"rendered":"<p>Dieser luxuri\u00f6se Morgenmantel ist aus einer herrlich dicken Baumwolle gefertigt. Es zeichnet sich durch ein florales Jugendstil-Design in Gold- und Braunt\u00f6nen mit dezenten Nuancen in Wei\u00df und Weinrot aus. Kragen, Manschetten und Taschendetails sind aus seidenartigem, glattem schwarzem Satin gefertigt, der mit extrafeinen, handgestickten Steppungen und dunkelblau-wei\u00df gestreiften Kordelpaspeln versehen ist. Es ist innen sehr weich, da es vollst\u00e4ndig mit seidenartigem Satin gef\u00fcttert ist. Einfach mit dem langen G\u00fcrtel befestigen. Wenn Sie auf der Suche nach einem luxuri\u00f6sen, altmodischen und modernen Morgenmantel f\u00fcr ganzj\u00e4hrigen Komfort und Stil sind, ist dieser Morgenmantel genau das Richtige f\u00fcr Sie.<\/p>\n<ul>\n<li>Schalkragen<\/li>\n<li>Brusttasche<\/li>\n<li>zwei tiefe Seitentaschen<\/li>\n<li>verstellbare Umschlagmanschetten<\/li>\n<li>bequeme, lockere Passform<\/li>\n<li>diskrete Aufh\u00e4ngeschlaufe auf der R\u00fcckseite<\/li>\n<li>lange G\u00fcrtel<\/li>\n<li>Gewicht eines Morgenmantels der Gr\u00f6\u00dfe M: 1,5 kg (3 lbs)<\/li>\n<\/ul>\n<p>Material und Pflege: \u00c4u\u00dferes: 60% Baumwolle, 40% Polyester. Innen: 60%Polyester, 40% Viskose. Maschinenw\u00e4sche bei 30\u00b0C, nicht im Trockner trocknen, bei niedriger Hitze b\u00fcgeln.<\/p>\n","protected":false},"excerpt":{"rendered":"<p>Dieser luxuri\u00f6se Morgenmantel ist aus einer herrlich dicken Baumwolle gefertigt. Es zeichnet sich durch ein florales Jugendstil-Design in Gold- und<\/p>\n","protected":false},"featured_media":46947,"comment_status":"open","ping_status":"closed","template":"","meta":[],"product_brand":[],"product_cat":[463],"product_tag":[464],"class_list":{"0":"post-46954","1":"product","2":"type-product","3":"status-publish","4":"has-post-thumbnail","6":"product_cat-herren-hausmantel","7":"product_tag-custom-size-de","8":"pa_color-braun","9":"pa_color-black-de","10":"pa_color-swatch-braun-schwarz","11":"pa_fabric-content-cotton-de","12":"pa_fabric-weave-type-jacquard-de","13":"pa_fabric-weight-regular-de","14":"pa_pattern-blumen","15":"pa_size-2xl-de","16":"pa_size-3xl-de","17":"pa_size-4xl-de","18":"pa_size-5xl-de","19":"pa_size-l-de","20":"pa_size-m-de","21":"pa_size-massanfertigung","22":"pa_size-s-de","23":"pa_size-xl-de","24":"pa_size-xs-de","26":"first","27":"outofstock","28":"taxable","29":"shipping-taxable","30":"purchasable","31":"product-type-simple"},"_links":{"self":[{"href":"https:\/\/baturina-homewear.com\/de\/wp-json\/wp\/v2\/product\/46954","targetHints":{"allow":["GET"]}}],"collection":[{"href":"https:\/\/baturina-homewear.com\/de\/wp-json\/wp\/v2\/product"}],"about":[{"href":"https:\/\/baturina-homewear.com\/de\/wp-json\/wp\/v2\/types\/product"}],"replies":[{"embeddable":true,"href":"https:\/\/baturina-homewear.com\/de\/wp-json\/wp\/v2\/comments?post=46954"}],"version-history":[{"count":4,"href":"https:\/\/baturina-homewear.com\/de\/wp-json\/wp\/v2\/product\/46954\/revisions"}],"predecessor-version":[{"id":63254,"href":"https:\/\/baturina-homewear.com\/de\/wp-json\/wp\/v2\/product\/46954\/revisions\/63254"}],"wp:featuredmedia":[{"embeddable":true,"href":"https:\/\/baturina-homewear.com\/de\/wp-json\/wp\/v2\/media\/46947"}],"wp:attachment":[{"href":"https:\/\/baturina-homewear.com\/de\/wp-json\/wp\/v2\/media?parent=46954"}],"wp:term":[{"taxonomy":"product_brand","embeddable":true,"href":"https:\/\/baturina-homewear.com\/de\/wp-json\/wp\/v2\/product_brand?post=46954"},{"taxonomy":"product_cat","embeddable":true,"href":"https:\/\/baturina-homewear.com\/de\/wp-json\/wp\/v2\/product_cat?post=46954"},{"taxonomy":"product_tag","embeddable":true,"href":"https:\/\/baturina-homewear.com\/de\/wp-json\/wp\/v2\/product_tag?post=46954"}],"curies":[{"name":"wp","href":"https:\/\/api.w.org\/{rel}","templated":true}]}}