{"id":47208,"date":"2023-07-16T12:03:33","date_gmt":"2023-07-16T10:03:33","guid":{"rendered":"https:\/\/baturina-homewear.com\/product\/damen-morgenmantel-seemuschel-jacquard-baumwolle-limettengruen\/"},"modified":"2025-10-28T17:04:32","modified_gmt":"2025-10-28T16:04:32","slug":"damen-morgenmantel-seemuschel-jacquard-baumwolle-limettengruen","status":"publish","type":"product","link":"https:\/\/baturina-homewear.com\/de\/produkt\/damen-morgenmantel-seemuschel-jacquard-baumwolle-limettengruen\/","title":{"rendered":"Damen Hausmantel Lime Green Shells Baumwolle"},"content":{"rendered":"<p>Eleganter ungef\u00fctterter Morgenmantel mit Schalkragen, ideal zum Entspannen zu Hause. Das Farbschema zeichnet sich durch ein helles Limonengr\u00fcn und goldene Akzente aus. Das Design ist mit einem Besatz aus gleichem Stoff versehen und mit Paspeln verarbeitet. Einfach mit dem langen G\u00fcrtel mit Quasten schlie\u00dfen. Wenn Sie auf der Suche nach einem leichten Morgenmantel sind, der auch f\u00fcr w\u00e4rmere Temperaturen geeignet ist, ist dieser Morgenmantel die richtige Wahl f\u00fcr ganzj\u00e4hrigen Komfort und Stil. Alle unsere Designs werden individuell auf Bestellung in unserem Atelier angefertigt und jedes ist das Ergebnis stundenlanger handwerklicher Arbeit. Genie\u00dfen Sie Komfort und Stil in unseren Morgenm\u00e4nteln, Pyjamasets und Accessoires, hergestellt in Hamburg, Deutschland.<\/p>\n<ul>\n<li>Schalkragen<\/li>\n<li>Brusttasche<\/li>\n<li>zwei tiefe Seitentaschen<\/li>\n<li>verstellbare Umschlagmanschetten<\/li>\n<li>bequeme, lockere Passform<\/li>\n<li>diskrete Aufh\u00e4ngeschlaufe auf der R\u00fcckseite<\/li>\n<li>langer G\u00fcrtel<\/li>\n<\/ul>\n<p>Material und Pflege: 100% Baumwolle. Separat waschen, 30\u00b0 C, nicht im Trockner trocknen, bei niedriger Hitze b\u00fcgeln. <\/p>\n","protected":false},"excerpt":{"rendered":"<p><strong>Versand in 3 &#8211; 5 Tagen.<\/strong><\/p>\n<p><em>M\u00fchelose Bequemlichkeit f\u00fcr warme Tage. Perfekt f\u00fcr Reisen, Wellness-Wochenenden und zum Verschenken. <\/em><\/p>\n","protected":false},"featured_media":47103,"comment_status":"open","ping_status":"closed","template":"","meta":[],"product_brand":[],"product_cat":[759,728,899,1152],"product_tag":[731,768],"class_list":{"0":"post-47208","1":"product","2":"type-product","3":"status-publish","4":"has-post-thumbnail","6":"product_cat-damen-hausmantel","7":"product_cat-damen-morgenmantel","8":"product_cat-limited-edition-de","9":"product_cat-sommer-morgenmantel","10":"product_tag-custom-size-damen","11":"product_tag-monogram-de","12":"product_shipping_class-auf-bestellung","13":"pa_color-green-de","14":"pa_color-swatch-hellgrun","15":"pa_fabric-content-cotton-de","16":"pa_fabric-weave-type-jacquard-de","17":"pa_fabric-weight-lightweight-de","18":"pa_pattern-gepunktet","19":"pa_product-type-limited-edition-de","20":"pa_size-2xl-de","21":"pa_size-3xl-de","22":"pa_size-4xl-de","23":"pa_size-5xl-de","24":"pa_size-l-de","25":"pa_size-m-de","26":"pa_size-massanfertigung","27":"pa_size-s-de","28":"pa_size-xl-de","29":"pa_size-xs-de","31":"first","32":"instock","33":"taxable","34":"shipping-taxable","35":"purchasable","36":"product-type-simple"},"_links":{"self":[{"href":"https:\/\/baturina-homewear.com\/de\/wp-json\/wp\/v2\/product\/47208","targetHints":{"allow":["GET"]}}],"collection":[{"href":"https:\/\/baturina-homewear.com\/de\/wp-json\/wp\/v2\/product"}],"about":[{"href":"https:\/\/baturina-homewear.com\/de\/wp-json\/wp\/v2\/types\/product"}],"replies":[{"embeddable":true,"href":"https:\/\/baturina-homewear.com\/de\/wp-json\/wp\/v2\/comments?post=47208"}],"version-history":[{"count":9,"href":"https:\/\/baturina-homewear.com\/de\/wp-json\/wp\/v2\/product\/47208\/revisions"}],"predecessor-version":[{"id":77690,"href":"https:\/\/baturina-homewear.com\/de\/wp-json\/wp\/v2\/product\/47208\/revisions\/77690"}],"wp:featuredmedia":[{"embeddable":true,"href":"https:\/\/baturina-homewear.com\/de\/wp-json\/wp\/v2\/media\/47103"}],"wp:attachment":[{"href":"https:\/\/baturina-homewear.com\/de\/wp-json\/wp\/v2\/media?parent=47208"}],"wp:term":[{"taxonomy":"product_brand","embeddable":true,"href":"https:\/\/baturina-homewear.com\/de\/wp-json\/wp\/v2\/product_brand?post=47208"},{"taxonomy":"product_cat","embeddable":true,"href":"https:\/\/baturina-homewear.com\/de\/wp-json\/wp\/v2\/product_cat?post=47208"},{"taxonomy":"product_tag","embeddable":true,"href":"https:\/\/baturina-homewear.com\/de\/wp-json\/wp\/v2\/product_tag?post=47208"}],"curies":[{"name":"wp","href":"https:\/\/api.w.org\/{rel}","templated":true}]}}