{"id":47374,"date":"2023-07-18T16:00:08","date_gmt":"2023-07-18T14:00:08","guid":{"rendered":"https:\/\/baturina-homewear.com\/product\/herren-hausjacke-wolle-rot-schwarz-satin-gesteppt\/"},"modified":"2026-02-17T13:23:47","modified_gmt":"2026-02-17T12:23:47","slug":"herren-hausjacke-wolle-rot-schwarz-satin-gesteppt","status":"publish","type":"product","link":"https:\/\/baturina-homewear.com\/de\/produkt\/herren-hausjacke-wolle-rot-schwarz-satin-gesteppt\/","title":{"rendered":"Herren Hausjacke Rote Wolle"},"content":{"rendered":"<p>Diese klassische Hausjacke aus Wolle ist ein echtes Muss f\u00fcr den Kleiderschrank. Es zeichnet sich durch die kultige Schalkragen-Silhouette aus und ist f\u00fcr Komfort und Stil designt. Mit einem fein gesteppten, handgen\u00e4hten Satin Besatz, der mit Paspeln verziert ist. Vollst\u00e4ndig mit Satin gef\u00fcttert. Wenn Sie auf der Suche nach einem warmen Morgenmantel sind, den Sie bei k\u00fchlen Temperaturen im Haus tragen k\u00f6nnen, ist dieser Morgenmantel perfekt.<\/p>\n<ul>\n<li>Schalkragen<\/li>\n<li>Brusttasche<\/li>\n<li>zwei tiefe Seitentaschen<\/li>\n<li>verstellbare Umschlagmanschetten<\/li>\n<li>bequeme, lockere Passform<\/li>\n<li>diskrete Aufh\u00e4ngeschlaufe auf der R\u00fcckseite<\/li>\n<li>langer G\u00fcrtel<\/li>\n<\/ul>\n<p>Material und Pflege: 60% Wolle, 20% Polyester, 20% Viskose. Professionelle chemische Reinigung.<\/p>\n","protected":false},"excerpt":{"rendered":"<p>Eine Hausjacke, die so warm und bequem ist, dass man sie am liebsten gar nicht mehr ausziehen m\u00f6chte! Sie hat die ikonische Silhouette des Schalkragens und wurde f\u00fcr Komfort und Stil entworfen.<\/p>\n","protected":false},"featured_media":47354,"comment_status":"open","ping_status":"closed","template":"","meta":[],"product_brand":[],"product_cat":[496,491,994,981],"product_tag":[464,768],"class_list":{"0":"post-47374","1":"product","2":"type-product","3":"status-publish","4":"has-post-thumbnail","6":"product_cat-herren-hausjacken","7":"product_cat-morgenmaentel","8":"product_cat-warme-mantel","9":"product_cat-wolle-bademantel","10":"product_tag-custom-size-de","11":"product_tag-monogram-de","12":"product_shipping_class-auf-bestellung","13":"pa_color-rot","14":"pa_color-black-de","15":"pa_color-swatch-hellrot","16":"pa_fabric-content-polyester-viscose-mix-de","17":"pa_fabric-content-wolle","18":"pa_fabric-weave-type-flanell","19":"pa_fabric-weave-type-satin-de","20":"pa_fabric-weight-schwer-und-warm","21":"pa_pattern-einfarbig","22":"pa_size-2xl-de","23":"pa_size-3xl-de","24":"pa_size-4xl-de","25":"pa_size-5xl-de","26":"pa_size-l-de","27":"pa_size-m-de","28":"pa_size-massanfertigung","29":"pa_size-s-de","30":"pa_size-xl-de","31":"pa_size-xs-de","33":"first","34":"instock","35":"taxable","36":"shipping-taxable","37":"purchasable","38":"product-type-simple"},"_links":{"self":[{"href":"https:\/\/baturina-homewear.com\/de\/wp-json\/wp\/v2\/product\/47374","targetHints":{"allow":["GET"]}}],"collection":[{"href":"https:\/\/baturina-homewear.com\/de\/wp-json\/wp\/v2\/product"}],"about":[{"href":"https:\/\/baturina-homewear.com\/de\/wp-json\/wp\/v2\/types\/product"}],"replies":[{"embeddable":true,"href":"https:\/\/baturina-homewear.com\/de\/wp-json\/wp\/v2\/comments?post=47374"}],"version-history":[{"count":11,"href":"https:\/\/baturina-homewear.com\/de\/wp-json\/wp\/v2\/product\/47374\/revisions"}],"predecessor-version":[{"id":76169,"href":"https:\/\/baturina-homewear.com\/de\/wp-json\/wp\/v2\/product\/47374\/revisions\/76169"}],"wp:featuredmedia":[{"embeddable":true,"href":"https:\/\/baturina-homewear.com\/de\/wp-json\/wp\/v2\/media\/47354"}],"wp:attachment":[{"href":"https:\/\/baturina-homewear.com\/de\/wp-json\/wp\/v2\/media?parent=47374"}],"wp:term":[{"taxonomy":"product_brand","embeddable":true,"href":"https:\/\/baturina-homewear.com\/de\/wp-json\/wp\/v2\/product_brand?post=47374"},{"taxonomy":"product_cat","embeddable":true,"href":"https:\/\/baturina-homewear.com\/de\/wp-json\/wp\/v2\/product_cat?post=47374"},{"taxonomy":"product_tag","embeddable":true,"href":"https:\/\/baturina-homewear.com\/de\/wp-json\/wp\/v2\/product_tag?post=47374"}],"curies":[{"name":"wp","href":"https:\/\/api.w.org\/{rel}","templated":true}]}}