{"id":47426,"date":"2023-07-20T15:43:05","date_gmt":"2023-07-20T13:43:05","guid":{"rendered":"https:\/\/baturina-homewear.com\/product\/herren-hausmantel-goldgelb-gebluemt-schwarz-gesteppt-satin\/"},"modified":"2025-12-01T19:26:14","modified_gmt":"2025-12-01T18:26:14","slug":"herren-hausmantel-gold-gelb-schwarz-gesteppt-baumwolle-satin","status":"publish","type":"product","link":"https:\/\/baturina-homewear.com\/de\/produkt\/herren-hausmantel-gold-gelb-schwarz-gesteppt-baumwolle-satin\/","title":{"rendered":"Herren Hausmantel Gelb Gold Floral Schwarz Gesteppt Satin Gold"},"content":{"rendered":"<p>Es gibt mehrere Gr\u00fcnde, warum Sie sich f\u00fcr einen Morgenmantel entscheiden sollten: Komfort, Bequemlichkeit, Privatsph\u00e4re und Stil. Bei Baturina Homewear werden unsere Morgenm\u00e4ntel und Pyjamas unter Ber\u00fccksichtigung all dieser Aspekte entworfen. Investieren Sie in Ihren pers\u00f6nlichen Stil und Komfort mit diesem warmen Morgenmantel im Vintage-Stil, der aus einem atemberaubenden goldgelben Jacquard gefertigt ist. Es weist ein kunstvolles, in den Stoff eingewobenes Blumenmuster auf. Das Futter ist vollst\u00e4ndig mit goldfarbenem Satin gef\u00fcttert, der sich wie Seide anf\u00fchlt. Mit seinem gelben Farbton und den goldenen und schwarzen Details verk\u00f6rpert dieser Morgenmantel perfekt Luxus, Genuss und Raffinesse. Einfach mit dem langen G\u00fcrtel mit Quasten schlie\u00dfen. Wenn Sie Ihre h\u00e4usliche Kleidung aufwerten m\u00f6chten, sind Sie bei Baturina Homewear an der richtigen Adresse. Entspannen Sie sich zu Hause, empfangen Sie G\u00e4ste und nutzen Sie Ihre Freizeit mit Stil und Klasse.<\/p>\n<ul>\n<li>Schalkragen<\/li>\n<li>Brusttasche<\/li>\n<li>zwei tiefe Seitentaschen<\/li>\n<li>verstellbare Umschlagmanschetten<\/li>\n<li>bequeme, lockere Passform<\/li>\n<li>diskrete Aufh\u00e4ngeschlaufe auf der R\u00fcckseite<\/li>\n<li>langer G\u00fcrtel<\/li>\n<li>schwerer und warmer Morgenmantel, Gr\u00f6\u00dfe M wiegt etwa 2 kg (4 lbs)<\/li>\n<\/ul>\n<p>Material und Pflege: Au\u00dfen: 60% Baumwolle, 40% Polyester. Innen: 60% Polyester, 40% Viskose. Separat waschen, 30\u00b0 C, nicht im Trockner trocknen, bei niedriger Hitze b\u00fcgeln.<\/p>\n","protected":false},"excerpt":{"rendered":"<p>Es gibt mehrere Gr\u00fcnde, warum Sie sich f\u00fcr einen Morgenmantel entscheiden sollten: Komfort, Bequemlichkeit, Privatsph\u00e4re und Stil. Bei Baturina Homewear<\/p>\n","protected":false},"featured_media":47338,"comment_status":"open","ping_status":"closed","template":"","meta":[],"product_brand":[],"product_cat":[463,491,899],"product_tag":[464,768],"class_list":{"0":"post-47426","1":"product","2":"type-product","3":"status-publish","4":"has-post-thumbnail","6":"product_cat-herren-hausmantel","7":"product_cat-morgenmaentel","8":"product_cat-limited-edition-de","9":"product_tag-custom-size-de","10":"product_tag-monogram-de","11":"product_shipping_class-auf-bestellung","12":"pa_color-gold-de","13":"pa_color-swatch-gold-de","14":"pa_fabric-content-cotton-de","15":"pa_fabric-weave-type-jacquard-de","16":"pa_fabric-weight-schwer-und-warm","17":"pa_pattern-blumen","18":"pa_size-2xl-de","19":"pa_size-3xl-de","20":"pa_size-4xl-de","21":"pa_size-5xl-de","22":"pa_size-l-de","23":"pa_size-m-de","24":"pa_size-massanfertigung","25":"pa_size-s-de","26":"pa_size-xl-de","27":"pa_size-xs-de","29":"first","30":"instock","31":"taxable","32":"shipping-taxable","33":"purchasable","34":"product-type-simple"},"_links":{"self":[{"href":"https:\/\/baturina-homewear.com\/de\/wp-json\/wp\/v2\/product\/47426","targetHints":{"allow":["GET"]}}],"collection":[{"href":"https:\/\/baturina-homewear.com\/de\/wp-json\/wp\/v2\/product"}],"about":[{"href":"https:\/\/baturina-homewear.com\/de\/wp-json\/wp\/v2\/types\/product"}],"replies":[{"embeddable":true,"href":"https:\/\/baturina-homewear.com\/de\/wp-json\/wp\/v2\/comments?post=47426"}],"version-history":[{"count":4,"href":"https:\/\/baturina-homewear.com\/de\/wp-json\/wp\/v2\/product\/47426\/revisions"}],"predecessor-version":[{"id":73607,"href":"https:\/\/baturina-homewear.com\/de\/wp-json\/wp\/v2\/product\/47426\/revisions\/73607"}],"wp:featuredmedia":[{"embeddable":true,"href":"https:\/\/baturina-homewear.com\/de\/wp-json\/wp\/v2\/media\/47338"}],"wp:attachment":[{"href":"https:\/\/baturina-homewear.com\/de\/wp-json\/wp\/v2\/media?parent=47426"}],"wp:term":[{"taxonomy":"product_brand","embeddable":true,"href":"https:\/\/baturina-homewear.com\/de\/wp-json\/wp\/v2\/product_brand?post=47426"},{"taxonomy":"product_cat","embeddable":true,"href":"https:\/\/baturina-homewear.com\/de\/wp-json\/wp\/v2\/product_cat?post=47426"},{"taxonomy":"product_tag","embeddable":true,"href":"https:\/\/baturina-homewear.com\/de\/wp-json\/wp\/v2\/product_tag?post=47426"}],"curies":[{"name":"wp","href":"https:\/\/api.w.org\/{rel}","templated":true}]}}