{"id":47913,"date":"2024-09-29T11:31:40","date_gmt":"2024-09-29T09:31:40","guid":{"rendered":"https:\/\/baturina-homewear.com\/product\/herren-hausjacke-samt-schwarz-koenigsblau-gesteppt-mit-gold-satin-kordelpaspeln-quasten\/"},"modified":"2026-02-04T14:01:56","modified_gmt":"2026-02-04T13:01:56","slug":"herren-hausjacke-schwarz-blau-samt-gesteppt-mit-gold-satin-kordelpaspel","status":"publish","type":"product","link":"https:\/\/baturina-homewear.com\/de\/produkt\/herren-hausjacke-schwarz-blau-samt-gesteppt-mit-gold-satin-kordelpaspel\/","title":{"rendered":"Herren Hausjacke Schwarz K\u00f6nigsblau Samt gesteppt mit Goldsatin, Kordelpaspeln, Quasten"},"content":{"rendered":"<p>Ein Morgenmantel mit Schalkragen aus reiner Baumwolle, der die Abendstunden und den Start in den Tag mit privaten Momenten der Entspannung bereichert. F\u00fcr diesen Morgenmantel verwenden wir hochwertigen Baumwollsamt (ca. 2,5kg \/ 3 lbs). Dieser luxuri\u00f6se Morgenmantel aus Samt ist angenehm schwer und weich. Es zeichnet sich durch eine reiche Farbpalette aus Schwarz, K\u00f6nigsblau und Gold aus. Der Morgenmantel hat einen klassischen Schnitt und ist in vielen verschiedenen L\u00e4ngen erh\u00e4ltlich, von der Mitte des Oberschenkels bis zum Kn\u00f6chel. Das Futter ist aus reichem Satin gef\u00fcttert, der Schalkragen und die Taschen sind bequem. Feine, handgestickte Rautensteppungen und goldene Kordelpaspeln an Schalkragen, \u00c4rmeln und Taschen verleihen ihm eine edle Note. Geschlossen wird es l\u00e4ssig mit einem G\u00fcrtel mit Quasten zum Binden. Alle unsere Designs werden individuell auf Bestellung in unserem Atelier angefertigt und jedes ist das Ergebnis stundenlanger handwerklicher Arbeit. Genie\u00dfen Sie Komfort und Stil in unseren Herren Morgenm\u00e4nteln, Pyjama Sets und Accessoires, hergestellt in Hamburg, Deutschland. <\/p>\n<ul>\n<li>Schalkragen<\/li>\n<li>Brusttasche<\/li>\n<li>zwei tiefe Seitentaschen<\/li>\n<li>verstellbare Umschlagmanschetten<\/li>\n<li>bequeme, lockere Passform<\/li>\n<li>diskrete Aufh\u00e4ngeschlaufe auf der R\u00fcckseite<\/li>\n<li>langer G\u00fcrtel<\/li>\n<li>schwer und warm (eine Gr\u00f6\u00dfe M wiegt ca. 2,5 kg \/ 3 lbs)<\/li>\n<\/ul>\n<p>Material und Pflege: Au\u00dfenseite: 100% Baumwolle. Innen: 60% Polyester, 40% Viskose.  Professionelle Reinigung.<\/p>\n","protected":false},"excerpt":{"rendered":"<p>Ein Morgenmantel mit Schalkragen aus reiner Baumwolle, der die Abendstunden und den Start in den Tag mit privaten Momenten der<\/p>\n","protected":false},"featured_media":62499,"comment_status":"open","ping_status":"closed","template":"","meta":[],"product_brand":[],"product_cat":[496,491,980,994],"product_tag":[464,768],"class_list":{"0":"post-47913","1":"product","2":"type-product","3":"status-publish","4":"has-post-thumbnail","6":"product_cat-herren-hausjacken","7":"product_cat-morgenmaentel","8":"product_cat-samt-bademantel","9":"product_cat-warme-mantel","10":"product_tag-custom-size-de","11":"product_tag-monogram-de","12":"product_shipping_class-auf-bestellung","13":"pa_color-blau","14":"pa_color-black-de","15":"pa_color-swatch-blau","16":"pa_fabric-content-cotton-de","17":"pa_fabric-weave-type-samt","18":"pa_fabric-weight-schwer-und-warm","19":"pa_pattern-einfarbig","21":"first","22":"instock","23":"taxable","24":"shipping-taxable","25":"purchasable","26":"product-type-simple"},"_links":{"self":[{"href":"https:\/\/baturina-homewear.com\/de\/wp-json\/wp\/v2\/product\/47913","targetHints":{"allow":["GET"]}}],"collection":[{"href":"https:\/\/baturina-homewear.com\/de\/wp-json\/wp\/v2\/product"}],"about":[{"href":"https:\/\/baturina-homewear.com\/de\/wp-json\/wp\/v2\/types\/product"}],"replies":[{"embeddable":true,"href":"https:\/\/baturina-homewear.com\/de\/wp-json\/wp\/v2\/comments?post=47913"}],"version-history":[{"count":8,"href":"https:\/\/baturina-homewear.com\/de\/wp-json\/wp\/v2\/product\/47913\/revisions"}],"predecessor-version":[{"id":76133,"href":"https:\/\/baturina-homewear.com\/de\/wp-json\/wp\/v2\/product\/47913\/revisions\/76133"}],"wp:featuredmedia":[{"embeddable":true,"href":"https:\/\/baturina-homewear.com\/de\/wp-json\/wp\/v2\/media\/62499"}],"wp:attachment":[{"href":"https:\/\/baturina-homewear.com\/de\/wp-json\/wp\/v2\/media?parent=47913"}],"wp:term":[{"taxonomy":"product_brand","embeddable":true,"href":"https:\/\/baturina-homewear.com\/de\/wp-json\/wp\/v2\/product_brand?post=47913"},{"taxonomy":"product_cat","embeddable":true,"href":"https:\/\/baturina-homewear.com\/de\/wp-json\/wp\/v2\/product_cat?post=47913"},{"taxonomy":"product_tag","embeddable":true,"href":"https:\/\/baturina-homewear.com\/de\/wp-json\/wp\/v2\/product_tag?post=47913"}],"curies":[{"name":"wp","href":"https:\/\/api.w.org\/{rel}","templated":true}]}}