{"id":47954,"date":"2024-10-28T22:23:25","date_gmt":"2024-10-28T21:23:25","guid":{"rendered":"https:\/\/baturina-homewear.com\/product\/herren-hausmantel-dunkel-weinrot-samt-gesteppt-mit-schwarz-satin-kordelpaspeln-quasten\/"},"modified":"2025-11-14T13:03:50","modified_gmt":"2025-11-14T12:03:50","slug":"herren-hausmantel-dunkel-weinrot-samt-gesteppt-satin-schwarz-kordelpaspel-quasten","status":"publish","type":"product","link":"https:\/\/baturina-homewear.com\/de\/produkt\/herren-hausmantel-dunkel-weinrot-samt-gesteppt-satin-schwarz-kordelpaspel-quasten\/","title":{"rendered":"Herren Hausmantel Dunkel Weinrot Samt"},"content":{"rendered":"<p>Ein Morgenmantel mit Schalkragen aus reiner Baumwolle, der die Abendstunden und den Start in den Tag mit privaten Momenten der Entspannung bereichert. F\u00fcr diesen Morgenmantel verwenden wir hochwertigen Baumwollsamt (ca. 2,5kg \/ 3 lbs). Dieser luxuri\u00f6se Morgenmantel aus Samt ist angenehm schwer und weich und zeichnet sich durch einen <strong>\u00e4u\u00dferst seltenen Farbton von tiefem Weinrot<\/strong> aus, der mit reinem Schwarz gepaart ist. Der Morgenmantel hat einen klassischen Schnitt und ist in vielen verschiedenen L\u00e4ngen erh\u00e4ltlich, von der Mitte des Oberschenkels bis zum Kn\u00f6chel. Sie ist mit weichem Satin gef\u00fcttert, hat einen bequemen Schalkragen und Taschen. Feine handgestickte Rautensteppungen und schwarze Kordelpaspeln an Schalkragen, \u00c4rmeln und Taschen verleihen ihm eine edle Note. Geschlossen wird es l\u00e4ssig mit einem G\u00fcrtel mit Quasten zum Binden. Alle unsere Designs werden individuell auf Bestellung in unserem Atelier angefertigt und jedes ist das Ergebnis stundenlanger handwerklicher Arbeit. Genie\u00dfen Sie Komfort und Stil in unseren Herren Morgenm\u00e4nteln, Pyjama Sets und Accessoires, hergestellt in Hamburg, Deutschland. <\/p>\n<ul>\n<li>Schalkragen<\/li>\n<li>Brusttasche<\/li>\n<li>zwei tiefe Seitentaschen<\/li>\n<li>verstellbare Umschlagmanschetten<\/li>\n<li>bequeme, lockere Passform<\/li>\n<li>diskrete Aufh\u00e4ngeschlaufe auf der R\u00fcckseite<\/li>\n<li>langer G\u00fcrtel<\/li>\n<li>schwer und warm (eine Gr\u00f6\u00dfe M wiegt ca. 2,5 kg \/ 3 lbs)<\/li>\n<\/ul>\n<p>Material und Pflege: Au\u00dfenseite: 100% Baumwolle. Innen: 60% Polyester, 40% Viskose.  Professionelle Reinigung.<\/p>\n","protected":false},"excerpt":{"rendered":"<p><strong>Dieser Morgenmantel wird im Januar 2026 wieder erh\u00e4ltlich sein.<\/strong><\/p>\n","protected":false},"featured_media":47806,"comment_status":"open","ping_status":"closed","template":"","meta":[],"product_brand":[],"product_cat":[463,491,980,994],"product_tag":[464,768],"class_list":{"0":"post-47954","1":"product","2":"type-product","3":"status-publish","4":"has-post-thumbnail","6":"product_cat-herren-hausmantel","7":"product_cat-morgenmaentel","8":"product_cat-samt-bademantel","9":"product_cat-warme-mantel","10":"product_tag-custom-size-de","11":"product_tag-monogram-de","12":"product_shipping_class-auf-bestellung","13":"pa_color-rot","14":"pa_color-swatch-dunkel-weinrot","15":"pa_fabric-content-cotton-de","16":"pa_fabric-weave-type-samt","17":"pa_fabric-weight-schwer-und-warm","18":"pa_pattern-einfarbig","19":"pa_size-2xl-de","20":"pa_size-3xl-de","21":"pa_size-4xl-de","22":"pa_size-5xl-de","23":"pa_size-l-de","24":"pa_size-m-de","25":"pa_size-massanfertigung","26":"pa_size-s-de","27":"pa_size-xl-de","28":"pa_size-xs-de","30":"first","31":"outofstock","32":"taxable","33":"shipping-taxable","34":"purchasable","35":"product-type-simple"},"_links":{"self":[{"href":"https:\/\/baturina-homewear.com\/de\/wp-json\/wp\/v2\/product\/47954","targetHints":{"allow":["GET"]}}],"collection":[{"href":"https:\/\/baturina-homewear.com\/de\/wp-json\/wp\/v2\/product"}],"about":[{"href":"https:\/\/baturina-homewear.com\/de\/wp-json\/wp\/v2\/types\/product"}],"replies":[{"embeddable":true,"href":"https:\/\/baturina-homewear.com\/de\/wp-json\/wp\/v2\/comments?post=47954"}],"version-history":[{"count":9,"href":"https:\/\/baturina-homewear.com\/de\/wp-json\/wp\/v2\/product\/47954\/revisions"}],"predecessor-version":[{"id":77912,"href":"https:\/\/baturina-homewear.com\/de\/wp-json\/wp\/v2\/product\/47954\/revisions\/77912"}],"wp:featuredmedia":[{"embeddable":true,"href":"https:\/\/baturina-homewear.com\/de\/wp-json\/wp\/v2\/media\/47806"}],"wp:attachment":[{"href":"https:\/\/baturina-homewear.com\/de\/wp-json\/wp\/v2\/media?parent=47954"}],"wp:term":[{"taxonomy":"product_brand","embeddable":true,"href":"https:\/\/baturina-homewear.com\/de\/wp-json\/wp\/v2\/product_brand?post=47954"},{"taxonomy":"product_cat","embeddable":true,"href":"https:\/\/baturina-homewear.com\/de\/wp-json\/wp\/v2\/product_cat?post=47954"},{"taxonomy":"product_tag","embeddable":true,"href":"https:\/\/baturina-homewear.com\/de\/wp-json\/wp\/v2\/product_tag?post=47954"}],"curies":[{"name":"wp","href":"https:\/\/api.w.org\/{rel}","templated":true}]}}