{"id":48127,"date":"2023-08-03T14:01:23","date_gmt":"2023-08-03T12:01:23","guid":{"rendered":"https:\/\/baturina-homewear.com\/product\/herren-hausmantel-weinrot-samt-mit-gold-satin-kordelpaspel-quasten\/"},"modified":"2026-03-24T14:00:49","modified_gmt":"2026-03-24T13:00:49","slug":"herren-morgenmantel-weinrot-samt-gold-satin-kordelpaspel-quasten-baumwolle","status":"publish","type":"product","link":"https:\/\/baturina-homewear.com\/de\/produkt\/herren-morgenmantel-weinrot-samt-gold-satin-kordelpaspel-quasten-baumwolle\/","title":{"rendered":"Herren Hausmantel Weinrot Samt mit goldenen Kordelpaspeln, Satinfutter, Quasten"},"content":{"rendered":"<p>Ein Morgenmantel mit Schalkragen aus reiner Baumwolle, der die Abendstunden und den Start in den Tag mit privaten Momenten der Entspannung bereichert. F\u00fcr diesen Morgenmantel verwenden wir hochwertigen Baumwollsamt (ca. 2,5kg \/ 3 lbs). Dieser luxuri\u00f6se Morgenmantel aus Samt ist angenehm schwer und weich. Es zeichnet sich durch eine elegante Farbkombination aus Weinrot und Gold aus. Der Morgenmantel hat einen klassischen Schnitt und ist in vielen verschiedenen L\u00e4ngen erh\u00e4ltlich, von der Mitte des Oberschenkels bis zum Kn\u00f6chel. Das Futter ist aus wundersch\u00f6nem goldenem Satin gef\u00fcttert, der Schalkragen und die Taschen sind bequem. Goldfarbene Kordelpaspeln am Schalkragen, an den \u00c4rmeln und den Taschen verleihen ihm eine edle Note. Geschlossen wird es l\u00e4ssig mit einem G\u00fcrtel mit Quasten zum Binden. Alle unsere Designs werden individuell auf Bestellung in unserem Atelier angefertigt und jedes ist das Ergebnis stundenlanger handwerklicher Arbeit. Genie\u00dfen Sie Komfort und Stil in unseren Herren Morgenm\u00e4nteln, Pyjama Sets und Accessoires, hergestellt in Hamburg, Deutschland. <\/p>\n<ul>\n<li>Schalkragen<\/li>\n<li>Brusttasche<\/li>\n<li>zwei tiefe Seitentaschen<\/li>\n<li>verstellbare Umschlagmanschetten<\/li>\n<li>bequeme, lockere Passform<\/li>\n<li>diskrete Aufh\u00e4ngeschlaufe auf der R\u00fcckseite<\/li>\n<li>langer G\u00fcrtel<\/li>\n<li>schwer und warm (eine Gr\u00f6\u00dfe M wiegt ca. 2,5 kg \/ 3 lbs)<\/li>\n<\/ul>\n<p>Material und Pflege: Au\u00dfenseite: 100% Baumwolle. Innen: 60% Polyester, 40% Viskose.  Professionelle Reinigung.<\/p>\n","protected":false},"excerpt":{"rendered":"<p>Ein Morgenmantel mit Schalkragen aus reiner Baumwolle, der die Abendstunden und den Start in den Tag mit privaten Momenten der<\/p>\n","protected":false},"featured_media":48062,"comment_status":"open","ping_status":"closed","template":"","meta":[],"product_brand":[],"product_cat":[463,491,980,994,1211],"product_tag":[464,768],"class_list":{"0":"post-48127","1":"product","2":"type-product","3":"status-publish","4":"has-post-thumbnail","6":"product_cat-herren-hausmantel","7":"product_cat-morgenmaentel","8":"product_cat-samt-bademantel","9":"product_cat-warme-mantel","10":"product_cat-winter-lounge","11":"product_tag-custom-size-de","12":"product_tag-monogram-de","13":"product_shipping_class-auf-bestellung","14":"pa_color-rot","15":"pa_color-swatch-weinrot","16":"pa_fabric-content-cotton-de","17":"pa_fabric-weave-type-samt","18":"pa_fabric-weight-schwer-und-warm","19":"pa_pattern-einfarbig","20":"pa_size-2xl-de","21":"pa_size-3xl-de","22":"pa_size-4xl-de","23":"pa_size-5xl-de","24":"pa_size-l-de","25":"pa_size-m-de","26":"pa_size-massanfertigung","27":"pa_size-s-de","28":"pa_size-xl-de","29":"pa_size-xs-de","31":"first","32":"instock","33":"taxable","34":"shipping-taxable","35":"purchasable","36":"product-type-simple"},"_links":{"self":[{"href":"https:\/\/baturina-homewear.com\/de\/wp-json\/wp\/v2\/product\/48127","targetHints":{"allow":["GET"]}}],"collection":[{"href":"https:\/\/baturina-homewear.com\/de\/wp-json\/wp\/v2\/product"}],"about":[{"href":"https:\/\/baturina-homewear.com\/de\/wp-json\/wp\/v2\/types\/product"}],"replies":[{"embeddable":true,"href":"https:\/\/baturina-homewear.com\/de\/wp-json\/wp\/v2\/comments?post=48127"}],"version-history":[{"count":3,"href":"https:\/\/baturina-homewear.com\/de\/wp-json\/wp\/v2\/product\/48127\/revisions"}],"predecessor-version":[{"id":75078,"href":"https:\/\/baturina-homewear.com\/de\/wp-json\/wp\/v2\/product\/48127\/revisions\/75078"}],"wp:featuredmedia":[{"embeddable":true,"href":"https:\/\/baturina-homewear.com\/de\/wp-json\/wp\/v2\/media\/48062"}],"wp:attachment":[{"href":"https:\/\/baturina-homewear.com\/de\/wp-json\/wp\/v2\/media?parent=48127"}],"wp:term":[{"taxonomy":"product_brand","embeddable":true,"href":"https:\/\/baturina-homewear.com\/de\/wp-json\/wp\/v2\/product_brand?post=48127"},{"taxonomy":"product_cat","embeddable":true,"href":"https:\/\/baturina-homewear.com\/de\/wp-json\/wp\/v2\/product_cat?post=48127"},{"taxonomy":"product_tag","embeddable":true,"href":"https:\/\/baturina-homewear.com\/de\/wp-json\/wp\/v2\/product_tag?post=48127"}],"curies":[{"name":"wp","href":"https:\/\/api.w.org\/{rel}","templated":true}]}}