{"id":48279,"date":"2023-08-07T19:12:13","date_gmt":"2023-08-07T17:12:13","guid":{"rendered":"https:\/\/baturina-homewear.com\/product\/damen-hausmantel-samt-pink-gesteppt-mit-gold-satin-kordelpaspel-quasten\/"},"modified":"2025-01-10T12:30:11","modified_gmt":"2025-01-10T11:30:11","slug":"damen-hausmantel-pink-gold-samt-satin-gesteppt-kordel-quasten","status":"publish","type":"product","link":"https:\/\/baturina-homewear.com\/de\/produkt\/damen-hausmantel-pink-gold-samt-satin-gesteppt-kordel-quasten\/","title":{"rendered":"Damen Hausmantel Rosa Samt"},"content":{"rendered":"<p>Ein Morgenmantel mit Schalkragen aus reiner Baumwolle, der die Abendstunden und den Start in den Tag mit privaten Momenten der Entspannung bereichert. F\u00fcr diesen Morgenmantel verwenden wir hochwertigen Baumwollsamt (ca. 2,5kg \/ 3 lbs). Dieser luxuri\u00f6se Morgenmantel aus Samt ist angenehm schwer und weich. Es zeichnet sich durch eine leuchtende Farbkombination aus Rosa und Gold aus. Der Morgenmantel hat einen klassischen Schnitt und ist in vielen verschiedenen L\u00e4ngen erh\u00e4ltlich, von der Mitte des Oberschenkels bis zum Kn\u00f6chel. Das Futter ist aus goldfarbenem Satin, der Schalkragen und die Taschen sind bequem. Feine handgen\u00e4hte Rautensteppungen und goldene Kordelpaspeln an Schalkragen, \u00c4rmeln und Taschen verleihen ihm eine edle Note. Geschlossen wird es l\u00e4ssig mit einem G\u00fcrtel mit Quasten zum Binden. Alle unsere Designs werden individuell auf Bestellung in unserem Atelier hergestellt und sind das Ergebnis stundenlanger handwerklicher Arbeit. Genie\u00dfen Sie Komfort und Stil in unseren Morgenm\u00e4nteln, Pyjamasets und Accessoires, hergestellt in Hamburg, Deutschland.<\/p>\n<ul>\n<li>Schalkragen<\/li>\n<li>Brusttasche<\/li>\n<li>zwei tiefe Seitentaschen<\/li>\n<li>verstellbare Umschlagmanschetten<\/li>\n<li>Bequeme, lockere Passform<\/li>\n<li>diskrete Aufh\u00e4ngeschlaufe auf der R\u00fcckseite<\/li>\n<li>langer G\u00fcrtel<\/li>\n<li>schwer und warm (eine Gr\u00f6\u00dfe M wiegt ca. 2,5 kg)<\/li>\n<\/ul>\n<p>Material und Pflege: \u00c4u\u00dferes: 100% Baumwolle. Innen: 60% Polyester, 40% Viskose. Professionelle Reinigung.<\/p>\n","protected":false},"excerpt":{"rendered":"<div id=\"short-desc\" class=\"elementor-element elementor-element-27760ab wd-single-short-desc text-left elementor-widget elementor-widget-wd_single_product_short_description\" data-id=\"27760ab\" data-element_type=\"widget\" data-widget_type=\"wd_single_product_short_description.default\">\n<div class=\"elementor-widget-container\">\n<div class=\"woocommerce-product-details__short-description\">\n<p>Ein Morgenmantel mit Schalkragen aus reiner Baumwolle, der die Abendstunden und den Start in den Tag mit privaten Momenten der Entspannung bereichert. Feine handgen\u00e4hte Rautensteppungen und goldene Kordelpaspeln an Schalkragen, \u00c4rmeln und Taschen verleihen ihm eine edle Note.<\/p>\n<\/div>\n<\/div>\n<\/div>\n","protected":false},"featured_media":48233,"comment_status":"open","ping_status":"closed","template":"","meta":[],"product_brand":[],"product_cat":[728,759,491],"product_tag":[464,731,768],"class_list":{"0":"post-48279","1":"product","2":"type-product","3":"status-publish","4":"has-post-thumbnail","6":"product_cat-damen-morgenmantel","7":"product_cat-damen-hausmantel","8":"product_cat-morgenmaentel","9":"product_tag-custom-size-de","10":"product_tag-custom-size-damen","11":"product_tag-monogram-de","12":"pa_color-pink-de","13":"pa_color-swatch-rosa","14":"pa_fabric-content-cotton-de","15":"pa_fabric-weave-type-samt","16":"pa_fabric-weight-schwer-und-warm","17":"pa_pattern-einfarbig","18":"pa_size-2xl-de","19":"pa_size-3xl-de","20":"pa_size-4xl-de","21":"pa_size-5xl-de","22":"pa_size-l-de","23":"pa_size-m-de","24":"pa_size-massanfertigung","25":"pa_size-s-de","26":"pa_size-xl-de","27":"pa_size-xs-de","29":"first","30":"outofstock","31":"taxable","32":"shipping-taxable","33":"purchasable","34":"product-type-simple"},"_links":{"self":[{"href":"https:\/\/baturina-homewear.com\/de\/wp-json\/wp\/v2\/product\/48279","targetHints":{"allow":["GET"]}}],"collection":[{"href":"https:\/\/baturina-homewear.com\/de\/wp-json\/wp\/v2\/product"}],"about":[{"href":"https:\/\/baturina-homewear.com\/de\/wp-json\/wp\/v2\/types\/product"}],"replies":[{"embeddable":true,"href":"https:\/\/baturina-homewear.com\/de\/wp-json\/wp\/v2\/comments?post=48279"}],"version-history":[{"count":5,"href":"https:\/\/baturina-homewear.com\/de\/wp-json\/wp\/v2\/product\/48279\/revisions"}],"predecessor-version":[{"id":64802,"href":"https:\/\/baturina-homewear.com\/de\/wp-json\/wp\/v2\/product\/48279\/revisions\/64802"}],"wp:featuredmedia":[{"embeddable":true,"href":"https:\/\/baturina-homewear.com\/de\/wp-json\/wp\/v2\/media\/48233"}],"wp:attachment":[{"href":"https:\/\/baturina-homewear.com\/de\/wp-json\/wp\/v2\/media?parent=48279"}],"wp:term":[{"taxonomy":"product_brand","embeddable":true,"href":"https:\/\/baturina-homewear.com\/de\/wp-json\/wp\/v2\/product_brand?post=48279"},{"taxonomy":"product_cat","embeddable":true,"href":"https:\/\/baturina-homewear.com\/de\/wp-json\/wp\/v2\/product_cat?post=48279"},{"taxonomy":"product_tag","embeddable":true,"href":"https:\/\/baturina-homewear.com\/de\/wp-json\/wp\/v2\/product_tag?post=48279"}],"curies":[{"name":"wp","href":"https:\/\/api.w.org\/{rel}","templated":true}]}}