{"id":48285,"date":"2023-08-07T17:08:31","date_gmt":"2023-08-07T15:08:31","guid":{"rendered":"https:\/\/baturina-homewear.com\/product\/damen-hausmantel-dunkelgruen-samt-gesteppt-mit-gold-satin-kordelpaspeln-quasten\/"},"modified":"2026-02-11T17:31:14","modified_gmt":"2026-02-11T16:31:14","slug":"frauen-hausmantel-waldgrun-velvet-gesteppt-mit-goldenem-satin-kordelpaspeln-quasten","status":"publish","type":"product","link":"https:\/\/baturina-homewear.com\/de\/produkt\/frauen-hausmantel-waldgrun-velvet-gesteppt-mit-goldenem-satin-kordelpaspeln-quasten\/","title":{"rendered":"Damen Hausmantel Waldgr\u00fcn Gold Samt"},"content":{"rendered":"<p>Entdecken Sie unsere charakteristischen Morgenm\u00e4ntel aus reinem Samt, die in einer Vielzahl von Stilen erh\u00e4ltlich sind. Ein Morgenmantel mit Schalkragen aus reiner Baumwolle, der die Abendstunden und den Start in den Tag mit privaten Momenten der Entspannung bereichert. F\u00fcr diesen Morgenmantel verwenden wir hochwertigen Baumwollsamt (ca. 2,5kg \/ 3 lbs). Dieser luxuri\u00f6se Morgenmantel aus Samt ist angenehm schwer und weich. Es zeichnet sich durch eine elegante Farbkombination aus Gr\u00fcn und Gold aus. Der Morgenmantel hat einen klassischen Schnitt und ist in vielen verschiedenen L\u00e4ngen erh\u00e4ltlich, von der Mitte des Oberschenkels bis zum Kn\u00f6chel. Das Futter ist aus reichem Satin gef\u00fcttert, der Schalkragen und die Taschen sind bequem. Feine, handgestickte Rautensteppungen und goldene Kordelpaspeln an Schalkragen, \u00c4rmeln und Taschen verleihen ihm eine edle Note. Geschlossen wird es l\u00e4ssig mit einem G\u00fcrtel mit Quasten zum Binden. Alle unsere Designs werden individuell auf Bestellung in unserem Atelier angefertigt und jedes ist das Ergebnis stundenlanger handwerklicher Arbeit. Genie\u00dfen Sie Komfort und Stil in unseren Morgenm\u00e4nteln, Pyjamasets und Accessoires, hergestellt in Hamburg, Deutschland.<\/p>\n<ul>\n<li>Schalkragen<\/li>\n<li>Brusttasche<\/li>\n<li>zwei tiefe Seitentaschen<\/li>\n<li>verstellbare Umschlagmanschetten<\/li>\n<li>bequeme, lockere Passform<\/li>\n<li>diskrete Aufh\u00e4ngeschlaufe auf der R\u00fcckseite<\/li>\n<li>langer G\u00fcrtel<\/li>\n<li>schwer und warm (eine Gr\u00f6\u00dfe M wiegt ca. 2,5 kg \/ 3 lbs)<\/li>\n<\/ul>\n<p>Material und Pflege: Au\u00dfenseite: 100% Baumwolle. Innen: 60% Polyester, 40% Viskose.  Professionelle Reinigung.<\/p>\n","protected":false},"excerpt":{"rendered":"<p>Unser Morgenmantel aus gr\u00fcnem Samt ist ein Meisterwerk der Schneiderkunst, entworfen f\u00fcr Komfort und Eleganz. Dieser edle Mantel in Erbst\u00fcckqualit\u00e4t ist f\u00fcr Langlebigkeit gemacht und garantiert zeitlosen Stil und dauerhaften Luxus.<\/p>\n","protected":false},"featured_media":61171,"comment_status":"open","ping_status":"closed","template":"","meta":[],"product_brand":[],"product_cat":[759,728,1153],"product_tag":[731,768],"class_list":{"0":"post-48285","1":"product","2":"type-product","3":"status-publish","4":"has-post-thumbnail","6":"product_cat-damen-hausmantel","7":"product_cat-damen-morgenmantel","8":"product_cat-warme-morgenmantel","9":"product_tag-custom-size-damen","10":"product_tag-monogram-de","11":"product_shipping_class-auf-bestellung","12":"pa_color-green-de","13":"pa_color-swatch-waldgrun","14":"pa_fabric-content-cotton-de","15":"pa_fabric-weave-type-samt","16":"pa_fabric-weight-schwer-und-warm","17":"pa_pattern-einfarbig","18":"pa_size-2xl-de","19":"pa_size-3xl-de","20":"pa_size-4xl-de","21":"pa_size-5xl-de","22":"pa_size-l-de","23":"pa_size-m-de","24":"pa_size-massanfertigung","25":"pa_size-s-de","26":"pa_size-xl-de","27":"pa_size-xs-de","29":"first","30":"instock","31":"taxable","32":"shipping-taxable","33":"purchasable","34":"product-type-simple"},"_links":{"self":[{"href":"https:\/\/baturina-homewear.com\/de\/wp-json\/wp\/v2\/product\/48285","targetHints":{"allow":["GET"]}}],"collection":[{"href":"https:\/\/baturina-homewear.com\/de\/wp-json\/wp\/v2\/product"}],"about":[{"href":"https:\/\/baturina-homewear.com\/de\/wp-json\/wp\/v2\/types\/product"}],"replies":[{"embeddable":true,"href":"https:\/\/baturina-homewear.com\/de\/wp-json\/wp\/v2\/comments?post=48285"}],"version-history":[{"count":13,"href":"https:\/\/baturina-homewear.com\/de\/wp-json\/wp\/v2\/product\/48285\/revisions"}],"predecessor-version":[{"id":73690,"href":"https:\/\/baturina-homewear.com\/de\/wp-json\/wp\/v2\/product\/48285\/revisions\/73690"}],"wp:featuredmedia":[{"embeddable":true,"href":"https:\/\/baturina-homewear.com\/de\/wp-json\/wp\/v2\/media\/61171"}],"wp:attachment":[{"href":"https:\/\/baturina-homewear.com\/de\/wp-json\/wp\/v2\/media?parent=48285"}],"wp:term":[{"taxonomy":"product_brand","embeddable":true,"href":"https:\/\/baturina-homewear.com\/de\/wp-json\/wp\/v2\/product_brand?post=48285"},{"taxonomy":"product_cat","embeddable":true,"href":"https:\/\/baturina-homewear.com\/de\/wp-json\/wp\/v2\/product_cat?post=48285"},{"taxonomy":"product_tag","embeddable":true,"href":"https:\/\/baturina-homewear.com\/de\/wp-json\/wp\/v2\/product_tag?post=48285"}],"curies":[{"name":"wp","href":"https:\/\/api.w.org\/{rel}","templated":true}]}}