{"id":49118,"date":"2023-09-20T16:33:37","date_gmt":"2023-09-20T14:33:37","guid":{"rendered":"https:\/\/baturina-homewear.com\/product\/herren-hausmantel-tropische-baumwolle-samt-gruen-weiss-braun\/"},"modified":"2025-01-10T12:01:23","modified_gmt":"2025-01-10T11:01:23","slug":"herren-morgenmantel-tropisch-baumwolle-gruen-weiss-braun","status":"publish","type":"product","link":"https:\/\/baturina-homewear.com\/de\/produkt\/herren-morgenmantel-tropisch-baumwolle-gruen-weiss-braun\/","title":{"rendered":"Herren Hausmantel Tropical Cotton"},"content":{"rendered":"<p>Zelebrieren Sie Ihre Momente der Entspannung in diesem eleganten Morgenmantel mit tropischem Thema, von dem wir nur zwei St\u00fcck hergestellt haben. Dieser Morgenmantel mit Schalkragen in limitierter Auflage bereichert die Abendstunden und den Start in den Tag. F\u00fcr diesen Morgenmantel verwenden wir hochwertige Jacquard-Baumwolle, die ein wundersch\u00f6nes tropisches Bl\u00e4ttermuster aufweist. Die Baumwolle ist angenehm gewebt und hat einen sch\u00f6nen Hauch von W\u00e4rme. Die Farbpalette ist erdig mit Braun, sanftem Gr\u00fcn und Off-White. Der Morgenmantel ist klassisch geschnitten und verf\u00fcgt \u00fcber einen bequemen Schalkragen und Taschen. Dezente Paspelierungen an Kragen, \u00c4rmeln und Taschen verleihen ihm einen edlen Touch. Sie wird l\u00e4ssig mit einem Bindeg\u00fcrtel geschlossen.       <\/p>\n<ul>\n<li>Schalkragen<\/li>\n<li>Brusttasche<\/li>\n<li>zwei tiefe Seitentaschen<\/li>\n<li>verstellbare Umschlagmanschetten<\/li>\n<li>Bequeme, lockere Passform<\/li>\n<li>diskrete Aufh\u00e4ngeschlaufe auf der R\u00fcckseite<\/li>\n<li>langer G\u00fcrtel<\/li>\n<li>Gewicht eines Morgenmantels der Gr\u00f6\u00dfe M: 1,5 kg (3 lbs)<\/li>\n<li>L\u00e4nge: 135 cm (53 in)<\/li>\n<\/ul>\n<p>Materialien und Pflege: \u00c4u\u00dferes: 60% Baumwolle, 40% Polyester. Innen: 60%Polyester, 40% Viskose. Maschinenw\u00e4sche bei 30\u00b0C, nicht im Trockner trocknen, bei niedriger Hitze b\u00fcgeln.  <\/p>\n","protected":false},"excerpt":{"rendered":"<p>Zelebrieren Sie Ihre Momente der Entspannung in diesem eleganten Morgenmantel mit tropischem Thema, von dem wir nur zwei St\u00fcck hergestellt haben. Dieser Morgenmantel mit Schalkragen in limitierter Auflage bereichert die Abendstunden und den Start in den Tag. <\/p>\n","protected":false},"featured_media":49098,"comment_status":"open","ping_status":"closed","template":"","meta":[],"product_brand":[],"product_cat":[463,491],"product_tag":[],"class_list":{"0":"post-49118","1":"product","2":"type-product","3":"status-publish","4":"has-post-thumbnail","6":"product_cat-herren-hausmantel","7":"product_cat-morgenmaentel","8":"pa_color-braun","9":"pa_color-green-de","10":"pa_color-weiss","11":"pa_fabric-content-cotton-de","12":"pa_fabric-content-polyester-viscose-mix-de","13":"pa_fabric-weave-type-jacquard-de","14":"pa_fabric-weight-regular-de","15":"pa_pattern-blumen","16":"pa_pattern-verspielt","17":"pa_product-type-limited-edition-de","18":"pa_size-l-de","19":"pa_size-m-de","21":"first","22":"outofstock","23":"sale","24":"taxable","25":"shipping-taxable","26":"purchasable","27":"product-type-variable","28":"has-default-attributes"},"_links":{"self":[{"href":"https:\/\/baturina-homewear.com\/de\/wp-json\/wp\/v2\/product\/49118","targetHints":{"allow":["GET"]}}],"collection":[{"href":"https:\/\/baturina-homewear.com\/de\/wp-json\/wp\/v2\/product"}],"about":[{"href":"https:\/\/baturina-homewear.com\/de\/wp-json\/wp\/v2\/types\/product"}],"replies":[{"embeddable":true,"href":"https:\/\/baturina-homewear.com\/de\/wp-json\/wp\/v2\/comments?post=49118"}],"version-history":[{"count":5,"href":"https:\/\/baturina-homewear.com\/de\/wp-json\/wp\/v2\/product\/49118\/revisions"}],"predecessor-version":[{"id":64755,"href":"https:\/\/baturina-homewear.com\/de\/wp-json\/wp\/v2\/product\/49118\/revisions\/64755"}],"wp:featuredmedia":[{"embeddable":true,"href":"https:\/\/baturina-homewear.com\/de\/wp-json\/wp\/v2\/media\/49098"}],"wp:attachment":[{"href":"https:\/\/baturina-homewear.com\/de\/wp-json\/wp\/v2\/media?parent=49118"}],"wp:term":[{"taxonomy":"product_brand","embeddable":true,"href":"https:\/\/baturina-homewear.com\/de\/wp-json\/wp\/v2\/product_brand?post=49118"},{"taxonomy":"product_cat","embeddable":true,"href":"https:\/\/baturina-homewear.com\/de\/wp-json\/wp\/v2\/product_cat?post=49118"},{"taxonomy":"product_tag","embeddable":true,"href":"https:\/\/baturina-homewear.com\/de\/wp-json\/wp\/v2\/product_tag?post=49118"}],"curies":[{"name":"wp","href":"https:\/\/api.w.org\/{rel}","templated":true}]}}