{"id":49738,"date":"2023-10-15T16:45:30","date_gmt":"2023-10-15T14:45:30","guid":{"rendered":"https:\/\/baturina-homewear.com\/product\/herren-hausjacke-dunkelblau-wolle-schwarz-satin\/"},"modified":"2025-12-15T11:30:07","modified_gmt":"2025-12-15T10:30:07","slug":"herren-hausjacke-dunkelblau-wolle-schwarz-satin","status":"publish","type":"product","link":"https:\/\/baturina-homewear.com\/de\/produkt\/herren-hausjacke-dunkelblau-wolle-schwarz-satin\/","title":{"rendered":"Herren Hausjacke Dunkelblau Wolle Schwarz Satin"},"content":{"rendered":"<p>Wenn Sie Ihre h\u00e4usliche Kleidung aufwerten m\u00f6chten, sind Sie bei Baturina Homewear genau an der richtigen Adresse. Entspannen Sie sich zu Hause, empfangen Sie G\u00e4ste und machen Sie das Beste aus Ihrer Freizeit mit Stil und Klasse. Diese klassische Hausjacke aus Wolle ist ein echtes Muss f\u00fcr Ihren Kleiderschrank. Er zeichnet sich durch die kultige Schalkragen-Silhouette aus und ist f\u00fcr Komfort und Stil designt. Mit einem weichen schwarzen Satin Besatz, der mit Paspeln verziert ist. Vollst\u00e4ndig mit dunkelblauem Satinfutter gef\u00fcttert. Wenn Sie einen warmen Morgenmantel suchen, den Sie bei k\u00fchlen Temperaturen drinnen tragen k\u00f6nnen, ist dieser perfekt. Alle unsere Designs werden individuell auf Bestellung in unserem Atelier angefertigt und jedes ist das Ergebnis stundenlanger handwerklicher Arbeit. Genie\u00dfen Sie Komfort und Stil in unseren Herren Morgenm\u00e4nteln, Pyjama Sets und Accessoires, hergestellt in Hamburg, Deutschland.        <\/p>\n<ul>\n<li>Schalkragen<\/li>\n<li>Brusttasche<\/li>\n<li>zwei tiefe Seitentaschen<\/li>\n<li>verstellbare Umschlagmanschetten<\/li>\n<li>bequeme, lockere Passform<\/li>\n<li>diskrete Aufh\u00e4ngeschlaufe auf der R\u00fcckseite<\/li>\n<li>langer G\u00fcrtel<\/li>\n<\/ul>\n<p>Material und Pflege: 60% Wolle, 20% Polyester, 20% Viskose. Professionelle chemische Reinigung.<\/p>\n","protected":false},"excerpt":{"rendered":"<p>Wenn Sie Ihre h\u00e4usliche Kleidung aufwerten m\u00f6chten, sind Sie bei Baturina Homewear genau an der richtigen Adresse. Entspannen Sie sich<\/p>\n","protected":false},"featured_media":49707,"comment_status":"open","ping_status":"closed","template":"","meta":[],"product_brand":[],"product_cat":[1190],"product_tag":[],"class_list":{"0":"post-49738","1":"product","2":"type-product","3":"status-publish","4":"has-post-thumbnail","6":"product_cat-lagerverkauf","7":"product_shipping_class-auf-bestellung","8":"pa_color-blau","9":"pa_color-swatch-marineblau","10":"pa_fabric-content-wolle","11":"pa_fabric-weave-type-flanell","12":"pa_fabric-weight-schwer-und-warm","13":"pa_pattern-einfarbig","14":"pa_size-2xl-de","15":"pa_size-3xl-de","16":"pa_size-4xl-de","17":"pa_size-5xl-de","18":"pa_size-l-de","19":"pa_size-m-de","20":"pa_size-massanfertigung","21":"pa_size-s-de","22":"pa_size-xl-de","23":"pa_size-xs-de","25":"first","26":"instock","27":"taxable","28":"shipping-taxable","29":"purchasable","30":"product-type-variable","31":"has-default-attributes"},"_links":{"self":[{"href":"https:\/\/baturina-homewear.com\/de\/wp-json\/wp\/v2\/product\/49738","targetHints":{"allow":["GET"]}}],"collection":[{"href":"https:\/\/baturina-homewear.com\/de\/wp-json\/wp\/v2\/product"}],"about":[{"href":"https:\/\/baturina-homewear.com\/de\/wp-json\/wp\/v2\/types\/product"}],"replies":[{"embeddable":true,"href":"https:\/\/baturina-homewear.com\/de\/wp-json\/wp\/v2\/comments?post=49738"}],"version-history":[{"count":10,"href":"https:\/\/baturina-homewear.com\/de\/wp-json\/wp\/v2\/product\/49738\/revisions"}],"predecessor-version":[{"id":75089,"href":"https:\/\/baturina-homewear.com\/de\/wp-json\/wp\/v2\/product\/49738\/revisions\/75089"}],"wp:featuredmedia":[{"embeddable":true,"href":"https:\/\/baturina-homewear.com\/de\/wp-json\/wp\/v2\/media\/49707"}],"wp:attachment":[{"href":"https:\/\/baturina-homewear.com\/de\/wp-json\/wp\/v2\/media?parent=49738"}],"wp:term":[{"taxonomy":"product_brand","embeddable":true,"href":"https:\/\/baturina-homewear.com\/de\/wp-json\/wp\/v2\/product_brand?post=49738"},{"taxonomy":"product_cat","embeddable":true,"href":"https:\/\/baturina-homewear.com\/de\/wp-json\/wp\/v2\/product_cat?post=49738"},{"taxonomy":"product_tag","embeddable":true,"href":"https:\/\/baturina-homewear.com\/de\/wp-json\/wp\/v2\/product_tag?post=49738"}],"curies":[{"name":"wp","href":"https:\/\/api.w.org\/{rel}","templated":true}]}}