{"id":49861,"date":"2023-10-17T14:06:59","date_gmt":"2023-10-17T12:06:59","guid":{"rendered":"https:\/\/baturina-homewear.com\/product\/herren-hausmantel-gruen-gold-barock-samt\/"},"modified":"2025-07-23T15:18:52","modified_gmt":"2025-07-23T13:18:52","slug":"herren-hausmantel-gruen-gold-barock-samt","status":"publish","type":"product","link":"https:\/\/baturina-homewear.com\/de\/produkt\/herren-hausmantel-gruen-gold-barock-samt\/","title":{"rendered":"Herren Hausmantel Gr\u00fcn Gold Barock Samt"},"content":{"rendered":"<p>Zelebrieren Sie Ihre Momente der Entspannung in diesem barock inspirierten Morgenmantel, der nur in begrenzter St\u00fcckzahl erh\u00e4ltlich ist. Dieser elegante Morgenmantel mit Schalkragen bereichert die Abendstunden und den Start in den Tag. F\u00fcr diesen Morgenmantel verwenden wir hochwertige Jacquard-Baumwolle mit einem atemberaubenden Arabesken-Bl\u00e4tterdruck im Barockstil in Gold auf dunkelgr\u00fcnem Grund. Die Baumwolle ist angenehm gewebt und w\u00e4rmt angenehm. Es zeichnet sich durch eine luxuri\u00f6se Farbpalette aus Gold und Gr\u00fcn aus. Der Morgenmantel ist klassisch geschnitten und hat einen Schalkragen aus weichem, reinem Baumwollsamt, Manschetten und Taschendetails. Es ist vollst\u00e4ndig mit reichem dunkelgr\u00fcnem Satin gef\u00fcttert. Dezente Paspelierungen an Kragen, \u00c4rmeln und Taschen verleihen ihm eine edle Note. Es wird l\u00e4ssig mit dem G\u00fcrtel geschlossen.<\/p>\n<ul>\n<li>Schalkragen<\/li>\n<li>Brusttasche<\/li>\n<li>zwei tiefe Seitentaschen<\/li>\n<li>verstellbare Umschlagmanschetten<\/li>\n<li>Bequeme, lockere Passform<\/li>\n<li>diskrete Aufh\u00e4ngeschlaufe auf der R\u00fcckseite<\/li>\n<li>langer G\u00fcrtel<\/li>\n<li>Gewicht eines Morgenmantels der Gr\u00f6\u00dfe M: 1,5 kg (3 lbs)<\/li>\n<\/ul>\n<p>Materialien und Pflege: \u00c4u\u00dferes: 60% Baumwolle, 40% Polyester. Innen: 60%Polyester, 40% Viskose. Maschinenw\u00e4sche bei 30\u00b0C, nicht im Trockner trocknen, bei niedriger Hitze b\u00fcgeln.  <\/p>\n","protected":false},"excerpt":{"rendered":"<p>Zelebrieren Sie Ihre Momente der Entspannung in diesem barock inspirierten Morgenmantel, der nur in begrenzter St\u00fcckzahl erh\u00e4ltlich ist. Dieser elegante Morgenmantel mit Schalkragen bereichert die Abendstunden und den Start in den Tag.<\/p>\n","protected":false},"featured_media":49836,"comment_status":"open","ping_status":"closed","template":"","meta":[],"product_brand":[],"product_cat":[463,491,899],"product_tag":[464,768],"class_list":{"0":"post-49861","1":"product","2":"type-product","3":"status-publish","4":"has-post-thumbnail","6":"product_cat-herren-hausmantel","7":"product_cat-morgenmaentel","8":"product_cat-limited-edition-de","9":"product_tag-custom-size-de","10":"product_tag-monogram-de","11":"product_shipping_class-auf-bestellung","12":"pa_color-gold-de","13":"pa_color-green-de","14":"pa_color-swatch-waldgrun","15":"pa_fabric-content-cotton-de","16":"pa_fabric-content-polyester-viscose-mix-de","17":"pa_fabric-weave-type-jacquard-de","18":"pa_fabric-weave-type-samt","19":"pa_fabric-weight-regular-de","20":"pa_pattern-blumen","21":"pa_product-type-limited-edition-de","22":"pa_size-m-de","24":"first","25":"outofstock","26":"taxable","27":"shipping-taxable","28":"purchasable","29":"product-type-simple"},"_links":{"self":[{"href":"https:\/\/baturina-homewear.com\/de\/wp-json\/wp\/v2\/product\/49861","targetHints":{"allow":["GET"]}}],"collection":[{"href":"https:\/\/baturina-homewear.com\/de\/wp-json\/wp\/v2\/product"}],"about":[{"href":"https:\/\/baturina-homewear.com\/de\/wp-json\/wp\/v2\/types\/product"}],"replies":[{"embeddable":true,"href":"https:\/\/baturina-homewear.com\/de\/wp-json\/wp\/v2\/comments?post=49861"}],"version-history":[{"count":5,"href":"https:\/\/baturina-homewear.com\/de\/wp-json\/wp\/v2\/product\/49861\/revisions"}],"predecessor-version":[{"id":67059,"href":"https:\/\/baturina-homewear.com\/de\/wp-json\/wp\/v2\/product\/49861\/revisions\/67059"}],"wp:featuredmedia":[{"embeddable":true,"href":"https:\/\/baturina-homewear.com\/de\/wp-json\/wp\/v2\/media\/49836"}],"wp:attachment":[{"href":"https:\/\/baturina-homewear.com\/de\/wp-json\/wp\/v2\/media?parent=49861"}],"wp:term":[{"taxonomy":"product_brand","embeddable":true,"href":"https:\/\/baturina-homewear.com\/de\/wp-json\/wp\/v2\/product_brand?post=49861"},{"taxonomy":"product_cat","embeddable":true,"href":"https:\/\/baturina-homewear.com\/de\/wp-json\/wp\/v2\/product_cat?post=49861"},{"taxonomy":"product_tag","embeddable":true,"href":"https:\/\/baturina-homewear.com\/de\/wp-json\/wp\/v2\/product_tag?post=49861"}],"curies":[{"name":"wp","href":"https:\/\/api.w.org\/{rel}","templated":true}]}}