{"id":50200,"date":"2023-10-21T18:18:49","date_gmt":"2023-10-21T16:18:49","guid":{"rendered":"https:\/\/baturina-homewear.com\/product\/herren-hausmantel-marineblau-gesteppter-satin-mit-gestreiftem-kordelpaspel-gefuettert-mit-fleece\/"},"modified":"2025-07-23T15:20:54","modified_gmt":"2025-07-23T13:20:54","slug":"herren-hausmantel-marine-baumwolle-gesteppt-mit-kordelpaspeln-fleece","status":"publish","type":"product","link":"https:\/\/baturina-homewear.com\/de\/produkt\/herren-hausmantel-marine-baumwolle-gesteppt-mit-kordelpaspeln-fleece\/","title":{"rendered":"Herren Hausmantel Dunkelblau Baumwolle, gesteppter Satin mit gestreiftem Kordelpaspel, Futter aus Fleece"},"content":{"rendered":"<p>Warmer und stilvoller Morgenmantel in Dunkelblau. Mit einem feinen handgesteppten Rand, verziert mit einem gold-schwarz gestreiften Kordelpaspel. Der Morgenmantel ist aus glattem Baumwollgewebe gefertigt. Schlie\u00dfen Sie es einfach l\u00e4ssig mit dem langen G\u00fcrtel. Er ist komplett mit w\u00e4rmendem und weichem Fleece gef\u00fcttert, was ihn garantiert zu Ihrem kuscheligen Lieblingsst\u00fcck macht. Wenn Sie auf der Suche nach einem warmen Morgenmantel f\u00fcr k\u00fchle Temperaturen sind, ist dieser perfekt. Es hat ein angenehmes Gewicht, aber es ist weder zu leicht noch zu schwer. Genie\u00dfen Sie Komfort und Stil in unseren Herren Morgenm\u00e4nteln, Pyjama-Sets und Accessoires, hergestellt in Hamburg, Deutschland.<\/p>\n<ul>\n<li>Schalkragen<\/li>\n<li>Brusttasche<\/li>\n<li>zwei tiefe Seitentaschen<\/li>\n<li>verstellbare Umschlagmanschetten<\/li>\n<li>bequeme, lockere Passform<\/li>\n<li>diskrete Aufh\u00e4ngeschlaufe auf der R\u00fcckseite<\/li>\n<li>langer G\u00fcrtel<\/li>\n<li>Gewicht eines Morgenmantels der Gr\u00f6\u00dfe M: 2 kg (4 lbs)<\/li>\n<li>Futter aus Anti-Pill-Vlies<\/li>\n<\/ul>\n<p>Material und Pflege: \u00c4u\u00dferes: 60% Baumwolle, 40% Polyester. Innen: 100% Polyester. Maschinenw\u00e4sche bei 30\u00b0C, nicht im Trockner trocknen, bei niedriger Hitze b\u00fcgeln.  <\/p>\n","protected":false},"excerpt":{"rendered":"<p>Warmer und stilvoller Morgenmantel in Dunkelblau. Mit einem feinen handgesteppten Rand, verziert mit einem gold-schwarz gestreiften Kordelpaspel. Der Morgenmantel ist<\/p>\n","protected":false},"featured_media":50101,"comment_status":"open","ping_status":"closed","template":"","meta":[],"product_brand":[],"product_cat":[463,491,994],"product_tag":[464,768],"class_list":{"0":"post-50200","1":"product","2":"type-product","3":"status-publish","4":"has-post-thumbnail","6":"product_cat-herren-hausmantel","7":"product_cat-morgenmaentel","8":"product_cat-warme-mantel","9":"product_tag-custom-size-de","10":"product_tag-monogram-de","11":"product_shipping_class-auf-bestellung","12":"pa_color-blau","13":"pa_color-swatch-marineblau","14":"pa_fabric-content-cotton-de","15":"pa_fabric-content-polyester-viscose-mix-de","16":"pa_fabric-weave-type-einfach","17":"pa_fabric-weave-type-fleece-de","18":"pa_fabric-weave-type-satin-de","19":"pa_pattern-einfarbig","20":"pa_size-2xl-de","21":"pa_size-3xl-de","22":"pa_size-4xl-de","23":"pa_size-5xl-de","24":"pa_size-l-de","25":"pa_size-m-de","26":"pa_size-massanfertigung","27":"pa_size-s-de","28":"pa_size-xl-de","29":"pa_size-xs-de","31":"first","32":"instock","33":"taxable","34":"shipping-taxable","35":"purchasable","36":"product-type-simple"},"_links":{"self":[{"href":"https:\/\/baturina-homewear.com\/de\/wp-json\/wp\/v2\/product\/50200","targetHints":{"allow":["GET"]}}],"collection":[{"href":"https:\/\/baturina-homewear.com\/de\/wp-json\/wp\/v2\/product"}],"about":[{"href":"https:\/\/baturina-homewear.com\/de\/wp-json\/wp\/v2\/types\/product"}],"replies":[{"embeddable":true,"href":"https:\/\/baturina-homewear.com\/de\/wp-json\/wp\/v2\/comments?post=50200"}],"version-history":[{"count":6,"href":"https:\/\/baturina-homewear.com\/de\/wp-json\/wp\/v2\/product\/50200\/revisions"}],"predecessor-version":[{"id":73601,"href":"https:\/\/baturina-homewear.com\/de\/wp-json\/wp\/v2\/product\/50200\/revisions\/73601"}],"wp:featuredmedia":[{"embeddable":true,"href":"https:\/\/baturina-homewear.com\/de\/wp-json\/wp\/v2\/media\/50101"}],"wp:attachment":[{"href":"https:\/\/baturina-homewear.com\/de\/wp-json\/wp\/v2\/media?parent=50200"}],"wp:term":[{"taxonomy":"product_brand","embeddable":true,"href":"https:\/\/baturina-homewear.com\/de\/wp-json\/wp\/v2\/product_brand?post=50200"},{"taxonomy":"product_cat","embeddable":true,"href":"https:\/\/baturina-homewear.com\/de\/wp-json\/wp\/v2\/product_cat?post=50200"},{"taxonomy":"product_tag","embeddable":true,"href":"https:\/\/baturina-homewear.com\/de\/wp-json\/wp\/v2\/product_tag?post=50200"}],"curies":[{"name":"wp","href":"https:\/\/api.w.org\/{rel}","templated":true}]}}