{"id":51954,"date":"2023-12-01T18:44:48","date_gmt":"2023-12-01T17:44:48","guid":{"rendered":"https:\/\/baturina-homewear.com\/product\/herren-hausmantel-stahlblau-baumwolle-weiss-gepunktet-print\/"},"modified":"2025-08-20T11:43:57","modified_gmt":"2025-08-20T09:43:57","slug":"herren-hausmantel-stahlblau-baumwolle-weiss-gepunktet-print","status":"publish","type":"product","link":"https:\/\/baturina-homewear.com\/de\/produkt\/herren-hausmantel-stahlblau-baumwolle-weiss-gepunktet-print\/","title":{"rendered":"Herren Hausmantel Stahlblau Baumwolle Wei\u00df gepunktet Print"},"content":{"rendered":"<p>Ein Morgenmantel mit Schalkragen aus reiner Baumwolle, der die Abendstunden und den Start in den Tag mit privaten Momenten der Entspannung bereichert. Perfekt f\u00fcr warme Temperaturen und Reisen! Atmungsaktive, leichte und weiche Baumwolle. Designs f\u00fcr hei\u00dfes Wetter, die Ihren Komfort und Ihren Stil im Auge behalten. Dieser klassische Morgenmantel ist aus leichter, strapazierf\u00e4higer Baumwolle mit einem wei\u00dfen P\u00fcnktchenmuster auf stahlgrauem Grund gefertigt. Vollst\u00e4ndig mit wei\u00dfer Paspel<br \/>\n eingefasst.<\/p>\n<ul>\n<li>ungef\u00fcttert<\/li>\n<li>Schalkragen<\/li>\n<li>zwei tiefe Seitentaschen<\/li>\n<li>verstellbare Umschlagmanschetten<\/li>\n<li>Paspeln an Kragen, Manschetten, Taschen<\/li>\n<li>bequeme, lockere Passform<\/li>\n<li>diskrete Aufh\u00e4ngeschlaufe auf der R\u00fcckseite<\/li>\n<li>langer G\u00fcrtel<\/li>\n<\/ul>\n<p>Material und Pflege: 100% Baumwolle. Separat in der Maschine bei 30\u00b0C waschen, nicht im Trockner trocknen, bei niedriger Hitze b\u00fcgeln. <\/p>\n<p>Alle unsere Designs werden individuell auf Bestellung in unserem Atelier angefertigt und jedes ist das Ergebnis stundenlanger handwerklicher Arbeit. Genie\u00dfen Sie Komfort und Stil in unseren Herren Morgenm\u00e4nteln, Pyjama Sets und Accessoires, hergestellt in Hamburg, Deutschland. <\/p>\n","protected":false},"excerpt":{"rendered":"<p>Ein Morgenmantel mit Schalkragen aus reiner Baumwolle, der die Abendstunden und den Start in den Tag mit privaten Momenten der Entspannung bereichert.<\/p>\n","protected":false},"featured_media":46224,"comment_status":"open","ping_status":"closed","template":"","meta":[],"product_brand":[],"product_cat":[463,491],"product_tag":[464,768],"class_list":{"0":"post-51954","1":"product","2":"type-product","3":"status-publish","4":"has-post-thumbnail","6":"product_cat-herren-hausmantel","7":"product_cat-morgenmaentel","8":"product_tag-custom-size-de","9":"product_tag-monogram-de","10":"pa_color-silber-grau","11":"pa_fabric-content-cotton-de","12":"pa_fabric-weave-type-einfach","13":"pa_fabric-weight-lightweight-de","14":"pa_size-2xl-de","15":"pa_size-3xl-de","16":"pa_size-4xl-de","17":"pa_size-5xl-de","18":"pa_size-l-de","19":"pa_size-m-de","20":"pa_size-massanfertigung","21":"pa_size-s-de","22":"pa_size-xl-de","23":"pa_size-xs-de","25":"first","26":"instock","27":"taxable","28":"shipping-taxable","29":"purchasable","30":"product-type-simple"},"_links":{"self":[{"href":"https:\/\/baturina-homewear.com\/de\/wp-json\/wp\/v2\/product\/51954","targetHints":{"allow":["GET"]}}],"collection":[{"href":"https:\/\/baturina-homewear.com\/de\/wp-json\/wp\/v2\/product"}],"about":[{"href":"https:\/\/baturina-homewear.com\/de\/wp-json\/wp\/v2\/types\/product"}],"replies":[{"embeddable":true,"href":"https:\/\/baturina-homewear.com\/de\/wp-json\/wp\/v2\/comments?post=51954"}],"version-history":[{"count":2,"href":"https:\/\/baturina-homewear.com\/de\/wp-json\/wp\/v2\/product\/51954\/revisions"}],"predecessor-version":[{"id":75092,"href":"https:\/\/baturina-homewear.com\/de\/wp-json\/wp\/v2\/product\/51954\/revisions\/75092"}],"wp:featuredmedia":[{"embeddable":true,"href":"https:\/\/baturina-homewear.com\/de\/wp-json\/wp\/v2\/media\/46224"}],"wp:attachment":[{"href":"https:\/\/baturina-homewear.com\/de\/wp-json\/wp\/v2\/media?parent=51954"}],"wp:term":[{"taxonomy":"product_brand","embeddable":true,"href":"https:\/\/baturina-homewear.com\/de\/wp-json\/wp\/v2\/product_brand?post=51954"},{"taxonomy":"product_cat","embeddable":true,"href":"https:\/\/baturina-homewear.com\/de\/wp-json\/wp\/v2\/product_cat?post=51954"},{"taxonomy":"product_tag","embeddable":true,"href":"https:\/\/baturina-homewear.com\/de\/wp-json\/wp\/v2\/product_tag?post=51954"}],"curies":[{"name":"wp","href":"https:\/\/api.w.org\/{rel}","templated":true}]}}