{"id":53134,"date":"2024-07-09T17:48:02","date_gmt":"2024-07-09T15:48:02","guid":{"rendered":"https:\/\/baturina-homewear.com\/product\/herren-hausmantel-silber-blau-barock-jacquard-mit-grauem-samt\/"},"modified":"2025-12-29T20:02:53","modified_gmt":"2025-12-29T19:02:53","slug":"herren-hausmantel-silber-blau-barock-jacquard-mit-grauem-samt","status":"publish","type":"product","link":"https:\/\/baturina-homewear.com\/de\/produkt\/herren-hausmantel-silber-blau-barock-jacquard-mit-grauem-samt\/","title":{"rendered":"Herren Hausmantel Silberblau Barock Jacquard"},"content":{"rendered":"<p>Dieser luxuri\u00f6se Morgenmantel ist aus einem wundersch\u00f6nen Baumwolljacquard gefertigt. Es zeichnet sich durch ein gewebtes, barockes, florales Design in Blau- und Silbert\u00f6nen aus, das vom Vintage-Stil inspiriert ist. Kragen, Manschetten und Taschendetails sind aus einem weichen anthrazitgrauen Baumwollsamt gefertigt. Innen ist er weich und warm, denn er ist komplett mit glattem Baumwollfutter in einem passenden Grauton gef\u00fcttert. Einfach mit dem langen G\u00fcrtel befestigen. Wenn Sie auf der Suche nach einem luxuri\u00f6sen, altmodischen und modernen Morgenmantel sind, der das ganze Jahr \u00fcber Komfort und Stil bietet, ist dieser Morgenmantel genau das Richtige f\u00fcr Sie.<\/p>\n<ul>\n<li>Schalkragen<\/li>\n<li>Brusttasche<\/li>\n<li>zwei tiefe Seitentaschen<\/li>\n<li>verstellbare Umschlagmanschetten<\/li>\n<li>bequeme, lockere Passform<\/li>\n<li>diskrete Aufh\u00e4ngeschlaufe auf der R\u00fcckseite<\/li>\n<li>langer G\u00fcrtel<\/li>\n<li>Gewicht einer Gr\u00f6\u00dfe Medium etwa 1kg<\/li>\n<\/ul>\n<p>Material und Pflege: 100% Baumwolle. Maschinenw\u00e4sche bei 30\u00b0C, nicht im W\u00e4schetrockner trocknen, bei niedriger Hitze b\u00fcgeln.<\/p>\n","protected":false},"excerpt":{"rendered":"<p>Wenn Sie auf der Suche nach einem luxuri\u00f6sen, altmodischen und modernen Morgenmantel sind, der das ganze Jahr \u00fcber Komfort und Stil bietet, ist dieser Morgenmantel genau das Richtige f\u00fcr Sie. Wie bei allen unseren Limited Edition Designs k\u00f6nnen wir von jeder Gr\u00f6\u00dfe nur wenige Exemplare herstellen.<\/p>\n","protected":false},"featured_media":58618,"comment_status":"open","ping_status":"closed","template":"","meta":[],"product_brand":[],"product_cat":[463,491,899],"product_tag":[464,768],"class_list":{"0":"post-53134","1":"product","2":"type-product","3":"status-publish","4":"has-post-thumbnail","6":"product_cat-herren-hausmantel","7":"product_cat-morgenmaentel","8":"product_cat-limited-edition-de","9":"product_tag-custom-size-de","10":"product_tag-monogram-de","11":"product_shipping_class-auf-bestellung","12":"pa_color-blau","13":"pa_color-swatch-blau","14":"pa_fabric-content-cotton-de","15":"pa_fabric-content-polyester-viscose-mix-de","16":"pa_fabric-weave-type-jacquard-de","17":"pa_fabric-weight-regular-de","18":"pa_pattern-blumen","19":"pa_product-type-limited-edition-de","20":"pa_size-2xl-de","21":"pa_size-l-de","22":"pa_size-m-de","23":"pa_size-xl-de","25":"first","26":"instock","27":"taxable","28":"shipping-taxable","29":"purchasable","30":"product-type-simple"},"_links":{"self":[{"href":"https:\/\/baturina-homewear.com\/de\/wp-json\/wp\/v2\/product\/53134","targetHints":{"allow":["GET"]}}],"collection":[{"href":"https:\/\/baturina-homewear.com\/de\/wp-json\/wp\/v2\/product"}],"about":[{"href":"https:\/\/baturina-homewear.com\/de\/wp-json\/wp\/v2\/types\/product"}],"replies":[{"embeddable":true,"href":"https:\/\/baturina-homewear.com\/de\/wp-json\/wp\/v2\/comments?post=53134"}],"version-history":[{"count":11,"href":"https:\/\/baturina-homewear.com\/de\/wp-json\/wp\/v2\/product\/53134\/revisions"}],"predecessor-version":[{"id":73211,"href":"https:\/\/baturina-homewear.com\/de\/wp-json\/wp\/v2\/product\/53134\/revisions\/73211"}],"wp:featuredmedia":[{"embeddable":true,"href":"https:\/\/baturina-homewear.com\/de\/wp-json\/wp\/v2\/media\/58618"}],"wp:attachment":[{"href":"https:\/\/baturina-homewear.com\/de\/wp-json\/wp\/v2\/media?parent=53134"}],"wp:term":[{"taxonomy":"product_brand","embeddable":true,"href":"https:\/\/baturina-homewear.com\/de\/wp-json\/wp\/v2\/product_brand?post=53134"},{"taxonomy":"product_cat","embeddable":true,"href":"https:\/\/baturina-homewear.com\/de\/wp-json\/wp\/v2\/product_cat?post=53134"},{"taxonomy":"product_tag","embeddable":true,"href":"https:\/\/baturina-homewear.com\/de\/wp-json\/wp\/v2\/product_tag?post=53134"}],"curies":[{"name":"wp","href":"https:\/\/api.w.org\/{rel}","templated":true}]}}