{"id":53138,"date":"2024-07-09T17:51:47","date_gmt":"2024-07-09T15:51:47","guid":{"rendered":"https:\/\/baturina-homewear.com\/product\/herren-hausmantel-gelbgold-barock-jacquard-mit-grauem-samt\/"},"modified":"2025-08-20T11:44:02","modified_gmt":"2025-08-20T09:44:02","slug":"herren-hausmantel-gelbgold-barock-jacquard-mit-grauem-samt","status":"publish","type":"product","link":"https:\/\/baturina-homewear.com\/de\/produkt\/herren-hausmantel-gelbgold-barock-jacquard-mit-grauem-samt\/","title":{"rendered":"Herren Hausmantel Lila Gelb Gold Barock Jacquard"},"content":{"rendered":"<p>Dieser luxuri\u00f6se Morgenmantel ist aus einem wundersch\u00f6nen Baumwolljacquard gefertigt. Es zeichnet sich durch ein gewebtes barockes, florales Design in Gelb-, Gold- und Violettt\u00f6nen aus, das an den Vintage-Stil erinnert. Kragen, Manschetten und Taschendetails sind aus weichem lila Samt gefertigt. Innen ist er weich und warm, denn er ist vollst\u00e4ndig mit glatter Baumwolle in einem Grauton gef\u00fcttert. Einfach mit dem langen G\u00fcrtel befestigen. Wenn Sie auf der Suche nach einem luxuri\u00f6sen, altmodischen und modernen Morgenmantel sind, der das ganze Jahr \u00fcber Komfort und Stil bietet, ist dieser Morgenmantel genau das Richtige f\u00fcr Sie.<\/p>\n<ul>\n<li>Schalkragen<\/li>\n<li>Brusttasche<\/li>\n<li>zwei tiefe Seitentaschen<\/li>\n<li>verstellbare Umschlagmanschetten<\/li>\n<li>bequeme, lockere Passform<\/li>\n<li>diskrete Aufh\u00e4ngeschlaufe auf der R\u00fcckseite<\/li>\n<li>langer G\u00fcrtel<\/li>\n<li>Gewicht einer Gr\u00f6\u00dfe Medium etwa 1kg<\/li>\n<\/ul>\n<p>Material und Pflege: 100% Baumwolle. Maschinenw\u00e4sche bei 30\u00b0C, nicht im Trockner trocknen, bei niedriger Hitze b\u00fcgeln.<\/p>\n","protected":false},"excerpt":{"rendered":"<p>Dieser luxuri\u00f6se Hausmantel ist die pure Vintage-Extravaganz. Es zeichnet sich durch ein eingewobenes barockes florales Design in Gelb- und Goldt\u00f6nen sowie tiefviolette Kontrastdetails aus. Wie bei allen unseren Limited Edition Designs k\u00f6nnen wir von jeder Gr\u00f6\u00dfe nur wenige Exemplare herstellen.<\/p>\n","protected":false},"featured_media":58655,"comment_status":"open","ping_status":"closed","template":"","meta":[],"product_brand":[],"product_cat":[463,491,899],"product_tag":[464,768],"class_list":{"0":"post-53138","1":"product","2":"type-product","3":"status-publish","4":"has-post-thumbnail","6":"product_cat-herren-hausmantel","7":"product_cat-morgenmaentel","8":"product_cat-limited-edition-de","9":"product_tag-custom-size-de","10":"product_tag-monogram-de","11":"product_shipping_class-auf-bestellung","12":"pa_color-gold-de","13":"pa_color-swatch-honiggelb","14":"pa_fabric-content-cotton-de","15":"pa_fabric-content-polyester-viscose-mix-de","16":"pa_fabric-weave-type-jacquard-de","17":"pa_fabric-weight-regular-de","18":"pa_pattern-blumen","19":"pa_product-type-limited-edition-de","20":"pa_size-2xl-de","21":"pa_size-3xl-de","22":"pa_size-4xl-de","23":"pa_size-5xl-de","24":"pa_size-l-de","25":"pa_size-m-de","26":"pa_size-massanfertigung","27":"pa_size-s-de","28":"pa_size-xl-de","29":"pa_size-xs-de","31":"first","32":"instock","33":"taxable","34":"shipping-taxable","35":"purchasable","36":"product-type-simple"},"_links":{"self":[{"href":"https:\/\/baturina-homewear.com\/de\/wp-json\/wp\/v2\/product\/53138","targetHints":{"allow":["GET"]}}],"collection":[{"href":"https:\/\/baturina-homewear.com\/de\/wp-json\/wp\/v2\/product"}],"about":[{"href":"https:\/\/baturina-homewear.com\/de\/wp-json\/wp\/v2\/types\/product"}],"replies":[{"embeddable":true,"href":"https:\/\/baturina-homewear.com\/de\/wp-json\/wp\/v2\/comments?post=53138"}],"version-history":[{"count":8,"href":"https:\/\/baturina-homewear.com\/de\/wp-json\/wp\/v2\/product\/53138\/revisions"}],"predecessor-version":[{"id":75099,"href":"https:\/\/baturina-homewear.com\/de\/wp-json\/wp\/v2\/product\/53138\/revisions\/75099"}],"wp:featuredmedia":[{"embeddable":true,"href":"https:\/\/baturina-homewear.com\/de\/wp-json\/wp\/v2\/media\/58655"}],"wp:attachment":[{"href":"https:\/\/baturina-homewear.com\/de\/wp-json\/wp\/v2\/media?parent=53138"}],"wp:term":[{"taxonomy":"product_brand","embeddable":true,"href":"https:\/\/baturina-homewear.com\/de\/wp-json\/wp\/v2\/product_brand?post=53138"},{"taxonomy":"product_cat","embeddable":true,"href":"https:\/\/baturina-homewear.com\/de\/wp-json\/wp\/v2\/product_cat?post=53138"},{"taxonomy":"product_tag","embeddable":true,"href":"https:\/\/baturina-homewear.com\/de\/wp-json\/wp\/v2\/product_tag?post=53138"}],"curies":[{"name":"wp","href":"https:\/\/api.w.org\/{rel}","templated":true}]}}