{"id":54078,"date":"2024-04-05T20:11:07","date_gmt":"2024-04-05T18:11:07","guid":{"rendered":"https:\/\/baturina-homewear.com\/product\/herren-hausmantel-burgund-aus-fleece\/"},"modified":"2026-01-19T16:13:34","modified_gmt":"2026-01-19T15:13:34","slug":"herren-hausmantel-burgund-aus-fleece","status":"publish","type":"product","link":"https:\/\/baturina-homewear.com\/de\/produkt\/herren-hausmantel-burgund-aus-fleece\/","title":{"rendered":"Herren Morgenmantel aus weichem Pl\u00fcsch Burgund Fleece"},"content":{"rendered":"<p>Wir stellen Ihnen unser Sortiment an Hausm\u00e4nteln aus weichem Pl\u00fcsch vor, die ultimative Mischung aus Komfort und Eleganz. Er h\u00e4lt Sie warm und trocken, ohne Sie zu beschweren, und ist der perfekte Begleiter f\u00fcr k\u00fchle Morgen, gem\u00fctliche Abende und f\u00fcr Ihren Ausflug ins Spa.<\/p>\n<p>Sie ist aus hochwertigem Fleece gefertigt und bietet eine unvergleichliche Weichheit und Isolierung, damit Sie den ganzen Tag \u00fcber bequem und komfortabel bleiben. Trotz seiner W\u00e4rme bleibt es leicht, so dass Sie sich m\u00fchelos bewegen k\u00f6nnen und maximalen Komfort genie\u00dfen. <\/p>\n<p>Unsere Morgenm\u00e4ntel aus Pl\u00fcsch sind die perfekte 2-in-1-L\u00f6sung zum eleganten Entspannen zu Hause und zum Abtrocknen nach einer Dusche oder einem Spa-Besuch. Das weiche, saugf\u00e4hige Fleece wurde mit Blick auf Stil und Funktionalit\u00e4t entworfen und h\u00e4lt Sie warm und kuschelig, w\u00e4hrend es Feuchtigkeit schnell abtransportiert. Der leichte Stoff f\u00fchlt sich sanft und beruhigend an und sorgt daf\u00fcr, dass Sie im Handumdrehen wieder trocken und komfortabel sind. Dieser vielseitige Morgenmantel ist ideal f\u00fcr alle, die einen einzigen Morgenmantel f\u00fcr mehrere Zwecke ben\u00f6tigen. Mit ihm k\u00f6nnen Sie m\u00fchelos vom Bad zur Entspannung \u00fcbergehen und dabei m\u00fchelos schick aussehen. G\u00f6nnen Sie sich einen Morgenmantel, der Luxus und Zweckm\u00e4\u00dfigkeit vereint, und erleben Sie Komfort wie nie zuvor.<\/p>\n<p>Unser bequemer Fleece-Hausmantel ist in der Maschine waschbar und pflegeleicht, so dass er seine pl\u00fcschige Textur und seine leuchtenden Farben auch nach vielen W\u00e4schen beh\u00e4lt.<\/p>\n<p>Die schwarz-gold gestreiften Kordelpaspeln an den R\u00e4ndern verleihen dem Morgenmantel einen Hauch von Raffinesse und einen Hauch von Luxus. Ob Sie zu Hause entspannen, sich im Spa erholen oder sich f\u00fcr den kommenden Tag vorbereiten, unser Hausmantel aus Fleece ist die perfekte Wahl f\u00fcr kuscheligen Komfort und m\u00fchelosen Stil.<\/p>\n<ul>\n<li>weich und pl\u00fcschig<\/li>\n<li>Schalkragen<\/li>\n<li>Brusttasche<\/li>\n<li>zwei tiefe Seitentaschen<\/li>\n<li>bequeme, lockere Passform<\/li>\n<li>diskrete Aufh\u00e4ngeschlaufe auf der R\u00fcckseite<\/li>\n<li>langer G\u00fcrtel<\/li>\n<li>Anti-Pillen-Vlies<\/li>\n<\/ul>\n<p>Material und Pflege: 100% Polyester. Maschinenw\u00e4sche bei 30\u00b0C, nicht im Trockner trocknen, bei niedriger Hitze b\u00fcgeln. <\/p>\n","protected":false},"excerpt":{"rendered":"<p>Unsere Morgenm\u00e4ntel aus Pl\u00fcsch sind die perfekte 2-in-1-L\u00f6sung zum gem\u00fctlichen Entspannen zu Hause und zum Abtrocknen nach dem Duschen. Entdecken Sie unsere Monogramm-Stickerei, mit der Sie Ihren Morgenmantel aus Pl\u00fcsch personalisieren k\u00f6nnen.<\/p>\n","protected":false},"featured_media":78618,"comment_status":"open","ping_status":"closed","template":"","meta":[],"product_brand":[],"product_cat":[662,463,994],"product_tag":[464],"class_list":{"0":"post-54078","1":"product","2":"type-product","3":"status-publish","4":"has-post-thumbnail","6":"product_cat-bademantel","7":"product_cat-herren-hausmantel","8":"product_cat-warme-mantel","9":"product_tag-custom-size-de","10":"product_shipping_class-auf-bestellung","11":"pa_color-rot","12":"pa_color-swatch-weinrot","13":"pa_fabric-content-polyester-viscose-mix-de","14":"pa_fabric-weight-leicht-warm","15":"pa_pattern-einfarbig","16":"pa_size-2xl-de","17":"pa_size-3xl-de","18":"pa_size-4xl-de","19":"pa_size-5xl-de","20":"pa_size-l-de","21":"pa_size-m-de","22":"pa_size-massanfertigung","23":"pa_size-s-de","24":"pa_size-xl-de","25":"pa_size-xs-de","27":"first","28":"instock","29":"taxable","30":"shipping-taxable","31":"purchasable","32":"product-type-simple"},"_links":{"self":[{"href":"https:\/\/baturina-homewear.com\/de\/wp-json\/wp\/v2\/product\/54078","targetHints":{"allow":["GET"]}}],"collection":[{"href":"https:\/\/baturina-homewear.com\/de\/wp-json\/wp\/v2\/product"}],"about":[{"href":"https:\/\/baturina-homewear.com\/de\/wp-json\/wp\/v2\/types\/product"}],"replies":[{"embeddable":true,"href":"https:\/\/baturina-homewear.com\/de\/wp-json\/wp\/v2\/comments?post=54078"}],"version-history":[{"count":11,"href":"https:\/\/baturina-homewear.com\/de\/wp-json\/wp\/v2\/product\/54078\/revisions"}],"predecessor-version":[{"id":77968,"href":"https:\/\/baturina-homewear.com\/de\/wp-json\/wp\/v2\/product\/54078\/revisions\/77968"}],"wp:featuredmedia":[{"embeddable":true,"href":"https:\/\/baturina-homewear.com\/de\/wp-json\/wp\/v2\/media\/78618"}],"wp:attachment":[{"href":"https:\/\/baturina-homewear.com\/de\/wp-json\/wp\/v2\/media?parent=54078"}],"wp:term":[{"taxonomy":"product_brand","embeddable":true,"href":"https:\/\/baturina-homewear.com\/de\/wp-json\/wp\/v2\/product_brand?post=54078"},{"taxonomy":"product_cat","embeddable":true,"href":"https:\/\/baturina-homewear.com\/de\/wp-json\/wp\/v2\/product_cat?post=54078"},{"taxonomy":"product_tag","embeddable":true,"href":"https:\/\/baturina-homewear.com\/de\/wp-json\/wp\/v2\/product_tag?post=54078"}],"curies":[{"name":"wp","href":"https:\/\/api.w.org\/{rel}","templated":true}]}}