{"id":57256,"date":"2024-06-25T19:34:13","date_gmt":"2024-06-25T17:34:13","guid":{"rendered":"https:\/\/baturina-homewear.com\/product\/herren-hausmantel-orange-floral-jacquard-navy-velvet-quilted\/"},"modified":"2024-11-25T11:22:04","modified_gmt":"2024-11-25T10:22:04","slug":"herren-hausmantel-orange-floral-jacquard-navy-velvet-quilted","status":"publish","type":"product","link":"https:\/\/baturina-homewear.com\/de\/produkt\/herren-hausmantel-orange-floral-jacquard-navy-velvet-quilted\/","title":{"rendered":"Herren Hausmantel Orange Floral Jacquard Navy Velvet Quilted"},"content":{"rendered":"<p>Unser Hausmantel in limitierter Auflage wurde f\u00fcr diejenigen entworfen, die Exklusivit\u00e4t zu sch\u00e4tzen wissen. Er wird in einer sehr geringen St\u00fcckzahl produziert, wobei in jeder Gr\u00f6\u00dfe nur vier Exemplare erh\u00e4ltlich sind. So ist Ihr Morgenmantel nicht einfach nur ein Kleidungsst\u00fcck, sondern ein seltenes und begehrtes St\u00fcck.<\/p>\n<p>Dieser Hausmantel ist vielseitig und stilvoll und eignet sich perfekt f\u00fcr gem\u00fctliche Morgenstunden, gem\u00fctliche Abende oder um Ihrer Loungewear-Kollektion einen Hauch von Eleganz zu verleihen. Sein luxuri\u00f6ses Gef\u00fchl und sein auff\u00e4lliges Design machen ihn zu einer idealen Wahl f\u00fcr Entspannung und Unterhaltung zu Hause.<\/p>\n<p>G\u00f6nnen Sie sich den Inbegriff von Luxus mit unserem Jacquard-Bademantel aus reiner Baumwolle, einem exquisiten St\u00fcck, das leuchtende Farbt\u00f6ne und au\u00dfergew\u00f6hnliche Handwerkskunst vereint. Dieses atemberaubende Kleid zeichnet sich durch eine einzigartige Farbkombination aus kupferorangefarbener Jacquard-Baumwolle, dunkelblauem, fein gestepptem Samt, anthrazitgrauer Baumwolle und aquamarinblauen Kontrastpaspeln aus. So entsteht ein visuell auff\u00e4lliges Design, das Raffinesse und Stil ausstrahlt.<\/p>\n<p>Dieser Hausmantel wurde aus feinstem Jacquard aus reiner Baumwolle gefertigt und bietet eine weiche, atmungsaktive Textur, die sich unglaublich angenehm auf der Haut anf\u00fchlt. Das komplizierte Jacquard-Gewebe verleiht dem Stoff Tiefe und Dimension und macht ihn nicht nur sch\u00f6n, sondern auch haltbar und langlebig.<\/p>\n<ul>\n<li>Schalkragen<\/li>\n<li>Feine handgen\u00e4hte Steppung<\/li>\n<li>vollst\u00e4ndig mit Baumwollfutter gef\u00fcttert<\/li>\n<li>vollfl\u00e4chig mit Paspeln eingefasst<\/li>\n<li>Brusttasche<\/li>\n<li>zwei tiefe Seitentaschen<\/li>\n<li>verstellbare Umschlagmanschetten<\/li>\n<li>bequeme, lockere Passform<\/li>\n<li>diskrete Aufh\u00e4ngeschlaufe auf der R\u00fcckseite<\/li>\n<li>lange G\u00fcrtel<\/li>\n<li>Gewicht einer Gr\u00f6\u00dfe Medium etwa 1kg<\/li>\n<\/ul>\n<p>Material und Pflege: \u00c4u\u00dferes: 100% Baumwolle. Innen: 100% Baumwolle. Maschinenw\u00e4sche bei 30\u00b0C, nicht im Trockner trocknen, bei niedriger Hitze b\u00fcgeln.<\/p>\n","protected":false},"excerpt":{"rendered":"<p>Erleben Sie unvergleichlichen Luxus mit unserem Hausmantel aus reinem Baumwoll-Jacquard, der sich in einer lebhaften Farbkombination aus Kupferorange, tiefem Dunkelblau und Anthrazitgrau pr\u00e4sentiert. Da nur wenige Exemplare in jeder Gr\u00f6\u00dfe erh\u00e4ltlich sind, ist dieser Morgenmantel in limitierter Auflage eine einzigartige Erg\u00e4nzung f\u00fcr jede Garderobe. Handeln Sie schnell, um sich Ihr exklusives St\u00fcck zu sichern und die Eleganz Ihres Zuhauses zu erh\u00f6hen.<\/p>\n","protected":false},"featured_media":57248,"comment_status":"open","ping_status":"closed","template":"","meta":[],"product_brand":[],"product_cat":[463,491,899],"product_tag":[464,768],"class_list":{"0":"post-57256","1":"product","2":"type-product","3":"status-publish","4":"has-post-thumbnail","6":"product_cat-herren-hausmantel","7":"product_cat-morgenmaentel","8":"product_cat-limited-edition-de","9":"product_tag-custom-size-de","10":"product_tag-monogram-de","11":"pa_color-blau","12":"pa_color-orange-de","13":"pa_color-swatch-orange-de","14":"pa_fabric-content-cotton-de","15":"pa_fabric-weave-type-jacquard-de","16":"pa_fabric-weave-type-samt","17":"pa_fabric-weight-regular-de","18":"pa_pattern-blumen","19":"pa_product-type-limited-edition-de","20":"pa_size-2xl-de","21":"pa_size-l-de","22":"pa_size-m-de","23":"pa_size-xl-de","25":"first","26":"outofstock","27":"taxable","28":"shipping-taxable","29":"purchasable","30":"product-type-simple"},"_links":{"self":[{"href":"https:\/\/baturina-homewear.com\/de\/wp-json\/wp\/v2\/product\/57256","targetHints":{"allow":["GET"]}}],"collection":[{"href":"https:\/\/baturina-homewear.com\/de\/wp-json\/wp\/v2\/product"}],"about":[{"href":"https:\/\/baturina-homewear.com\/de\/wp-json\/wp\/v2\/types\/product"}],"replies":[{"embeddable":true,"href":"https:\/\/baturina-homewear.com\/de\/wp-json\/wp\/v2\/comments?post=57256"}],"version-history":[{"count":4,"href":"https:\/\/baturina-homewear.com\/de\/wp-json\/wp\/v2\/product\/57256\/revisions"}],"predecessor-version":[{"id":63180,"href":"https:\/\/baturina-homewear.com\/de\/wp-json\/wp\/v2\/product\/57256\/revisions\/63180"}],"wp:featuredmedia":[{"embeddable":true,"href":"https:\/\/baturina-homewear.com\/de\/wp-json\/wp\/v2\/media\/57248"}],"wp:attachment":[{"href":"https:\/\/baturina-homewear.com\/de\/wp-json\/wp\/v2\/media?parent=57256"}],"wp:term":[{"taxonomy":"product_brand","embeddable":true,"href":"https:\/\/baturina-homewear.com\/de\/wp-json\/wp\/v2\/product_brand?post=57256"},{"taxonomy":"product_cat","embeddable":true,"href":"https:\/\/baturina-homewear.com\/de\/wp-json\/wp\/v2\/product_cat?post=57256"},{"taxonomy":"product_tag","embeddable":true,"href":"https:\/\/baturina-homewear.com\/de\/wp-json\/wp\/v2\/product_tag?post=57256"}],"curies":[{"name":"wp","href":"https:\/\/api.w.org\/{rel}","templated":true}]}}