{"id":57671,"date":"2024-07-01T12:54:31","date_gmt":"2024-07-01T10:54:31","guid":{"rendered":"https:\/\/baturina-homewear.com\/product\/pyjama-fuer-maenner-aus-weisser-baumwolle\/"},"modified":"2025-12-03T12:27:45","modified_gmt":"2025-12-03T11:27:45","slug":"pyjama-fuer-maenner-aus-weisser-baumwolle","status":"publish","type":"product","link":"https:\/\/baturina-homewear.com\/de\/produkt\/pyjama-fuer-maenner-aus-weisser-baumwolle\/","title":{"rendered":"Pyjama f\u00fcr M\u00e4nner aus wei\u00dfer Baumwolle"},"content":{"rendered":"<p>Erleben Sie den Inbegriff von Komfort und Eleganz mit unseren luxuri\u00f6sen Pyjamas aus reiner Baumwolle. Dieser Pyjama ist mit klassischen schwarzen Paspeln versehen, die dem Design einen Hauch von zeitloser Raffinesse verleihen. Aus feinster reiner Baumwolle gefertigt, bieten sie unvergleichliche Weichheit und Atmungsaktivit\u00e4t und sorgen f\u00fcr einen erholsamen Schlaf. Dieser Pyjama ist ideal zum Entspannen zu Hause, f\u00fcr einen gem\u00fctlichen Morgen oder einen entspannten Abend und bietet au\u00dfergew\u00f6hnlichen Komfort und m\u00fchelosen Stil. Ob Sie es sich abends gem\u00fctlich machen oder den Tag mit einem entspannten Fr\u00fchst\u00fcck beginnen, unsere Pyjamas sind die perfekte Wahl, um Ihren Komfort und Stil zu Hause zu verbessern. <\/p>\n<p><strong>Details zur Passform:<\/strong><\/p>\n<ul>\n<li>Brusttasche<\/li>\n<li>Zwei gro\u00dfe Seitentaschen<\/li>\n<li>bequeme, lockere Passform<\/li>\n<li>Hemd mit gekerbtem Kragen, Knopfleiste, drei Taschen<\/li>\n<li>Hose mit elastischem Bund, Kordelzug, verdeckter Knopfleiste, zwei Seitentaschen<\/li>\n<li>schwarze Acrylkn\u00f6pfe<\/li>\n<\/ul>\n<p>Material und Pflege: 100% Baumwolle. Separat in der Maschine bei 30\u00b0C waschen, nicht im Trockner trocknen, bei niedriger Hitze b\u00fcgeln. <\/p>\n","protected":false},"excerpt":{"rendered":"<p>Aus feinster reiner Baumwolle gefertigt, bieten sie unvergleichliche Weichheit und Atmungsaktivit\u00e4t und sorgen f\u00fcr einen erholsamen Schlaf.<\/p>\n","protected":false},"featured_media":58689,"comment_status":"open","ping_status":"closed","template":"","meta":[],"product_brand":[],"product_cat":[493,565],"product_tag":[482,768],"class_list":{"0":"post-57671","1":"product","2":"type-product","3":"status-publish","4":"has-post-thumbnail","6":"product_cat-herren-pyjamas","7":"product_cat-pyjamas","8":"product_tag-custom-size-pajamas-de","9":"product_tag-monogram-de","10":"product_shipping_class-auf-bestellung","11":"pa_color-weiss","12":"pa_color-swatch-weis","13":"pa_fabric-content-cotton-de","14":"pa_fabric-weave-type-einfach","15":"pa_size-2xl-de","16":"pa_size-3xl-de","17":"pa_size-4xl-de","18":"pa_size-5xl-de","19":"pa_size-l-de","20":"pa_size-m-de","21":"pa_size-massanfertigung","22":"pa_size-s-de","23":"pa_size-xl-de","24":"pa_size-xs-de","26":"first","27":"instock","28":"taxable","29":"shipping-taxable","30":"purchasable","31":"product-type-simple"},"_links":{"self":[{"href":"https:\/\/baturina-homewear.com\/de\/wp-json\/wp\/v2\/product\/57671","targetHints":{"allow":["GET"]}}],"collection":[{"href":"https:\/\/baturina-homewear.com\/de\/wp-json\/wp\/v2\/product"}],"about":[{"href":"https:\/\/baturina-homewear.com\/de\/wp-json\/wp\/v2\/types\/product"}],"replies":[{"embeddable":true,"href":"https:\/\/baturina-homewear.com\/de\/wp-json\/wp\/v2\/comments?post=57671"}],"version-history":[{"count":8,"href":"https:\/\/baturina-homewear.com\/de\/wp-json\/wp\/v2\/product\/57671\/revisions"}],"predecessor-version":[{"id":78261,"href":"https:\/\/baturina-homewear.com\/de\/wp-json\/wp\/v2\/product\/57671\/revisions\/78261"}],"wp:featuredmedia":[{"embeddable":true,"href":"https:\/\/baturina-homewear.com\/de\/wp-json\/wp\/v2\/media\/58689"}],"wp:attachment":[{"href":"https:\/\/baturina-homewear.com\/de\/wp-json\/wp\/v2\/media?parent=57671"}],"wp:term":[{"taxonomy":"product_brand","embeddable":true,"href":"https:\/\/baturina-homewear.com\/de\/wp-json\/wp\/v2\/product_brand?post=57671"},{"taxonomy":"product_cat","embeddable":true,"href":"https:\/\/baturina-homewear.com\/de\/wp-json\/wp\/v2\/product_cat?post=57671"},{"taxonomy":"product_tag","embeddable":true,"href":"https:\/\/baturina-homewear.com\/de\/wp-json\/wp\/v2\/product_tag?post=57671"}],"curies":[{"name":"wp","href":"https:\/\/api.w.org\/{rel}","templated":true}]}}