{"id":58115,"date":"2024-07-04T21:25:51","date_gmt":"2024-07-04T19:25:51","guid":{"rendered":"https:\/\/baturina-homewear.com\/product\/herren-boxershorts-rot-marmoriert\/"},"modified":"2025-07-23T15:18:18","modified_gmt":"2025-07-23T13:18:18","slug":"herren-boxershorts-rot-marmoriert","status":"publish","type":"product","link":"https:\/\/baturina-homewear.com\/de\/produkt\/herren-boxershorts-rot-marmoriert\/","title":{"rendered":"Herren Boxershorts Rot marmoriert"},"content":{"rendered":"<p>Hergestellt aus einem atemberaubend weichen Jacquard mit einem einzigartigen Marmormuster in Schwarz und Rot. Sie ist sehr weich, perfekt zum Entspannen und Schlafen. Das Design f\u00fcr eine bequeme Passform und die luxuri\u00f6sen Stoffe sorgen daf\u00fcr, dass Sie sich in unseren klassischen Boxershorts f\u00fcr M\u00e4nner entspannen k\u00f6nnen.<\/p>\n<ul>\n<li>elastischer Bund, verdeckter Hosenschlitz mit Knopf<\/li>\n<li>Standard-Au\u00dfennahtl\u00e4nge: 35 cm<\/li>\n<\/ul>\n<p>Material und Pflege: 60% Polyester, 40% Viskose. Separat in der Maschine bei 30\u00b0C waschen, nicht im Trockner trocknen, bei niedriger Hitze b\u00fcgeln. <\/p>\n","protected":false},"excerpt":{"rendered":"<p>Das Design sorgt f\u00fcr eine bequeme Passform und ist aus luxuri\u00f6ser Kunstseide gefertigt. Sie werden nichts lieber tun, als sich in unseren schwarzen Herren-Boxershorts mit Marmorprint zu entspannen.<\/p>\n","protected":false},"featured_media":58064,"comment_status":"open","ping_status":"closed","template":"","meta":[],"product_brand":[],"product_cat":[492,565],"product_tag":[],"class_list":{"0":"post-58115","1":"product","2":"type-product","3":"status-publish","4":"has-post-thumbnail","6":"product_cat-herren-boxershorts","7":"product_cat-pyjamas","8":"product_shipping_class-small-de","9":"pa_color-rot","10":"pa_fabric-content-viscose-de","11":"pa_size-2xl-de","12":"pa_size-3xl-de","13":"pa_size-4xl-de","14":"pa_size-5xl-de","15":"pa_size-l-de","16":"pa_size-m-de","17":"pa_size-s-de","18":"pa_size-xl-de","19":"pa_size-xs-de","21":"first","22":"instock","23":"taxable","24":"shipping-taxable","25":"purchasable","26":"product-type-variable"},"_links":{"self":[{"href":"https:\/\/baturina-homewear.com\/de\/wp-json\/wp\/v2\/product\/58115","targetHints":{"allow":["GET"]}}],"collection":[{"href":"https:\/\/baturina-homewear.com\/de\/wp-json\/wp\/v2\/product"}],"about":[{"href":"https:\/\/baturina-homewear.com\/de\/wp-json\/wp\/v2\/types\/product"}],"replies":[{"embeddable":true,"href":"https:\/\/baturina-homewear.com\/de\/wp-json\/wp\/v2\/comments?post=58115"}],"version-history":[{"count":3,"href":"https:\/\/baturina-homewear.com\/de\/wp-json\/wp\/v2\/product\/58115\/revisions"}],"predecessor-version":[{"id":73384,"href":"https:\/\/baturina-homewear.com\/de\/wp-json\/wp\/v2\/product\/58115\/revisions\/73384"}],"wp:featuredmedia":[{"embeddable":true,"href":"https:\/\/baturina-homewear.com\/de\/wp-json\/wp\/v2\/media\/58064"}],"wp:attachment":[{"href":"https:\/\/baturina-homewear.com\/de\/wp-json\/wp\/v2\/media?parent=58115"}],"wp:term":[{"taxonomy":"product_brand","embeddable":true,"href":"https:\/\/baturina-homewear.com\/de\/wp-json\/wp\/v2\/product_brand?post=58115"},{"taxonomy":"product_cat","embeddable":true,"href":"https:\/\/baturina-homewear.com\/de\/wp-json\/wp\/v2\/product_cat?post=58115"},{"taxonomy":"product_tag","embeddable":true,"href":"https:\/\/baturina-homewear.com\/de\/wp-json\/wp\/v2\/product_tag?post=58115"}],"curies":[{"name":"wp","href":"https:\/\/api.w.org\/{rel}","templated":true}]}}