{"id":58623,"date":"2024-07-10T11:04:11","date_gmt":"2024-07-10T09:04:11","guid":{"rendered":"https:\/\/baturina-homewear.com\/product\/herren-hausmantel-golden-braun-rosa-barock-brokat\/"},"modified":"2025-08-20T09:17:48","modified_gmt":"2025-08-20T07:17:48","slug":"herren-hausmantel-golden-braun-rosa-barock-brokat","status":"publish","type":"product","link":"https:\/\/baturina-homewear.com\/de\/produkt\/herren-hausmantel-golden-braun-rosa-barock-brokat\/","title":{"rendered":"Herren Hausmantel Golden Brown Pink Baroque Brocade"},"content":{"rendered":"<p>Das florale Muster und die gewebte Textur dieses Morgenmantels im antiken Stil sind der Inbegriff von Luxus und zeitloser Eleganz. Das Farbschema besteht aus dunklem Braun und einem leuchtenden, satten Rosa. Das Design ist mit einem handgen\u00e4hten Satin Besatz mit schwarzen Paspeln versehen. Es ist vollst\u00e4ndig in Satin gef\u00fcttert. Einfach mit dem langen G\u00fcrtel befestigen. Wenn Sie einen mitteldicken Morgenmantel suchen, der weder zu leicht noch zu schwer ist, ist dieser Morgenmantel die richtige Wahl f\u00fcr ganzj\u00e4hrigen Komfort und Stil. Das reichhaltige, seiden\u00e4hnliche Futter und die Verzierungen aus Satin f\u00fchlen sich leicht k\u00fchlend an, w\u00e4hrend das exquisite Jacquard-Webmuster sehr raffiniert ist und ihm ein wenig W\u00e4rme verleiht.<\/p>\n<ul>\n<li>Schalkragen<\/li>\n<li>Brusttasche<\/li>\n<li>zwei tiefe Seitentaschen<\/li>\n<li>verstellbare Umschlagmanschetten<\/li>\n<li>bequeme, lockere Passform<\/li>\n<li>diskrete Aufh\u00e4ngeschlaufe auf der R\u00fcckseite<\/li>\n<li>langer G\u00fcrtel<\/li>\n<\/ul>\n<p>Material und Pflege: 60% Baumwolle, 40% Polyester. Separat in der Maschine bei 30\u00b0C waschen, nicht im Trockner trocknen, bei niedriger Hitze b\u00fcgeln. <\/p>\n","protected":false},"excerpt":{"rendered":"<p>Das florale Muster und die gewebte Textur dieses Morgenmantels im antiken Stil sind der Inbegriff von Luxus und zeitloser Eleganz. Das Farbschema besteht aus dunklem Braun und einem leuchtenden, satten Rosa.<\/p>\n","protected":false},"featured_media":58501,"comment_status":"open","ping_status":"closed","template":"","meta":[],"product_brand":[],"product_cat":[899,463,491],"product_tag":[464,768],"class_list":{"0":"post-58623","1":"product","2":"type-product","3":"status-publish","4":"has-post-thumbnail","6":"product_cat-limited-edition-de","7":"product_cat-herren-hausmantel","8":"product_cat-morgenmaentel","9":"product_tag-custom-size-de","10":"product_tag-monogram-de","11":"product_shipping_class-auf-bestellung","12":"pa_color-swatch-rosa","13":"pa_fabric-content-polyester-viscose-mix-de","14":"pa_fabric-weave-type-brokat","15":"pa_fabric-weight-lightweight-de","16":"pa_pattern-blumen","17":"pa_product-type-limited-edition-de","18":"pa_size-2xl-de","19":"pa_size-3xl-de","20":"pa_size-4xl-de","21":"pa_size-5xl-de","22":"pa_size-l-de","23":"pa_size-m-de","24":"pa_size-massanfertigung","25":"pa_size-s-de","26":"pa_size-xl-de","27":"pa_size-xs-de","29":"first","30":"instock","31":"taxable","32":"shipping-taxable","33":"purchasable","34":"product-type-simple"},"_links":{"self":[{"href":"https:\/\/baturina-homewear.com\/de\/wp-json\/wp\/v2\/product\/58623","targetHints":{"allow":["GET"]}}],"collection":[{"href":"https:\/\/baturina-homewear.com\/de\/wp-json\/wp\/v2\/product"}],"about":[{"href":"https:\/\/baturina-homewear.com\/de\/wp-json\/wp\/v2\/types\/product"}],"replies":[{"embeddable":true,"href":"https:\/\/baturina-homewear.com\/de\/wp-json\/wp\/v2\/comments?post=58623"}],"version-history":[{"count":6,"href":"https:\/\/baturina-homewear.com\/de\/wp-json\/wp\/v2\/product\/58623\/revisions"}],"predecessor-version":[{"id":74991,"href":"https:\/\/baturina-homewear.com\/de\/wp-json\/wp\/v2\/product\/58623\/revisions\/74991"}],"wp:featuredmedia":[{"embeddable":true,"href":"https:\/\/baturina-homewear.com\/de\/wp-json\/wp\/v2\/media\/58501"}],"wp:attachment":[{"href":"https:\/\/baturina-homewear.com\/de\/wp-json\/wp\/v2\/media?parent=58623"}],"wp:term":[{"taxonomy":"product_brand","embeddable":true,"href":"https:\/\/baturina-homewear.com\/de\/wp-json\/wp\/v2\/product_brand?post=58623"},{"taxonomy":"product_cat","embeddable":true,"href":"https:\/\/baturina-homewear.com\/de\/wp-json\/wp\/v2\/product_cat?post=58623"},{"taxonomy":"product_tag","embeddable":true,"href":"https:\/\/baturina-homewear.com\/de\/wp-json\/wp\/v2\/product_tag?post=58623"}],"curies":[{"name":"wp","href":"https:\/\/api.w.org\/{rel}","templated":true}]}}