{"id":58975,"date":"2024-07-11T19:14:04","date_gmt":"2024-07-11T17:14:04","guid":{"rendered":"https:\/\/baturina-homewear.com\/product\/herren-hausjacke-weinrot-medaillon-jacquard-dunkelblau\/"},"modified":"2025-11-08T14:04:21","modified_gmt":"2025-11-08T13:04:21","slug":"herren-hausjacke-weinrot-medaillon-jacquard-dunkelblau","status":"publish","type":"product","link":"https:\/\/baturina-homewear.com\/de\/produkt\/herren-hausjacke-weinrot-medaillon-jacquard-dunkelblau\/","title":{"rendered":"Herren Hausjacke Weinrot Medaillon Jacquard Dunkelblau"},"content":{"rendered":"<p>Unser leichter Morgenmantel im Stil einer Hausjacke ist aus einem atemberaubenden Jacquard mit Medaillonmuster und reichhaltig gef\u00e4rbtem Satin in Weinrot, Dunkelblau und Gold gefertigt. Dieser luxuri\u00f6se Morgenmantel verf\u00fcgt \u00fcber einen fein gesteppten, handgen\u00e4hten Satin Besatz, der elegant mit Paspeln verziert ist. Die weiche Webstruktur und das gef\u00fctterte Futter aus Satin sorgen f\u00fcr ein angenehmes Gef\u00fchl auf der Haut. Mit dem langen G\u00fcrtel mit Quasten l\u00e4sst er sich m\u00fchelos befestigen. Dieser gesteppte Hausmantel mit Medaillons ist das ganze Jahr \u00fcber bequem und unterstreicht Ihren Lebensstil, ob Sie sich nun zu Hause entspannen oder G\u00e4ste empfangen, mit einem Hauch von Raffinesse und seidiger Eleganz.<\/p>\n<ul>\n<li>Schalkragen<\/li>\n<li>Brusttasche<\/li>\n<li>zwei tiefe Seitentaschen<\/li>\n<li>verstellbare Umschlagmanschetten<\/li>\n<li>bequeme, lockere Passform<\/li>\n<li>diskrete Aufh\u00e4ngeschlaufe auf der R\u00fcckseite<\/li>\n<li>langer G\u00fcrtel<\/li>\n<li>Material und Pflege: 60% Polyester, 40% Viskose. Maschinenw\u00e4sche bei 30\u00b0C, nicht im Trockner trocknen, bei niedriger Hitze b\u00fcgeln. <\/li>\n<\/ul>\n","protected":false},"excerpt":{"rendered":"<p>Dieser Morgenmantel mit gesteppten Medaillons im Stil einer Hausjacke ist das ganze Jahr \u00fcber bequem und verleiht Ihrem Lebensstil einen Hauch von Raffinesse und seidiger Eleganz, ganz gleich, ob Sie sich zu Hause entspannen oder G\u00e4ste empfangen. Hergestellt in Deutschland.<\/p>\n","protected":false},"featured_media":58957,"comment_status":"open","ping_status":"closed","template":"","meta":[],"product_brand":[],"product_cat":[491,496],"product_tag":[464,768],"class_list":{"0":"post-58975","1":"product","2":"type-product","3":"status-publish","4":"has-post-thumbnail","6":"product_cat-morgenmaentel","7":"product_cat-herren-hausjacken","8":"product_tag-custom-size-de","9":"product_tag-monogram-de","10":"product_shipping_class-auf-bestellung","11":"pa_color-rot","12":"pa_fabric-content-polyester-viscose-mix-de","13":"pa_fabric-weave-type-jacquard-de","14":"pa_fabric-weight-lightweight-de","15":"pa_pattern-abstrakt","16":"pa_size-2xl-de","17":"pa_size-3xl-de","18":"pa_size-4xl-de","19":"pa_size-5xl-de","20":"pa_size-l-de","21":"pa_size-m-de","22":"pa_size-massanfertigung","23":"pa_size-s-de","24":"pa_size-xl-de","25":"pa_size-xs-de","27":"first","28":"instock","29":"taxable","30":"shipping-taxable","31":"purchasable","32":"product-type-simple"},"_links":{"self":[{"href":"https:\/\/baturina-homewear.com\/de\/wp-json\/wp\/v2\/product\/58975","targetHints":{"allow":["GET"]}}],"collection":[{"href":"https:\/\/baturina-homewear.com\/de\/wp-json\/wp\/v2\/product"}],"about":[{"href":"https:\/\/baturina-homewear.com\/de\/wp-json\/wp\/v2\/types\/product"}],"replies":[{"embeddable":true,"href":"https:\/\/baturina-homewear.com\/de\/wp-json\/wp\/v2\/comments?post=58975"}],"version-history":[{"count":5,"href":"https:\/\/baturina-homewear.com\/de\/wp-json\/wp\/v2\/product\/58975\/revisions"}],"predecessor-version":[{"id":73319,"href":"https:\/\/baturina-homewear.com\/de\/wp-json\/wp\/v2\/product\/58975\/revisions\/73319"}],"wp:featuredmedia":[{"embeddable":true,"href":"https:\/\/baturina-homewear.com\/de\/wp-json\/wp\/v2\/media\/58957"}],"wp:attachment":[{"href":"https:\/\/baturina-homewear.com\/de\/wp-json\/wp\/v2\/media?parent=58975"}],"wp:term":[{"taxonomy":"product_brand","embeddable":true,"href":"https:\/\/baturina-homewear.com\/de\/wp-json\/wp\/v2\/product_brand?post=58975"},{"taxonomy":"product_cat","embeddable":true,"href":"https:\/\/baturina-homewear.com\/de\/wp-json\/wp\/v2\/product_cat?post=58975"},{"taxonomy":"product_tag","embeddable":true,"href":"https:\/\/baturina-homewear.com\/de\/wp-json\/wp\/v2\/product_tag?post=58975"}],"curies":[{"name":"wp","href":"https:\/\/api.w.org\/{rel}","templated":true}]}}