{"id":59445,"date":"2024-07-15T17:45:39","date_gmt":"2024-07-15T15:45:39","guid":{"rendered":"https:\/\/baturina-homewear.com\/product\/herren-hausjacke-gray-floral-jacquard-schwarz\/"},"modified":"2025-07-23T15:16:51","modified_gmt":"2025-07-23T13:16:51","slug":"herren-hausjacke-gray-floral-jacquard-schwarz","status":"publish","type":"product","link":"https:\/\/baturina-homewear.com\/de\/produkt\/herren-hausjacke-gray-floral-jacquard-schwarz\/","title":{"rendered":"Herren Hausjacke Gray Floral Jacquard Schwarz"},"content":{"rendered":"<p>Das florale Muster und die gewebte Textur dieses Morgenmantels im Vintage-Stil sind der Inbegriff von Luxus und zeitloser Eleganz. Das Design in den eleganten Farben Anthrazitgrau und Schwarz wird durch einen weichen Baumwollsamt mit goldenen Paspeln erg\u00e4nzt und ist vollst\u00e4ndig mit schwarzer Baumwolle gef\u00fcttert. Der lange G\u00fcrtel sorgt f\u00fcr einen perfekten Sitz. Dieser Morgenmantel ist das ganze Jahr \u00fcber tragbar und bietet ein ausgewogenes Verh\u00e4ltnis zwischen Leichtigkeit und Schwere, Komfort und Stil. Das gef\u00fctterte Baumwollfutter und der weiche Saum sorgen f\u00fcr zus\u00e4tzliche W\u00e4rme, w\u00e4hrend das exquisite Jacquard-Webmuster Raffinesse ausstrahlt.    <\/p>\n<p>Schalkragen<br \/>\nBrusttasche<br \/>\nzwei tiefe Seitentaschen<br \/>\nverstellbare Umschlagb\u00fcndchen<br \/>\nbequeme, lockere Passform<br \/>\ndiskrete Aufh\u00e4ngeschlaufe am R\u00fccken<br \/>\nlanger G\u00fcrtel<\/p>\n<p>Material und Pflege: 60% Baumwolle, 40% Polyester. Separate Maschinenw\u00e4sche bei 30\u00b0C, nicht im Trockner trocknen, B\u00fcgeln bei niedriger Hitze. <\/p>\n","protected":false},"excerpt":{"rendered":"<p>Das gef\u00fctterte Baumwollfutter und der weiche Saum sorgen f\u00fcr zus\u00e4tzliche W\u00e4rme, w\u00e4hrend das exquisite Jacquard-Webmuster Raffinesse ausstrahlt.<\/p>\n","protected":false},"featured_media":59409,"comment_status":"open","ping_status":"closed","template":"","meta":[],"product_brand":[],"product_cat":[496,491,899],"product_tag":[464,768],"class_list":{"0":"post-59445","1":"product","2":"type-product","3":"status-publish","4":"has-post-thumbnail","6":"product_cat-herren-hausjacken","7":"product_cat-morgenmaentel","8":"product_cat-limited-edition-de","9":"product_tag-custom-size-de","10":"product_tag-monogram-de","11":"product_shipping_class-auf-bestellung","12":"pa_color-black-de","13":"pa_color-swatch-schwarz","14":"pa_fabric-content-cotton-de","15":"pa_fabric-content-polyester-viscose-mix-de","16":"pa_product-type-limited-edition-de","17":"pa_size-2xl-de","18":"pa_size-3xl-de","19":"pa_size-4xl-de","20":"pa_size-5xl-de","21":"pa_size-l-de","22":"pa_size-m-de","23":"pa_size-massanfertigung","24":"pa_size-s-de","25":"pa_size-xl-de","26":"pa_size-xs-de","28":"first","29":"instock","30":"taxable","31":"shipping-taxable","32":"purchasable","33":"product-type-simple"},"_links":{"self":[{"href":"https:\/\/baturina-homewear.com\/de\/wp-json\/wp\/v2\/product\/59445","targetHints":{"allow":["GET"]}}],"collection":[{"href":"https:\/\/baturina-homewear.com\/de\/wp-json\/wp\/v2\/product"}],"about":[{"href":"https:\/\/baturina-homewear.com\/de\/wp-json\/wp\/v2\/types\/product"}],"replies":[{"embeddable":true,"href":"https:\/\/baturina-homewear.com\/de\/wp-json\/wp\/v2\/comments?post=59445"}],"version-history":[{"count":4,"href":"https:\/\/baturina-homewear.com\/de\/wp-json\/wp\/v2\/product\/59445\/revisions"}],"predecessor-version":[{"id":73202,"href":"https:\/\/baturina-homewear.com\/de\/wp-json\/wp\/v2\/product\/59445\/revisions\/73202"}],"wp:featuredmedia":[{"embeddable":true,"href":"https:\/\/baturina-homewear.com\/de\/wp-json\/wp\/v2\/media\/59409"}],"wp:attachment":[{"href":"https:\/\/baturina-homewear.com\/de\/wp-json\/wp\/v2\/media?parent=59445"}],"wp:term":[{"taxonomy":"product_brand","embeddable":true,"href":"https:\/\/baturina-homewear.com\/de\/wp-json\/wp\/v2\/product_brand?post=59445"},{"taxonomy":"product_cat","embeddable":true,"href":"https:\/\/baturina-homewear.com\/de\/wp-json\/wp\/v2\/product_cat?post=59445"},{"taxonomy":"product_tag","embeddable":true,"href":"https:\/\/baturina-homewear.com\/de\/wp-json\/wp\/v2\/product_tag?post=59445"}],"curies":[{"name":"wp","href":"https:\/\/api.w.org\/{rel}","templated":true}]}}