{"id":59982,"date":"2024-08-07T15:54:20","date_gmt":"2024-08-07T13:54:20","guid":{"rendered":"https:\/\/baturina-homewear.com\/product\/herren-hausmantel-gruen-lila-floral-gesteppt\/"},"modified":"2025-09-25T17:28:33","modified_gmt":"2025-09-25T15:28:33","slug":"herren-hausmantel-gruen-lila-floral-gesteppt","status":"publish","type":"product","link":"https:\/\/baturina-homewear.com\/de\/produkt\/herren-hausmantel-gruen-lila-floral-gesteppt\/","title":{"rendered":"Herren Hausmantel Gr\u00fcn Lila Floral Gesteppt"},"content":{"rendered":"<p>Dieser Morgenmantel im Vintage-Stil verk\u00f6rpert Luxus und zeitlose Eleganz und besticht durch sein exquisites barockes Blumenmuster. Das auff\u00e4llige Farbschema aus Gr\u00fcn, Taupe und sattem Violett wird durch einen sorgf\u00e4ltig von Hand gesteppten Satin Besatz, der mit goldenen Paspeln verziert und vollst\u00e4ndig in Satin gef\u00fcttert ist, noch verst\u00e4rkt. Der lange G\u00fcrtel sorgt f\u00fcr einen perfekten Sitz. Dieser mittelschwere Morgenmantel ist ideal f\u00fcr das ganze Jahr und bietet ein perfektes Gleichgewicht zwischen Leichtigkeit und Schwere, unvergleichlichen Komfort und Stil. Tragen Sie dazu die passende Smoking Cap und einen seidigen Pyjama, um den Look zu vervollst\u00e4ndigen.<\/p>\n<ul>\n<li>Schalkragen<\/li>\n<li>Brusttasche<\/li>\n<li>zwei tiefe Seitentaschen<\/li>\n<li>verstellbare Umschlagmanschetten<\/li>\n<li>bequeme, lockere Passform<\/li>\n<li>diskrete Aufh\u00e4ngeschlaufe auf der R\u00fcckseite<\/li>\n<li>langer G\u00fcrtel<\/li>\n<\/ul>\n<p>Material und Pflege: 60% Baumwolle, 40% Polyester. Separat in der Maschine bei 30\u00b0C waschen, nicht im Trockner trocknen, bei niedriger Hitze b\u00fcgeln. <\/p>\n","protected":false},"excerpt":{"rendered":"<p>Dieser Morgenmantel im Vintage-Stil verk\u00f6rpert Luxus und zeitlose Eleganz und besticht durch sein exquisites barockes Blumenmuster. Tragen Sie dazu die passende Smoking Cap und einen seidigen Pyjama, um den Look zu vervollst\u00e4ndigen.<\/p>\n","protected":false},"featured_media":59970,"comment_status":"open","ping_status":"closed","template":"","meta":[],"product_brand":[],"product_cat":[899,463,491],"product_tag":[464,768],"class_list":{"0":"post-59982","1":"product","2":"type-product","3":"status-publish","4":"has-post-thumbnail","6":"product_cat-limited-edition-de","7":"product_cat-herren-hausmantel","8":"product_cat-morgenmaentel","9":"product_tag-custom-size-de","10":"product_tag-monogram-de","11":"product_shipping_class-auf-bestellung","12":"pa_color-green-de","13":"pa_fabric-content-cotton-de","14":"pa_fabric-weave-type-jacquard-de","15":"pa_fabric-weight-regular-de","16":"pa_pattern-blumen","17":"pa_product-type-limited-edition-de","18":"pa_size-2xl-de","19":"pa_size-3xl-de","20":"pa_size-4xl-de","21":"pa_size-5xl-de","22":"pa_size-l-de","23":"pa_size-m-de","24":"pa_size-massanfertigung","25":"pa_size-s-de","26":"pa_size-xl-de","27":"pa_size-xs-de","29":"first","30":"instock","31":"taxable","32":"shipping-taxable","33":"purchasable","34":"product-type-simple"},"_links":{"self":[{"href":"https:\/\/baturina-homewear.com\/de\/wp-json\/wp\/v2\/product\/59982","targetHints":{"allow":["GET"]}}],"collection":[{"href":"https:\/\/baturina-homewear.com\/de\/wp-json\/wp\/v2\/product"}],"about":[{"href":"https:\/\/baturina-homewear.com\/de\/wp-json\/wp\/v2\/types\/product"}],"replies":[{"embeddable":true,"href":"https:\/\/baturina-homewear.com\/de\/wp-json\/wp\/v2\/comments?post=59982"}],"version-history":[{"count":6,"href":"https:\/\/baturina-homewear.com\/de\/wp-json\/wp\/v2\/product\/59982\/revisions"}],"predecessor-version":[{"id":74164,"href":"https:\/\/baturina-homewear.com\/de\/wp-json\/wp\/v2\/product\/59982\/revisions\/74164"}],"wp:featuredmedia":[{"embeddable":true,"href":"https:\/\/baturina-homewear.com\/de\/wp-json\/wp\/v2\/media\/59970"}],"wp:attachment":[{"href":"https:\/\/baturina-homewear.com\/de\/wp-json\/wp\/v2\/media?parent=59982"}],"wp:term":[{"taxonomy":"product_brand","embeddable":true,"href":"https:\/\/baturina-homewear.com\/de\/wp-json\/wp\/v2\/product_brand?post=59982"},{"taxonomy":"product_cat","embeddable":true,"href":"https:\/\/baturina-homewear.com\/de\/wp-json\/wp\/v2\/product_cat?post=59982"},{"taxonomy":"product_tag","embeddable":true,"href":"https:\/\/baturina-homewear.com\/de\/wp-json\/wp\/v2\/product_tag?post=59982"}],"curies":[{"name":"wp","href":"https:\/\/api.w.org\/{rel}","templated":true}]}}